{"id":33970,"date":"2025-01-15T12:55:30","date_gmt":"2025-01-15T11:55:30","guid":{"rendered":"https:\/\/rosariumlottum.com\/?post_type=product&#038;p=33970"},"modified":"2025-01-15T13:18:39","modified_gmt":"2025-01-15T12:18:39","slug":"the-mill-on-the-floss-austulliver","status":"publish","type":"product","link":"https:\/\/rosariumlottum.com\/de\/produkt\/the-mill-on-the-floss-austulliver\/","title":{"rendered":"The Mill on the Floss\u00ae (Austulliver)"},"content":{"rendered":"<p>[vc_row][vc_column][vc_column_text]Die perfekt geformten Bl\u00fcten von The Mill on The Floss\u00ae sind von reinem Blassrosa, das an den \u00e4u\u00dferen Bl\u00fctenbl\u00e4ttern verblasst. Diese englische Rose hat einen starken, warmen Myrrheduft und bildet einen attraktiven, ziemlich breiten Strauch mit leicht gebogenen Stielen. Die Bl\u00e4tter sind anfangs rot gef\u00e4rbt und f\u00e4rben sich sp\u00e4ter gr\u00fcn. Eine wundersch\u00f6ne Rose aus der David Austin\u00ae-Kollektion.[\/vc_column_text][\/vc_column][\/vc_row]<\/p>\n","protected":false},"excerpt":{"rendered":"<p>[vc_row][vc_column][vc_column_text]Die perfekt geformten Bl\u00fcten von The Mill on The Floss\u00ae sind von reinem Blassrosa, das an den \u00e4u\u00dferen Bl\u00fctenbl\u00e4ttern verblasst. [&hellip;]<\/p>\n","protected":false},"featured_media":33744,"comment_status":"closed","ping_status":"closed","template":"","meta":{"_acf_changed":false},"product_brand":[],"product_cat":[624,656],"product_tag":[],"class_list":{"0":"post-33970","1":"product","2":"type-product","3":"status-publish","4":"has-post-thumbnail","6":"product_cat-duft-rosen","7":"product_cat-englische-david-austin-rosen","9":"first","10":"instock","11":"taxable","12":"shipping-taxable","13":"product-type-grouped"},"acf":[],"yoast_head":"<!-- This site is optimized with the Yoast SEO plugin v27.4 - https:\/\/yoast.com\/product\/yoast-seo-wordpress\/ -->\n<title>The Mill on the Floss\u00ae (Austulliver) | Rosarium Lottum<\/title>\n<meta name=\"description\" content=\"Die perfekt geformten Bl\u00fcten von The Mill on The Floss\u00ae sind von reinem Blassrosa, das an den \u00e4u\u00dferen Bl\u00fctenbl\u00e4ttern verblasst. Diese englische Rose hat einen starken, warmen Myrrheduft und bildet einen attraktiven, ziemlich breiten Strauch mit leicht gebogenen Stielen. Die Bl\u00e4tter sind anfangs rot gef\u00e4rbt und f\u00e4rben sich sp\u00e4ter gr\u00fcn. Eine wundersch\u00f6ne Rose aus der David Austin\u00ae-Kollektion.\" \/>\n<meta name=\"robots\" content=\"index, follow, max-snippet:-1, max-image-preview:large, max-video-preview:-1\" \/>\n<link rel=\"canonical\" href=\"https:\/\/rosariumlottum.com\/de\/produkt\/the-mill-on-the-floss-austulliver\/\" \/>\n<meta property=\"og:locale\" content=\"de_DE\" \/>\n<meta property=\"og:type\" content=\"article\" \/>\n<meta property=\"og:title\" content=\"The Mill on the Floss\u00ae (Austulliver) | Rosarium Lottum\" \/>\n<meta property=\"og:description\" content=\"Die perfekt geformten Bl\u00fcten von The Mill on The Floss\u00ae sind von reinem Blassrosa, das an den \u00e4u\u00dferen Bl\u00fctenbl\u00e4ttern verblasst. Diese englische Rose hat einen starken, warmen Myrrheduft und bildet einen attraktiven, ziemlich breiten Strauch mit leicht gebogenen Stielen. Die Bl\u00e4tter sind anfangs rot gef\u00e4rbt und f\u00e4rben sich sp\u00e4ter gr\u00fcn. Eine wundersch\u00f6ne Rose aus der David Austin\u00ae-Kollektion.\" \/>\n<meta property=\"og:url\" content=\"https:\/\/rosariumlottum.com\/de\/produkt\/the-mill-on-the-floss-austulliver\/\" \/>\n<meta property=\"og:site_name\" content=\"Rosarium Lottum\" \/>\n<meta property=\"article:modified_time\" content=\"2025-01-15T12:18:39+00:00\" \/>\n<meta property=\"og:image\" content=\"https:\/\/rosariumlottum.com\/wp-content\/uploads\/2025\/01\/The-Mill-on-the-Floss-1_CMYK_2019_handbook-scaled.jpg\" \/>\n\t<meta property=\"og:image:width\" content=\"2560\" \/>\n\t<meta property=\"og:image:height\" content=\"1709\" \/>\n\t<meta property=\"og:image:type\" content=\"image\/jpeg\" \/>\n<meta name=\"twitter:card\" content=\"summary_large_image\" \/>\n<script type=\"application\/ld+json\" class=\"yoast-schema-graph\">{\"@context\":\"https:\\\/\\\/schema.org\",\"@graph\":[{\"@type\":[\"WebPage\",\"ItemPage\"],\"@id\":\"https:\\\/\\\/rosariumlottum.com\\\/de\\\/produkt\\\/the-mill-on-the-floss-austulliver\\\/\",\"url\":\"https:\\\/\\\/rosariumlottum.com\\\/de\\\/produkt\\\/the-mill-on-the-floss-austulliver\\\/\",\"name\":\"The Mill on the Floss\u00ae (Austulliver) | Rosarium Lottum\",\"isPartOf\":{\"@id\":\"https:\\\/\\\/rosariumlottum.com\\\/de\\\/#website\"},\"primaryImageOfPage\":{\"@id\":\"https:\\\/\\\/rosariumlottum.com\\\/de\\\/produkt\\\/the-mill-on-the-floss-austulliver\\\/#primaryimage\"},\"image\":{\"@id\":\"https:\\\/\\\/rosariumlottum.com\\\/de\\\/produkt\\\/the-mill-on-the-floss-austulliver\\\/#primaryimage\"},\"thumbnailUrl\":\"https:\\\/\\\/rosariumlottum.com\\\/wp-content\\\/uploads\\\/2025\\\/01\\\/The-Mill-on-the-Floss-1_CMYK_2019_handbook-scaled.jpg\",\"datePublished\":\"2025-01-15T11:55:30+00:00\",\"dateModified\":\"2025-01-15T12:18:39+00:00\",\"description\":\"Die perfekt geformten Bl\u00fcten von The Mill on The Floss\u00ae sind von reinem Blassrosa, das an den \u00e4u\u00dferen Bl\u00fctenbl\u00e4ttern verblasst. Diese englische Rose hat einen starken, warmen Myrrheduft und bildet einen attraktiven, ziemlich breiten Strauch mit leicht gebogenen Stielen. Die Bl\u00e4tter sind anfangs rot gef\u00e4rbt und f\u00e4rben sich sp\u00e4ter gr\u00fcn. Eine wundersch\u00f6ne Rose aus der David Austin\u00ae-Kollektion.\",\"breadcrumb\":{\"@id\":\"https:\\\/\\\/rosariumlottum.com\\\/de\\\/produkt\\\/the-mill-on-the-floss-austulliver\\\/#breadcrumb\"},\"inLanguage\":\"de\",\"potentialAction\":[{\"@type\":\"ReadAction\",\"target\":[\"https:\\\/\\\/rosariumlottum.com\\\/de\\\/produkt\\\/the-mill-on-the-floss-austulliver\\\/\"]}]},{\"@type\":\"ImageObject\",\"inLanguage\":\"de\",\"@id\":\"https:\\\/\\\/rosariumlottum.com\\\/de\\\/produkt\\\/the-mill-on-the-floss-austulliver\\\/#primaryimage\",\"url\":\"https:\\\/\\\/rosariumlottum.com\\\/wp-content\\\/uploads\\\/2025\\\/01\\\/The-Mill-on-the-Floss-1_CMYK_2019_handbook-scaled.jpg\",\"contentUrl\":\"https:\\\/\\\/rosariumlottum.com\\\/wp-content\\\/uploads\\\/2025\\\/01\\\/The-Mill-on-the-Floss-1_CMYK_2019_handbook-scaled.jpg\",\"width\":2560,\"height\":1709,\"caption\":\"The perfectly formed, shallow cups are pure light pink, paling to soft blush on the outer petals. There is a strong, warm myrrh fragrance. It forms an attractive, quite broad shrub, with slightly arching stems. The leaves are tinged red at first, later turning green. Hermione is the faithful wife of Leontes, the King of Sicila, in Shakespeare\u2019s The Winter\u2019s Tale. David Austin, 2005.\"},{\"@type\":\"BreadcrumbList\",\"@id\":\"https:\\\/\\\/rosariumlottum.com\\\/de\\\/produkt\\\/the-mill-on-the-floss-austulliver\\\/#breadcrumb\",\"itemListElement\":[{\"@type\":\"ListItem\",\"position\":1,\"name\":\"Home\",\"item\":\"https:\\\/\\\/rosariumlottum.com\\\/de\\\/\"},{\"@type\":\"ListItem\",\"position\":2,\"name\":\"Webshop\",\"item\":\"https:\\\/\\\/rosariumlottum.com\\\/de\\\/webshop\\\/\"},{\"@type\":\"ListItem\",\"position\":3,\"name\":\"The Mill on the Floss\u00ae (Austulliver)\"}]},{\"@type\":\"WebSite\",\"@id\":\"https:\\\/\\\/rosariumlottum.com\\\/de\\\/#website\",\"url\":\"https:\\\/\\\/rosariumlottum.com\\\/de\\\/\",\"name\":\"Rosarium Lottum\",\"description\":\"Rosarium Luxury Roses\",\"publisher\":{\"@id\":\"https:\\\/\\\/rosariumlottum.com\\\/de\\\/#organization\"},\"potentialAction\":[{\"@type\":\"SearchAction\",\"target\":{\"@type\":\"EntryPoint\",\"urlTemplate\":\"https:\\\/\\\/rosariumlottum.com\\\/de\\\/?s={search_term_string}\"},\"query-input\":{\"@type\":\"PropertyValueSpecification\",\"valueRequired\":true,\"valueName\":\"search_term_string\"}}],\"inLanguage\":\"de\"},{\"@type\":\"Organization\",\"@id\":\"https:\\\/\\\/rosariumlottum.com\\\/de\\\/#organization\",\"name\":\"Rosarium Lottum\",\"url\":\"https:\\\/\\\/rosariumlottum.com\\\/de\\\/\",\"logo\":{\"@type\":\"ImageObject\",\"inLanguage\":\"de\",\"@id\":\"https:\\\/\\\/rosariumlottum.com\\\/de\\\/#\\\/schema\\\/logo\\\/image\\\/\",\"url\":\"https:\\\/\\\/rosariumlottum.com\\\/wp-content\\\/uploads\\\/2021\\\/09\\\/rosairum.png\",\"contentUrl\":\"https:\\\/\\\/rosariumlottum.com\\\/wp-content\\\/uploads\\\/2021\\\/09\\\/rosairum.png\",\"width\":378,\"height\":115,\"caption\":\"Rosarium Lottum\"},\"image\":{\"@id\":\"https:\\\/\\\/rosariumlottum.com\\\/de\\\/#\\\/schema\\\/logo\\\/image\\\/\"}}]}<\/script>\n<!-- \/ Yoast SEO plugin. -->","yoast_head_json":{"title":"The Mill on the Floss\u00ae (Austulliver) | Rosarium Lottum","description":"Die perfekt geformten Bl\u00fcten von The Mill on The Floss\u00ae sind von reinem Blassrosa, das an den \u00e4u\u00dferen Bl\u00fctenbl\u00e4ttern verblasst. Diese englische Rose hat einen starken, warmen Myrrheduft und bildet einen attraktiven, ziemlich breiten Strauch mit leicht gebogenen Stielen. Die Bl\u00e4tter sind anfangs rot gef\u00e4rbt und f\u00e4rben sich sp\u00e4ter gr\u00fcn. Eine wundersch\u00f6ne Rose aus der David Austin\u00ae-Kollektion.","robots":{"index":"index","follow":"follow","max-snippet":"max-snippet:-1","max-image-preview":"max-image-preview:large","max-video-preview":"max-video-preview:-1"},"canonical":"https:\/\/rosariumlottum.com\/de\/produkt\/the-mill-on-the-floss-austulliver\/","og_locale":"de_DE","og_type":"article","og_title":"The Mill on the Floss\u00ae (Austulliver) | Rosarium Lottum","og_description":"Die perfekt geformten Bl\u00fcten von The Mill on The Floss\u00ae sind von reinem Blassrosa, das an den \u00e4u\u00dferen Bl\u00fctenbl\u00e4ttern verblasst. Diese englische Rose hat einen starken, warmen Myrrheduft und bildet einen attraktiven, ziemlich breiten Strauch mit leicht gebogenen Stielen. Die Bl\u00e4tter sind anfangs rot gef\u00e4rbt und f\u00e4rben sich sp\u00e4ter gr\u00fcn. Eine wundersch\u00f6ne Rose aus der David Austin\u00ae-Kollektion.","og_url":"https:\/\/rosariumlottum.com\/de\/produkt\/the-mill-on-the-floss-austulliver\/","og_site_name":"Rosarium Lottum","article_modified_time":"2025-01-15T12:18:39+00:00","og_image":[{"width":2560,"height":1709,"url":"https:\/\/rosariumlottum.com\/wp-content\/uploads\/2025\/01\/The-Mill-on-the-Floss-1_CMYK_2019_handbook-scaled.jpg","type":"image\/jpeg"}],"twitter_card":"summary_large_image","schema":{"@context":"https:\/\/schema.org","@graph":[{"@type":["WebPage","ItemPage"],"@id":"https:\/\/rosariumlottum.com\/de\/produkt\/the-mill-on-the-floss-austulliver\/","url":"https:\/\/rosariumlottum.com\/de\/produkt\/the-mill-on-the-floss-austulliver\/","name":"The Mill on the Floss\u00ae (Austulliver) | Rosarium Lottum","isPartOf":{"@id":"https:\/\/rosariumlottum.com\/de\/#website"},"primaryImageOfPage":{"@id":"https:\/\/rosariumlottum.com\/de\/produkt\/the-mill-on-the-floss-austulliver\/#primaryimage"},"image":{"@id":"https:\/\/rosariumlottum.com\/de\/produkt\/the-mill-on-the-floss-austulliver\/#primaryimage"},"thumbnailUrl":"https:\/\/rosariumlottum.com\/wp-content\/uploads\/2025\/01\/The-Mill-on-the-Floss-1_CMYK_2019_handbook-scaled.jpg","datePublished":"2025-01-15T11:55:30+00:00","dateModified":"2025-01-15T12:18:39+00:00","description":"Die perfekt geformten Bl\u00fcten von The Mill on The Floss\u00ae sind von reinem Blassrosa, das an den \u00e4u\u00dferen Bl\u00fctenbl\u00e4ttern verblasst. Diese englische Rose hat einen starken, warmen Myrrheduft und bildet einen attraktiven, ziemlich breiten Strauch mit leicht gebogenen Stielen. Die Bl\u00e4tter sind anfangs rot gef\u00e4rbt und f\u00e4rben sich sp\u00e4ter gr\u00fcn. Eine wundersch\u00f6ne Rose aus der David Austin\u00ae-Kollektion.","breadcrumb":{"@id":"https:\/\/rosariumlottum.com\/de\/produkt\/the-mill-on-the-floss-austulliver\/#breadcrumb"},"inLanguage":"de","potentialAction":[{"@type":"ReadAction","target":["https:\/\/rosariumlottum.com\/de\/produkt\/the-mill-on-the-floss-austulliver\/"]}]},{"@type":"ImageObject","inLanguage":"de","@id":"https:\/\/rosariumlottum.com\/de\/produkt\/the-mill-on-the-floss-austulliver\/#primaryimage","url":"https:\/\/rosariumlottum.com\/wp-content\/uploads\/2025\/01\/The-Mill-on-the-Floss-1_CMYK_2019_handbook-scaled.jpg","contentUrl":"https:\/\/rosariumlottum.com\/wp-content\/uploads\/2025\/01\/The-Mill-on-the-Floss-1_CMYK_2019_handbook-scaled.jpg","width":2560,"height":1709,"caption":"The perfectly formed, shallow cups are pure light pink, paling to soft blush on the outer petals. There is a strong, warm myrrh fragrance. It forms an attractive, quite broad shrub, with slightly arching stems. The leaves are tinged red at first, later turning green. Hermione is the faithful wife of Leontes, the King of Sicila, in Shakespeare\u2019s The Winter\u2019s Tale. David Austin, 2005."},{"@type":"BreadcrumbList","@id":"https:\/\/rosariumlottum.com\/de\/produkt\/the-mill-on-the-floss-austulliver\/#breadcrumb","itemListElement":[{"@type":"ListItem","position":1,"name":"Home","item":"https:\/\/rosariumlottum.com\/de\/"},{"@type":"ListItem","position":2,"name":"Webshop","item":"https:\/\/rosariumlottum.com\/de\/webshop\/"},{"@type":"ListItem","position":3,"name":"The Mill on the Floss\u00ae (Austulliver)"}]},{"@type":"WebSite","@id":"https:\/\/rosariumlottum.com\/de\/#website","url":"https:\/\/rosariumlottum.com\/de\/","name":"Rosarium Lottum","description":"Rosarium Luxury Roses","publisher":{"@id":"https:\/\/rosariumlottum.com\/de\/#organization"},"potentialAction":[{"@type":"SearchAction","target":{"@type":"EntryPoint","urlTemplate":"https:\/\/rosariumlottum.com\/de\/?s={search_term_string}"},"query-input":{"@type":"PropertyValueSpecification","valueRequired":true,"valueName":"search_term_string"}}],"inLanguage":"de"},{"@type":"Organization","@id":"https:\/\/rosariumlottum.com\/de\/#organization","name":"Rosarium Lottum","url":"https:\/\/rosariumlottum.com\/de\/","logo":{"@type":"ImageObject","inLanguage":"de","@id":"https:\/\/rosariumlottum.com\/de\/#\/schema\/logo\/image\/","url":"https:\/\/rosariumlottum.com\/wp-content\/uploads\/2021\/09\/rosairum.png","contentUrl":"https:\/\/rosariumlottum.com\/wp-content\/uploads\/2021\/09\/rosairum.png","width":378,"height":115,"caption":"Rosarium Lottum"},"image":{"@id":"https:\/\/rosariumlottum.com\/de\/#\/schema\/logo\/image\/"}}]}},"_links":{"self":[{"href":"https:\/\/rosariumlottum.com\/de\/wp-json\/wp\/v2\/product\/33970","targetHints":{"allow":["GET"]}}],"collection":[{"href":"https:\/\/rosariumlottum.com\/de\/wp-json\/wp\/v2\/product"}],"about":[{"href":"https:\/\/rosariumlottum.com\/de\/wp-json\/wp\/v2\/types\/product"}],"replies":[{"embeddable":true,"href":"https:\/\/rosariumlottum.com\/de\/wp-json\/wp\/v2\/comments?post=33970"}],"wp:featuredmedia":[{"embeddable":true,"href":"https:\/\/rosariumlottum.com\/de\/wp-json\/wp\/v2\/media\/33744"}],"wp:attachment":[{"href":"https:\/\/rosariumlottum.com\/de\/wp-json\/wp\/v2\/media?parent=33970"}],"wp:term":[{"taxonomy":"product_brand","embeddable":true,"href":"https:\/\/rosariumlottum.com\/de\/wp-json\/wp\/v2\/product_brand?post=33970"},{"taxonomy":"product_cat","embeddable":true,"href":"https:\/\/rosariumlottum.com\/de\/wp-json\/wp\/v2\/product_cat?post=33970"},{"taxonomy":"product_tag","embeddable":true,"href":"https:\/\/rosariumlottum.com\/de\/wp-json\/wp\/v2\/product_tag?post=33970"}],"curies":[{"name":"wp","href":"https:\/\/api.w.org\/{rel}","templated":true}]}}