{"id":33932,"date":"2025-01-15T08:47:43","date_gmt":"2025-01-15T07:47:43","guid":{"rendered":"https:\/\/rosariumlottum.com\/?post_type=product&#038;p=33932"},"modified":"2025-01-15T09:24:06","modified_gmt":"2025-01-15T08:24:06","slug":"strawberry-hill-ausrimini","status":"publish","type":"product","link":"https:\/\/rosariumlottum.com\/de\/produkt\/strawberry-hill-ausrimini\/","title":{"rendered":"Strawberry Hill\u00ae (Ausrimini)"},"content":{"rendered":"<p>[vc_row][vc_column][vc_column_text]Die englische David Austin\u00ae-Rose Strawberry Hill\u00ae ist in allen Stadien sch\u00f6n. Sie hat kleine B\u00fcschel von mittelrosa, mittelgro\u00dfen, schalenf\u00f6rmigen Rosetten. Sie haben einen starken, k\u00f6stlichen Duft nach Myrrhe und Heidehonig. Die bogenf\u00f6rmigen Zweige sind mit gl\u00e4nzendem, dunklem Laub bedeckt. Sch\u00f6ne, reich und kontinuierlich bl\u00fchende Kletterrose, die auch als Strauchrose verwendet werden kann.[\/vc_column_text][\/vc_column][\/vc_row]<\/p>\n","protected":false},"excerpt":{"rendered":"<p>[vc_row][vc_column][vc_column_text]Die englische David Austin\u00ae-Rose Strawberry Hill\u00ae ist in allen Stadien sch\u00f6n. Sie hat kleine B\u00fcschel von mittelrosa, mittelgro\u00dfen, schalenf\u00f6rmigen Rosetten. [&hellip;]<\/p>\n","protected":false},"featured_media":33375,"comment_status":"closed","ping_status":"closed","template":"","meta":{"_acf_changed":false},"product_brand":[],"product_cat":[656,637,705,624],"product_tag":[],"class_list":{"0":"post-33932","1":"product","2":"type-product","3":"status-publish","4":"has-post-thumbnail","6":"product_cat-englische-david-austin-rosen","7":"product_cat-kletterrosen","8":"product_cat-xxl-kletterrosen-in-topf-gezuechtet","9":"product_cat-duft-rosen","11":"first","12":"instock","13":"taxable","14":"shipping-taxable","15":"product-type-grouped"},"acf":[],"yoast_head":"<!-- This site is optimized with the Yoast SEO plugin v27.0 - https:\/\/yoast.com\/product\/yoast-seo-wordpress\/ -->\n<title>Strawberry Hill\u00ae (Ausrimini) | Rosarium Lottum<\/title>\n<meta name=\"description\" content=\"Die englische David Austin\u00ae-Rose Strawberry Hill\u00ae ist in allen Stadien sch\u00f6n. Sie hat kleine B\u00fcschel von mittelrosa, mittelgro\u00dfen, schalenf\u00f6rmigen Rosetten. Sie haben einen starken, k\u00f6stlichen Duft nach Myrrhe und Heidehonig. Die bogenf\u00f6rmigen Zweige sind mit gl\u00e4nzendem, dunklem Laub bedeckt. Sch\u00f6ne, reich und kontinuierlich bl\u00fchende Kletterrose, die auch als Strauchrose verwendet werden kann.\" \/>\n<meta name=\"robots\" content=\"index, follow, max-snippet:-1, max-image-preview:large, max-video-preview:-1\" \/>\n<link rel=\"canonical\" href=\"https:\/\/rosariumlottum.com\/de\/produkt\/strawberry-hill-ausrimini\/\" \/>\n<meta property=\"og:locale\" content=\"de_DE\" \/>\n<meta property=\"og:type\" content=\"article\" \/>\n<meta property=\"og:title\" content=\"Strawberry Hill\u00ae (Ausrimini) | Rosarium Lottum\" \/>\n<meta property=\"og:description\" content=\"Die englische David Austin\u00ae-Rose Strawberry Hill\u00ae ist in allen Stadien sch\u00f6n. Sie hat kleine B\u00fcschel von mittelrosa, mittelgro\u00dfen, schalenf\u00f6rmigen Rosetten. Sie haben einen starken, k\u00f6stlichen Duft nach Myrrhe und Heidehonig. Die bogenf\u00f6rmigen Zweige sind mit gl\u00e4nzendem, dunklem Laub bedeckt. Sch\u00f6ne, reich und kontinuierlich bl\u00fchende Kletterrose, die auch als Strauchrose verwendet werden kann.\" \/>\n<meta property=\"og:url\" content=\"https:\/\/rosariumlottum.com\/de\/produkt\/strawberry-hill-ausrimini\/\" \/>\n<meta property=\"og:site_name\" content=\"Rosarium Lottum\" \/>\n<meta property=\"article:modified_time\" content=\"2025-01-15T08:24:06+00:00\" \/>\n<meta property=\"og:image\" content=\"https:\/\/rosariumlottum.com\/wp-content\/uploads\/2025\/01\/5_Strawberry-Hill-4-V2-scaled.jpg\" \/>\n\t<meta property=\"og:image:width\" content=\"1714\" \/>\n\t<meta property=\"og:image:height\" content=\"2560\" \/>\n\t<meta property=\"og:image:type\" content=\"image\/jpeg\" \/>\n<meta name=\"twitter:card\" content=\"summary_large_image\" \/>\n<script type=\"application\/ld+json\" class=\"yoast-schema-graph\">{\"@context\":\"https:\/\/schema.org\",\"@graph\":[{\"@type\":[\"WebPage\",\"ItemPage\"],\"@id\":\"https:\/\/rosariumlottum.com\/de\/produkt\/strawberry-hill-ausrimini\/\",\"url\":\"https:\/\/rosariumlottum.com\/de\/produkt\/strawberry-hill-ausrimini\/\",\"name\":\"Strawberry Hill\u00ae (Ausrimini) | Rosarium Lottum\",\"isPartOf\":{\"@id\":\"https:\/\/rosariumlottum.com\/de\/#website\"},\"primaryImageOfPage\":{\"@id\":\"https:\/\/rosariumlottum.com\/de\/produkt\/strawberry-hill-ausrimini\/#primaryimage\"},\"image\":{\"@id\":\"https:\/\/rosariumlottum.com\/de\/produkt\/strawberry-hill-ausrimini\/#primaryimage\"},\"thumbnailUrl\":\"https:\/\/rosariumlottum.com\/wp-content\/uploads\/2025\/01\/5_Strawberry-Hill-4-V2-scaled.jpg\",\"datePublished\":\"2025-01-15T07:47:43+00:00\",\"dateModified\":\"2025-01-15T08:24:06+00:00\",\"description\":\"Die englische David Austin\u00ae-Rose Strawberry Hill\u00ae ist in allen Stadien sch\u00f6n. Sie hat kleine B\u00fcschel von mittelrosa, mittelgro\u00dfen, schalenf\u00f6rmigen Rosetten. Sie haben einen starken, k\u00f6stlichen Duft nach Myrrhe und Heidehonig. Die bogenf\u00f6rmigen Zweige sind mit gl\u00e4nzendem, dunklem Laub bedeckt. Sch\u00f6ne, reich und kontinuierlich bl\u00fchende Kletterrose, die auch als Strauchrose verwendet werden kann.\",\"breadcrumb\":{\"@id\":\"https:\/\/rosariumlottum.com\/de\/produkt\/strawberry-hill-ausrimini\/#breadcrumb\"},\"inLanguage\":\"de\",\"potentialAction\":[{\"@type\":\"ReadAction\",\"target\":[\"https:\/\/rosariumlottum.com\/de\/produkt\/strawberry-hill-ausrimini\/\"]}]},{\"@type\":\"ImageObject\",\"inLanguage\":\"de\",\"@id\":\"https:\/\/rosariumlottum.com\/de\/produkt\/strawberry-hill-ausrimini\/#primaryimage\",\"url\":\"https:\/\/rosariumlottum.com\/wp-content\/uploads\/2025\/01\/5_Strawberry-Hill-4-V2-scaled.jpg\",\"contentUrl\":\"https:\/\/rosariumlottum.com\/wp-content\/uploads\/2025\/01\/5_Strawberry-Hill-4-V2-scaled.jpg\",\"width\":1714,\"height\":2560,\"caption\":\"Beautiful at all stages, bearing small clusters of mid pink, medium-large, cupped rosettes. They have a strong, delicious myrrh and heather honey fragrance. The arching branches are clothed in glossy, dark foliage. Named after the gothic revival house in Twickenham, London, built by Horace Walpole.\"},{\"@type\":\"BreadcrumbList\",\"@id\":\"https:\/\/rosariumlottum.com\/de\/produkt\/strawberry-hill-ausrimini\/#breadcrumb\",\"itemListElement\":[{\"@type\":\"ListItem\",\"position\":1,\"name\":\"Home\",\"item\":\"https:\/\/rosariumlottum.com\/de\/\"},{\"@type\":\"ListItem\",\"position\":2,\"name\":\"Webshop\",\"item\":\"https:\/\/rosariumlottum.com\/de\/webshop\/\"},{\"@type\":\"ListItem\",\"position\":3,\"name\":\"Strawberry Hill\u00ae (Ausrimini)\"}]},{\"@type\":\"WebSite\",\"@id\":\"https:\/\/rosariumlottum.com\/de\/#website\",\"url\":\"https:\/\/rosariumlottum.com\/de\/\",\"name\":\"Rosarium Lottum\",\"description\":\"Rosarium Luxury Roses\",\"publisher\":{\"@id\":\"https:\/\/rosariumlottum.com\/de\/#organization\"},\"potentialAction\":[{\"@type\":\"SearchAction\",\"target\":{\"@type\":\"EntryPoint\",\"urlTemplate\":\"https:\/\/rosariumlottum.com\/de\/?s={search_term_string}\"},\"query-input\":{\"@type\":\"PropertyValueSpecification\",\"valueRequired\":true,\"valueName\":\"search_term_string\"}}],\"inLanguage\":\"de\"},{\"@type\":\"Organization\",\"@id\":\"https:\/\/rosariumlottum.com\/de\/#organization\",\"name\":\"Rosarium Lottum\",\"url\":\"https:\/\/rosariumlottum.com\/de\/\",\"logo\":{\"@type\":\"ImageObject\",\"inLanguage\":\"de\",\"@id\":\"https:\/\/rosariumlottum.com\/de\/#\/schema\/logo\/image\/\",\"url\":\"https:\/\/rosariumlottum.com\/wp-content\/uploads\/2021\/09\/rosairum.png\",\"contentUrl\":\"https:\/\/rosariumlottum.com\/wp-content\/uploads\/2021\/09\/rosairum.png\",\"width\":378,\"height\":115,\"caption\":\"Rosarium Lottum\"},\"image\":{\"@id\":\"https:\/\/rosariumlottum.com\/de\/#\/schema\/logo\/image\/\"}}]}<\/script>\n<!-- \/ Yoast SEO plugin. -->","yoast_head_json":{"title":"Strawberry Hill\u00ae (Ausrimini) | Rosarium Lottum","description":"Die englische David Austin\u00ae-Rose Strawberry Hill\u00ae ist in allen Stadien sch\u00f6n. Sie hat kleine B\u00fcschel von mittelrosa, mittelgro\u00dfen, schalenf\u00f6rmigen Rosetten. Sie haben einen starken, k\u00f6stlichen Duft nach Myrrhe und Heidehonig. Die bogenf\u00f6rmigen Zweige sind mit gl\u00e4nzendem, dunklem Laub bedeckt. Sch\u00f6ne, reich und kontinuierlich bl\u00fchende Kletterrose, die auch als Strauchrose verwendet werden kann.","robots":{"index":"index","follow":"follow","max-snippet":"max-snippet:-1","max-image-preview":"max-image-preview:large","max-video-preview":"max-video-preview:-1"},"canonical":"https:\/\/rosariumlottum.com\/de\/produkt\/strawberry-hill-ausrimini\/","og_locale":"de_DE","og_type":"article","og_title":"Strawberry Hill\u00ae (Ausrimini) | Rosarium Lottum","og_description":"Die englische David Austin\u00ae-Rose Strawberry Hill\u00ae ist in allen Stadien sch\u00f6n. Sie hat kleine B\u00fcschel von mittelrosa, mittelgro\u00dfen, schalenf\u00f6rmigen Rosetten. Sie haben einen starken, k\u00f6stlichen Duft nach Myrrhe und Heidehonig. Die bogenf\u00f6rmigen Zweige sind mit gl\u00e4nzendem, dunklem Laub bedeckt. Sch\u00f6ne, reich und kontinuierlich bl\u00fchende Kletterrose, die auch als Strauchrose verwendet werden kann.","og_url":"https:\/\/rosariumlottum.com\/de\/produkt\/strawberry-hill-ausrimini\/","og_site_name":"Rosarium Lottum","article_modified_time":"2025-01-15T08:24:06+00:00","og_image":[{"width":1714,"height":2560,"url":"https:\/\/rosariumlottum.com\/wp-content\/uploads\/2025\/01\/5_Strawberry-Hill-4-V2-scaled.jpg","type":"image\/jpeg"}],"twitter_card":"summary_large_image","schema":{"@context":"https:\/\/schema.org","@graph":[{"@type":["WebPage","ItemPage"],"@id":"https:\/\/rosariumlottum.com\/de\/produkt\/strawberry-hill-ausrimini\/","url":"https:\/\/rosariumlottum.com\/de\/produkt\/strawberry-hill-ausrimini\/","name":"Strawberry Hill\u00ae (Ausrimini) | Rosarium Lottum","isPartOf":{"@id":"https:\/\/rosariumlottum.com\/de\/#website"},"primaryImageOfPage":{"@id":"https:\/\/rosariumlottum.com\/de\/produkt\/strawberry-hill-ausrimini\/#primaryimage"},"image":{"@id":"https:\/\/rosariumlottum.com\/de\/produkt\/strawberry-hill-ausrimini\/#primaryimage"},"thumbnailUrl":"https:\/\/rosariumlottum.com\/wp-content\/uploads\/2025\/01\/5_Strawberry-Hill-4-V2-scaled.jpg","datePublished":"2025-01-15T07:47:43+00:00","dateModified":"2025-01-15T08:24:06+00:00","description":"Die englische David Austin\u00ae-Rose Strawberry Hill\u00ae ist in allen Stadien sch\u00f6n. Sie hat kleine B\u00fcschel von mittelrosa, mittelgro\u00dfen, schalenf\u00f6rmigen Rosetten. Sie haben einen starken, k\u00f6stlichen Duft nach Myrrhe und Heidehonig. Die bogenf\u00f6rmigen Zweige sind mit gl\u00e4nzendem, dunklem Laub bedeckt. Sch\u00f6ne, reich und kontinuierlich bl\u00fchende Kletterrose, die auch als Strauchrose verwendet werden kann.","breadcrumb":{"@id":"https:\/\/rosariumlottum.com\/de\/produkt\/strawberry-hill-ausrimini\/#breadcrumb"},"inLanguage":"de","potentialAction":[{"@type":"ReadAction","target":["https:\/\/rosariumlottum.com\/de\/produkt\/strawberry-hill-ausrimini\/"]}]},{"@type":"ImageObject","inLanguage":"de","@id":"https:\/\/rosariumlottum.com\/de\/produkt\/strawberry-hill-ausrimini\/#primaryimage","url":"https:\/\/rosariumlottum.com\/wp-content\/uploads\/2025\/01\/5_Strawberry-Hill-4-V2-scaled.jpg","contentUrl":"https:\/\/rosariumlottum.com\/wp-content\/uploads\/2025\/01\/5_Strawberry-Hill-4-V2-scaled.jpg","width":1714,"height":2560,"caption":"Beautiful at all stages, bearing small clusters of mid pink, medium-large, cupped rosettes. They have a strong, delicious myrrh and heather honey fragrance. The arching branches are clothed in glossy, dark foliage. Named after the gothic revival house in Twickenham, London, built by Horace Walpole."},{"@type":"BreadcrumbList","@id":"https:\/\/rosariumlottum.com\/de\/produkt\/strawberry-hill-ausrimini\/#breadcrumb","itemListElement":[{"@type":"ListItem","position":1,"name":"Home","item":"https:\/\/rosariumlottum.com\/de\/"},{"@type":"ListItem","position":2,"name":"Webshop","item":"https:\/\/rosariumlottum.com\/de\/webshop\/"},{"@type":"ListItem","position":3,"name":"Strawberry Hill\u00ae (Ausrimini)"}]},{"@type":"WebSite","@id":"https:\/\/rosariumlottum.com\/de\/#website","url":"https:\/\/rosariumlottum.com\/de\/","name":"Rosarium Lottum","description":"Rosarium Luxury Roses","publisher":{"@id":"https:\/\/rosariumlottum.com\/de\/#organization"},"potentialAction":[{"@type":"SearchAction","target":{"@type":"EntryPoint","urlTemplate":"https:\/\/rosariumlottum.com\/de\/?s={search_term_string}"},"query-input":{"@type":"PropertyValueSpecification","valueRequired":true,"valueName":"search_term_string"}}],"inLanguage":"de"},{"@type":"Organization","@id":"https:\/\/rosariumlottum.com\/de\/#organization","name":"Rosarium Lottum","url":"https:\/\/rosariumlottum.com\/de\/","logo":{"@type":"ImageObject","inLanguage":"de","@id":"https:\/\/rosariumlottum.com\/de\/#\/schema\/logo\/image\/","url":"https:\/\/rosariumlottum.com\/wp-content\/uploads\/2021\/09\/rosairum.png","contentUrl":"https:\/\/rosariumlottum.com\/wp-content\/uploads\/2021\/09\/rosairum.png","width":378,"height":115,"caption":"Rosarium Lottum"},"image":{"@id":"https:\/\/rosariumlottum.com\/de\/#\/schema\/logo\/image\/"}}]}},"_links":{"self":[{"href":"https:\/\/rosariumlottum.com\/de\/wp-json\/wp\/v2\/product\/33932","targetHints":{"allow":["GET"]}}],"collection":[{"href":"https:\/\/rosariumlottum.com\/de\/wp-json\/wp\/v2\/product"}],"about":[{"href":"https:\/\/rosariumlottum.com\/de\/wp-json\/wp\/v2\/types\/product"}],"replies":[{"embeddable":true,"href":"https:\/\/rosariumlottum.com\/de\/wp-json\/wp\/v2\/comments?post=33932"}],"wp:featuredmedia":[{"embeddable":true,"href":"https:\/\/rosariumlottum.com\/de\/wp-json\/wp\/v2\/media\/33375"}],"wp:attachment":[{"href":"https:\/\/rosariumlottum.com\/de\/wp-json\/wp\/v2\/media?parent=33932"}],"wp:term":[{"taxonomy":"product_brand","embeddable":true,"href":"https:\/\/rosariumlottum.com\/de\/wp-json\/wp\/v2\/product_brand?post=33932"},{"taxonomy":"product_cat","embeddable":true,"href":"https:\/\/rosariumlottum.com\/de\/wp-json\/wp\/v2\/product_cat?post=33932"},{"taxonomy":"product_tag","embeddable":true,"href":"https:\/\/rosariumlottum.com\/de\/wp-json\/wp\/v2\/product_tag?post=33932"}],"curies":[{"name":"wp","href":"https:\/\/api.w.org\/{rel}","templated":true}]}}