{"id":33871,"date":"2025-01-13T16:13:36","date_gmt":"2025-01-13T15:13:36","guid":{"rendered":"https:\/\/rosariumlottum.com\/?post_type=product&#038;p=33871"},"modified":"2025-01-13T16:39:14","modified_gmt":"2025-01-13T15:39:14","slug":"mary-delany-ausorts","status":"publish","type":"product","link":"https:\/\/rosariumlottum.com\/de\/produkt\/mary-delany-ausorts\/","title":{"rendered":"Mary Delany\u00ae (Ausorts)"},"content":{"rendered":"<p>[vc_row][vc_column][vc_column_text]Eine zarte, h\u00fcbsche, eher ungew\u00f6hnliche Kletterrose mit h\u00fcbschen, spitzen Knospen, die sich zu mittelgro\u00dfen, locker gef\u00fcllten, blassrosa Bl\u00fcten \u00f6ffnen. Die Bl\u00fcten stehen in gro\u00dfen, offenen B\u00fcscheln an schlanken, dunklen Stielen und halten eine sehr lange Saison, wobei sie sich allm\u00e4hlich \u00f6ffnen und die goldenen Staubgef\u00e4\u00dfe freigeben. Die Bl\u00fcten duften leicht bis mittelstark nach &#8220;Alten Rosen&#8221; mit einem Hauch von Frucht. Die Pflanze ist gesund und fast dornenlos mit relativ kleinen, dunkelgr\u00fcnen Bl\u00e4ttern.Eine wundersch\u00f6ne Rose aus der David Austin\u00ae-Kollektion.[\/vc_column_text][\/vc_column][\/vc_row]<\/p>\n","protected":false},"excerpt":{"rendered":"<p>[vc_row][vc_column][vc_column_text]Eine zarte, h\u00fcbsche, eher ungew\u00f6hnliche Kletterrose mit h\u00fcbschen, spitzen Knospen, die sich zu mittelgro\u00dfen, locker gef\u00fcllten, blassrosa Bl\u00fcten \u00f6ffnen. Die [&hellip;]<\/p>\n","protected":false},"featured_media":33495,"comment_status":"closed","ping_status":"closed","template":"","meta":{"_acf_changed":false},"product_brand":[],"product_cat":[624,656,705],"product_tag":[],"class_list":{"0":"post-33871","1":"product","2":"type-product","3":"status-publish","4":"has-post-thumbnail","6":"product_cat-duft-rosen","7":"product_cat-englische-david-austin-rosen","8":"product_cat-xxl-kletterrosen-in-topf-gezuechtet","10":"first","11":"instock","12":"taxable","13":"shipping-taxable","14":"product-type-grouped"},"acf":[],"yoast_head":"<!-- This site is optimized with the Yoast SEO plugin v27.4 - https:\/\/yoast.com\/product\/yoast-seo-wordpress\/ -->\n<title>Mary Delany\u00ae (Ausorts) | Rosarium Lottum<\/title>\n<meta name=\"robots\" content=\"index, follow, max-snippet:-1, max-image-preview:large, max-video-preview:-1\" \/>\n<link rel=\"canonical\" href=\"https:\/\/rosariumlottum.com\/de\/produkt\/mary-delany-ausorts\/\" \/>\n<meta property=\"og:locale\" content=\"de_DE\" \/>\n<meta property=\"og:type\" content=\"article\" \/>\n<meta property=\"og:title\" content=\"Mary Delany\u00ae (Ausorts) | Rosarium Lottum\" \/>\n<meta property=\"og:description\" content=\"[vc_row][vc_column][vc_column_text]Eine zarte, h\u00fcbsche, eher ungew\u00f6hnliche Kletterrose mit h\u00fcbschen, spitzen Knospen, die sich zu mittelgro\u00dfen, locker gef\u00fcllten, blassrosa Bl\u00fcten \u00f6ffnen. Die [&hellip;]\" \/>\n<meta property=\"og:url\" content=\"https:\/\/rosariumlottum.com\/de\/produkt\/mary-delany-ausorts\/\" \/>\n<meta property=\"og:site_name\" content=\"Rosarium Lottum\" \/>\n<meta property=\"article:modified_time\" content=\"2025-01-13T15:39:14+00:00\" \/>\n<meta property=\"og:image\" content=\"https:\/\/rosariumlottum.com\/wp-content\/uploads\/2025\/01\/Mary-Delany-190626_030-scaled.jpg\" \/>\n\t<meta property=\"og:image:width\" content=\"2560\" \/>\n\t<meta property=\"og:image:height\" content=\"1707\" \/>\n\t<meta property=\"og:image:type\" content=\"image\/jpeg\" \/>\n<meta name=\"twitter:card\" content=\"summary_large_image\" \/>\n<meta name=\"twitter:label1\" content=\"Gesch\u00e4tzte Lesezeit\" \/>\n\t<meta name=\"twitter:data1\" content=\"1\u00a0Minute\" \/>\n<script type=\"application\/ld+json\" class=\"yoast-schema-graph\">{\"@context\":\"https:\\\/\\\/schema.org\",\"@graph\":[{\"@type\":[\"WebPage\",\"ItemPage\"],\"@id\":\"https:\\\/\\\/rosariumlottum.com\\\/de\\\/produkt\\\/mary-delany-ausorts\\\/\",\"url\":\"https:\\\/\\\/rosariumlottum.com\\\/de\\\/produkt\\\/mary-delany-ausorts\\\/\",\"name\":\"Mary Delany\u00ae (Ausorts) | Rosarium Lottum\",\"isPartOf\":{\"@id\":\"https:\\\/\\\/rosariumlottum.com\\\/de\\\/#website\"},\"primaryImageOfPage\":{\"@id\":\"https:\\\/\\\/rosariumlottum.com\\\/de\\\/produkt\\\/mary-delany-ausorts\\\/#primaryimage\"},\"image\":{\"@id\":\"https:\\\/\\\/rosariumlottum.com\\\/de\\\/produkt\\\/mary-delany-ausorts\\\/#primaryimage\"},\"thumbnailUrl\":\"https:\\\/\\\/rosariumlottum.com\\\/wp-content\\\/uploads\\\/2025\\\/01\\\/Mary-Delany-190626_030-scaled.jpg\",\"datePublished\":\"2025-01-13T15:13:36+00:00\",\"dateModified\":\"2025-01-13T15:39:14+00:00\",\"breadcrumb\":{\"@id\":\"https:\\\/\\\/rosariumlottum.com\\\/de\\\/produkt\\\/mary-delany-ausorts\\\/#breadcrumb\"},\"inLanguage\":\"de\",\"potentialAction\":[{\"@type\":\"ReadAction\",\"target\":[\"https:\\\/\\\/rosariumlottum.com\\\/de\\\/produkt\\\/mary-delany-ausorts\\\/\"]}]},{\"@type\":\"ImageObject\",\"inLanguage\":\"de\",\"@id\":\"https:\\\/\\\/rosariumlottum.com\\\/de\\\/produkt\\\/mary-delany-ausorts\\\/#primaryimage\",\"url\":\"https:\\\/\\\/rosariumlottum.com\\\/wp-content\\\/uploads\\\/2025\\\/01\\\/Mary-Delany-190626_030-scaled.jpg\",\"contentUrl\":\"https:\\\/\\\/rosariumlottum.com\\\/wp-content\\\/uploads\\\/2025\\\/01\\\/Mary-Delany-190626_030-scaled.jpg\",\"width\":2560,\"height\":1707,\"caption\":\"A delicately beautiful, rather unusual climber, bearing pretty pointed buds which open to medium-sized, loosely double, light pink flowers. Produced in large open sprays over a very long season, the flowers are held on slender dark stems and gradually open to expose golden stamens. There is a light-medium Old Rose scent with hints of fruit. It is healthy and almost thornless with relatively small, dark green leaves. The right to name this rose was auctioned on behalf of The National Trust.\"},{\"@type\":\"BreadcrumbList\",\"@id\":\"https:\\\/\\\/rosariumlottum.com\\\/de\\\/produkt\\\/mary-delany-ausorts\\\/#breadcrumb\",\"itemListElement\":[{\"@type\":\"ListItem\",\"position\":1,\"name\":\"Home\",\"item\":\"https:\\\/\\\/rosariumlottum.com\\\/de\\\/\"},{\"@type\":\"ListItem\",\"position\":2,\"name\":\"Webshop\",\"item\":\"https:\\\/\\\/rosariumlottum.com\\\/de\\\/webshop\\\/\"},{\"@type\":\"ListItem\",\"position\":3,\"name\":\"Mary Delany\u00ae (Ausorts)\"}]},{\"@type\":\"WebSite\",\"@id\":\"https:\\\/\\\/rosariumlottum.com\\\/de\\\/#website\",\"url\":\"https:\\\/\\\/rosariumlottum.com\\\/de\\\/\",\"name\":\"Rosarium Lottum\",\"description\":\"Rosarium Luxury Roses\",\"publisher\":{\"@id\":\"https:\\\/\\\/rosariumlottum.com\\\/de\\\/#organization\"},\"potentialAction\":[{\"@type\":\"SearchAction\",\"target\":{\"@type\":\"EntryPoint\",\"urlTemplate\":\"https:\\\/\\\/rosariumlottum.com\\\/de\\\/?s={search_term_string}\"},\"query-input\":{\"@type\":\"PropertyValueSpecification\",\"valueRequired\":true,\"valueName\":\"search_term_string\"}}],\"inLanguage\":\"de\"},{\"@type\":\"Organization\",\"@id\":\"https:\\\/\\\/rosariumlottum.com\\\/de\\\/#organization\",\"name\":\"Rosarium Lottum\",\"url\":\"https:\\\/\\\/rosariumlottum.com\\\/de\\\/\",\"logo\":{\"@type\":\"ImageObject\",\"inLanguage\":\"de\",\"@id\":\"https:\\\/\\\/rosariumlottum.com\\\/de\\\/#\\\/schema\\\/logo\\\/image\\\/\",\"url\":\"https:\\\/\\\/rosariumlottum.com\\\/wp-content\\\/uploads\\\/2021\\\/09\\\/rosairum.png\",\"contentUrl\":\"https:\\\/\\\/rosariumlottum.com\\\/wp-content\\\/uploads\\\/2021\\\/09\\\/rosairum.png\",\"width\":378,\"height\":115,\"caption\":\"Rosarium Lottum\"},\"image\":{\"@id\":\"https:\\\/\\\/rosariumlottum.com\\\/de\\\/#\\\/schema\\\/logo\\\/image\\\/\"}}]}<\/script>\n<!-- \/ Yoast SEO plugin. -->","yoast_head_json":{"title":"Mary Delany\u00ae (Ausorts) | Rosarium Lottum","robots":{"index":"index","follow":"follow","max-snippet":"max-snippet:-1","max-image-preview":"max-image-preview:large","max-video-preview":"max-video-preview:-1"},"canonical":"https:\/\/rosariumlottum.com\/de\/produkt\/mary-delany-ausorts\/","og_locale":"de_DE","og_type":"article","og_title":"Mary Delany\u00ae (Ausorts) | Rosarium Lottum","og_description":"[vc_row][vc_column][vc_column_text]Eine zarte, h\u00fcbsche, eher ungew\u00f6hnliche Kletterrose mit h\u00fcbschen, spitzen Knospen, die sich zu mittelgro\u00dfen, locker gef\u00fcllten, blassrosa Bl\u00fcten \u00f6ffnen. Die [&hellip;]","og_url":"https:\/\/rosariumlottum.com\/de\/produkt\/mary-delany-ausorts\/","og_site_name":"Rosarium Lottum","article_modified_time":"2025-01-13T15:39:14+00:00","og_image":[{"width":2560,"height":1707,"url":"https:\/\/rosariumlottum.com\/wp-content\/uploads\/2025\/01\/Mary-Delany-190626_030-scaled.jpg","type":"image\/jpeg"}],"twitter_card":"summary_large_image","twitter_misc":{"Gesch\u00e4tzte Lesezeit":"1\u00a0Minute"},"schema":{"@context":"https:\/\/schema.org","@graph":[{"@type":["WebPage","ItemPage"],"@id":"https:\/\/rosariumlottum.com\/de\/produkt\/mary-delany-ausorts\/","url":"https:\/\/rosariumlottum.com\/de\/produkt\/mary-delany-ausorts\/","name":"Mary Delany\u00ae (Ausorts) | Rosarium Lottum","isPartOf":{"@id":"https:\/\/rosariumlottum.com\/de\/#website"},"primaryImageOfPage":{"@id":"https:\/\/rosariumlottum.com\/de\/produkt\/mary-delany-ausorts\/#primaryimage"},"image":{"@id":"https:\/\/rosariumlottum.com\/de\/produkt\/mary-delany-ausorts\/#primaryimage"},"thumbnailUrl":"https:\/\/rosariumlottum.com\/wp-content\/uploads\/2025\/01\/Mary-Delany-190626_030-scaled.jpg","datePublished":"2025-01-13T15:13:36+00:00","dateModified":"2025-01-13T15:39:14+00:00","breadcrumb":{"@id":"https:\/\/rosariumlottum.com\/de\/produkt\/mary-delany-ausorts\/#breadcrumb"},"inLanguage":"de","potentialAction":[{"@type":"ReadAction","target":["https:\/\/rosariumlottum.com\/de\/produkt\/mary-delany-ausorts\/"]}]},{"@type":"ImageObject","inLanguage":"de","@id":"https:\/\/rosariumlottum.com\/de\/produkt\/mary-delany-ausorts\/#primaryimage","url":"https:\/\/rosariumlottum.com\/wp-content\/uploads\/2025\/01\/Mary-Delany-190626_030-scaled.jpg","contentUrl":"https:\/\/rosariumlottum.com\/wp-content\/uploads\/2025\/01\/Mary-Delany-190626_030-scaled.jpg","width":2560,"height":1707,"caption":"A delicately beautiful, rather unusual climber, bearing pretty pointed buds which open to medium-sized, loosely double, light pink flowers. Produced in large open sprays over a very long season, the flowers are held on slender dark stems and gradually open to expose golden stamens. There is a light-medium Old Rose scent with hints of fruit. It is healthy and almost thornless with relatively small, dark green leaves. The right to name this rose was auctioned on behalf of The National Trust."},{"@type":"BreadcrumbList","@id":"https:\/\/rosariumlottum.com\/de\/produkt\/mary-delany-ausorts\/#breadcrumb","itemListElement":[{"@type":"ListItem","position":1,"name":"Home","item":"https:\/\/rosariumlottum.com\/de\/"},{"@type":"ListItem","position":2,"name":"Webshop","item":"https:\/\/rosariumlottum.com\/de\/webshop\/"},{"@type":"ListItem","position":3,"name":"Mary Delany\u00ae (Ausorts)"}]},{"@type":"WebSite","@id":"https:\/\/rosariumlottum.com\/de\/#website","url":"https:\/\/rosariumlottum.com\/de\/","name":"Rosarium Lottum","description":"Rosarium Luxury Roses","publisher":{"@id":"https:\/\/rosariumlottum.com\/de\/#organization"},"potentialAction":[{"@type":"SearchAction","target":{"@type":"EntryPoint","urlTemplate":"https:\/\/rosariumlottum.com\/de\/?s={search_term_string}"},"query-input":{"@type":"PropertyValueSpecification","valueRequired":true,"valueName":"search_term_string"}}],"inLanguage":"de"},{"@type":"Organization","@id":"https:\/\/rosariumlottum.com\/de\/#organization","name":"Rosarium Lottum","url":"https:\/\/rosariumlottum.com\/de\/","logo":{"@type":"ImageObject","inLanguage":"de","@id":"https:\/\/rosariumlottum.com\/de\/#\/schema\/logo\/image\/","url":"https:\/\/rosariumlottum.com\/wp-content\/uploads\/2021\/09\/rosairum.png","contentUrl":"https:\/\/rosariumlottum.com\/wp-content\/uploads\/2021\/09\/rosairum.png","width":378,"height":115,"caption":"Rosarium Lottum"},"image":{"@id":"https:\/\/rosariumlottum.com\/de\/#\/schema\/logo\/image\/"}}]}},"_links":{"self":[{"href":"https:\/\/rosariumlottum.com\/de\/wp-json\/wp\/v2\/product\/33871","targetHints":{"allow":["GET"]}}],"collection":[{"href":"https:\/\/rosariumlottum.com\/de\/wp-json\/wp\/v2\/product"}],"about":[{"href":"https:\/\/rosariumlottum.com\/de\/wp-json\/wp\/v2\/types\/product"}],"replies":[{"embeddable":true,"href":"https:\/\/rosariumlottum.com\/de\/wp-json\/wp\/v2\/comments?post=33871"}],"wp:featuredmedia":[{"embeddable":true,"href":"https:\/\/rosariumlottum.com\/de\/wp-json\/wp\/v2\/media\/33495"}],"wp:attachment":[{"href":"https:\/\/rosariumlottum.com\/de\/wp-json\/wp\/v2\/media?parent=33871"}],"wp:term":[{"taxonomy":"product_brand","embeddable":true,"href":"https:\/\/rosariumlottum.com\/de\/wp-json\/wp\/v2\/product_brand?post=33871"},{"taxonomy":"product_cat","embeddable":true,"href":"https:\/\/rosariumlottum.com\/de\/wp-json\/wp\/v2\/product_cat?post=33871"},{"taxonomy":"product_tag","embeddable":true,"href":"https:\/\/rosariumlottum.com\/de\/wp-json\/wp\/v2\/product_tag?post=33871"}],"curies":[{"name":"wp","href":"https:\/\/api.w.org\/{rel}","templated":true}]}}