{"id":32563,"date":"2024-09-24T15:00:31","date_gmt":"2024-09-24T13:00:32","guid":{"rendered":"https:\/\/rosariumlottum.com\/?post_type=product&#038;p=32563"},"modified":"2024-09-25T15:29:12","modified_gmt":"2024-09-25T13:29:12","slug":"the-poets-wife-auswhirl","status":"publish","type":"product","link":"https:\/\/rosariumlottum.com\/de\/produkt\/the-poets-wife-auswhirl\/","title":{"rendered":"The Poet&#8217;s Wife\u00ae (Auswhirl)"},"content":{"rendered":"<p>[vc_row][vc_column][vc_column_text]Wundersch\u00f6ne Rose aus der David Austin\u00ae Rosenkollektion mit gelben, sch\u00f6n geformten Bl\u00fcten, die mit der Zeit verblassen. The Poet&#8217;s Wife\u00ae hat einen starken, wunderbar reichen Duft mit einem Hauch von Zitrone, der mit zunehmendem Alter der Pflanze s\u00fc\u00dfer und st\u00e4rker wird. Sie bildet einen buschigen, sch\u00f6n gerundeten Strauch mit bogenf\u00f6rmigen Zweigen und h\u00fcbschen gr\u00fcnen, gl\u00e4nzenden Bl\u00e4ttern.[\/vc_column_text][\/vc_column][\/vc_row]<\/p>\n","protected":false},"excerpt":{"rendered":"<p>[vc_row][vc_column][vc_column_text]Wundersch\u00f6ne Rose aus der David Austin\u00ae Rosenkollektion mit gelben, sch\u00f6n geformten Bl\u00fcten, die mit der Zeit verblassen. The Poet&#8217;s Wife\u00ae [&hellip;]<\/p>\n","protected":false},"featured_media":32438,"comment_status":"closed","ping_status":"closed","template":"","meta":{"_acf_changed":false},"product_brand":[],"product_cat":[624,656],"product_tag":[],"class_list":{"0":"post-32563","1":"product","2":"type-product","3":"status-publish","4":"has-post-thumbnail","6":"product_cat-duft-rosen","7":"product_cat-englische-david-austin-rosen","9":"first","10":"instock","11":"taxable","12":"shipping-taxable","13":"product-type-grouped"},"acf":[],"yoast_head":"<!-- This site is optimized with the Yoast SEO plugin v27.4 - https:\/\/yoast.com\/product\/yoast-seo-wordpress\/ -->\n<title>The Poet&#039;s Wife\u00ae (Auswhirl) | Rosarium Lottum<\/title>\n<meta name=\"robots\" content=\"index, follow, max-snippet:-1, max-image-preview:large, max-video-preview:-1\" \/>\n<link rel=\"canonical\" href=\"https:\/\/rosariumlottum.com\/de\/produkt\/the-poets-wife-auswhirl\/\" \/>\n<meta property=\"og:locale\" content=\"de_DE\" \/>\n<meta property=\"og:type\" content=\"article\" \/>\n<meta property=\"og:title\" content=\"The Poet&#039;s Wife\u00ae (Auswhirl) | Rosarium Lottum\" \/>\n<meta property=\"og:description\" content=\"[vc_row][vc_column][vc_column_text]Wundersch\u00f6ne Rose aus der David Austin\u00ae Rosenkollektion mit gelben, sch\u00f6n geformten Bl\u00fcten, die mit der Zeit verblassen. The Poet&#8217;s Wife\u00ae [&hellip;]\" \/>\n<meta property=\"og:url\" content=\"https:\/\/rosariumlottum.com\/de\/produkt\/the-poets-wife-auswhirl\/\" \/>\n<meta property=\"og:site_name\" content=\"Rosarium Lottum\" \/>\n<meta property=\"article:modified_time\" content=\"2024-09-25T13:29:12+00:00\" \/>\n<meta property=\"og:image\" content=\"https:\/\/rosariumlottum.com\/wp-content\/uploads\/2024\/09\/The-Poets-Wife_POETSWIFE_13A9862-scaled.jpg\" \/>\n\t<meta property=\"og:image:width\" content=\"1709\" \/>\n\t<meta property=\"og:image:height\" content=\"2560\" \/>\n\t<meta property=\"og:image:type\" content=\"image\/jpeg\" \/>\n<meta name=\"twitter:card\" content=\"summary_large_image\" \/>\n<script type=\"application\/ld+json\" class=\"yoast-schema-graph\">{\"@context\":\"https:\\\/\\\/schema.org\",\"@graph\":[{\"@type\":[\"WebPage\",\"ItemPage\"],\"@id\":\"https:\\\/\\\/rosariumlottum.com\\\/de\\\/produkt\\\/the-poets-wife-auswhirl\\\/\",\"url\":\"https:\\\/\\\/rosariumlottum.com\\\/de\\\/produkt\\\/the-poets-wife-auswhirl\\\/\",\"name\":\"The Poet's Wife\u00ae (Auswhirl) | Rosarium Lottum\",\"isPartOf\":{\"@id\":\"https:\\\/\\\/rosariumlottum.com\\\/de\\\/#website\"},\"primaryImageOfPage\":{\"@id\":\"https:\\\/\\\/rosariumlottum.com\\\/de\\\/produkt\\\/the-poets-wife-auswhirl\\\/#primaryimage\"},\"image\":{\"@id\":\"https:\\\/\\\/rosariumlottum.com\\\/de\\\/produkt\\\/the-poets-wife-auswhirl\\\/#primaryimage\"},\"thumbnailUrl\":\"https:\\\/\\\/rosariumlottum.com\\\/wp-content\\\/uploads\\\/2024\\\/09\\\/The-Poets-Wife_POETSWIFE_13A9862-scaled.jpg\",\"datePublished\":\"2024-09-24T13:00:32+00:00\",\"dateModified\":\"2024-09-25T13:29:12+00:00\",\"breadcrumb\":{\"@id\":\"https:\\\/\\\/rosariumlottum.com\\\/de\\\/produkt\\\/the-poets-wife-auswhirl\\\/#breadcrumb\"},\"inLanguage\":\"de\",\"potentialAction\":[{\"@type\":\"ReadAction\",\"target\":[\"https:\\\/\\\/rosariumlottum.com\\\/de\\\/produkt\\\/the-poets-wife-auswhirl\\\/\"]}]},{\"@type\":\"ImageObject\",\"inLanguage\":\"de\",\"@id\":\"https:\\\/\\\/rosariumlottum.com\\\/de\\\/produkt\\\/the-poets-wife-auswhirl\\\/#primaryimage\",\"url\":\"https:\\\/\\\/rosariumlottum.com\\\/wp-content\\\/uploads\\\/2024\\\/09\\\/The-Poets-Wife_POETSWIFE_13A9862-scaled.jpg\",\"contentUrl\":\"https:\\\/\\\/rosariumlottum.com\\\/wp-content\\\/uploads\\\/2024\\\/09\\\/The-Poets-Wife_POETSWIFE_13A9862-scaled.jpg\",\"width\":1709,\"height\":2560,\"caption\":\"A\\\/4A\\\/09(D\\\/17A\\\/09) Bears rich yellow flowers, which pale over time. Their formation is most pleasing, having a neat outer ring of petals enclosing an informal group of petals within. There is a strong, wonderfully rich fragrance with a hint of lemon, which becomes sweeter and stronger with age. It forms a bushy, nicely rounded shrub with arching branches and rather shiny foliage.\"},{\"@type\":\"BreadcrumbList\",\"@id\":\"https:\\\/\\\/rosariumlottum.com\\\/de\\\/produkt\\\/the-poets-wife-auswhirl\\\/#breadcrumb\",\"itemListElement\":[{\"@type\":\"ListItem\",\"position\":1,\"name\":\"Home\",\"item\":\"https:\\\/\\\/rosariumlottum.com\\\/de\\\/\"},{\"@type\":\"ListItem\",\"position\":2,\"name\":\"Webshop\",\"item\":\"https:\\\/\\\/rosariumlottum.com\\\/de\\\/webshop\\\/\"},{\"@type\":\"ListItem\",\"position\":3,\"name\":\"The Poet&#8217;s Wife\u00ae (Auswhirl)\"}]},{\"@type\":\"WebSite\",\"@id\":\"https:\\\/\\\/rosariumlottum.com\\\/de\\\/#website\",\"url\":\"https:\\\/\\\/rosariumlottum.com\\\/de\\\/\",\"name\":\"Rosarium Lottum\",\"description\":\"Rosarium Luxury Roses\",\"publisher\":{\"@id\":\"https:\\\/\\\/rosariumlottum.com\\\/de\\\/#organization\"},\"potentialAction\":[{\"@type\":\"SearchAction\",\"target\":{\"@type\":\"EntryPoint\",\"urlTemplate\":\"https:\\\/\\\/rosariumlottum.com\\\/de\\\/?s={search_term_string}\"},\"query-input\":{\"@type\":\"PropertyValueSpecification\",\"valueRequired\":true,\"valueName\":\"search_term_string\"}}],\"inLanguage\":\"de\"},{\"@type\":\"Organization\",\"@id\":\"https:\\\/\\\/rosariumlottum.com\\\/de\\\/#organization\",\"name\":\"Rosarium Lottum\",\"url\":\"https:\\\/\\\/rosariumlottum.com\\\/de\\\/\",\"logo\":{\"@type\":\"ImageObject\",\"inLanguage\":\"de\",\"@id\":\"https:\\\/\\\/rosariumlottum.com\\\/de\\\/#\\\/schema\\\/logo\\\/image\\\/\",\"url\":\"https:\\\/\\\/rosariumlottum.com\\\/wp-content\\\/uploads\\\/2021\\\/09\\\/rosairum.png\",\"contentUrl\":\"https:\\\/\\\/rosariumlottum.com\\\/wp-content\\\/uploads\\\/2021\\\/09\\\/rosairum.png\",\"width\":378,\"height\":115,\"caption\":\"Rosarium Lottum\"},\"image\":{\"@id\":\"https:\\\/\\\/rosariumlottum.com\\\/de\\\/#\\\/schema\\\/logo\\\/image\\\/\"}}]}<\/script>\n<!-- \/ Yoast SEO plugin. -->","yoast_head_json":{"title":"The Poet's Wife\u00ae (Auswhirl) | Rosarium Lottum","robots":{"index":"index","follow":"follow","max-snippet":"max-snippet:-1","max-image-preview":"max-image-preview:large","max-video-preview":"max-video-preview:-1"},"canonical":"https:\/\/rosariumlottum.com\/de\/produkt\/the-poets-wife-auswhirl\/","og_locale":"de_DE","og_type":"article","og_title":"The Poet's Wife\u00ae (Auswhirl) | Rosarium Lottum","og_description":"[vc_row][vc_column][vc_column_text]Wundersch\u00f6ne Rose aus der David Austin\u00ae Rosenkollektion mit gelben, sch\u00f6n geformten Bl\u00fcten, die mit der Zeit verblassen. The Poet&#8217;s Wife\u00ae [&hellip;]","og_url":"https:\/\/rosariumlottum.com\/de\/produkt\/the-poets-wife-auswhirl\/","og_site_name":"Rosarium Lottum","article_modified_time":"2024-09-25T13:29:12+00:00","og_image":[{"width":1709,"height":2560,"url":"https:\/\/rosariumlottum.com\/wp-content\/uploads\/2024\/09\/The-Poets-Wife_POETSWIFE_13A9862-scaled.jpg","type":"image\/jpeg"}],"twitter_card":"summary_large_image","schema":{"@context":"https:\/\/schema.org","@graph":[{"@type":["WebPage","ItemPage"],"@id":"https:\/\/rosariumlottum.com\/de\/produkt\/the-poets-wife-auswhirl\/","url":"https:\/\/rosariumlottum.com\/de\/produkt\/the-poets-wife-auswhirl\/","name":"The Poet's Wife\u00ae (Auswhirl) | Rosarium Lottum","isPartOf":{"@id":"https:\/\/rosariumlottum.com\/de\/#website"},"primaryImageOfPage":{"@id":"https:\/\/rosariumlottum.com\/de\/produkt\/the-poets-wife-auswhirl\/#primaryimage"},"image":{"@id":"https:\/\/rosariumlottum.com\/de\/produkt\/the-poets-wife-auswhirl\/#primaryimage"},"thumbnailUrl":"https:\/\/rosariumlottum.com\/wp-content\/uploads\/2024\/09\/The-Poets-Wife_POETSWIFE_13A9862-scaled.jpg","datePublished":"2024-09-24T13:00:32+00:00","dateModified":"2024-09-25T13:29:12+00:00","breadcrumb":{"@id":"https:\/\/rosariumlottum.com\/de\/produkt\/the-poets-wife-auswhirl\/#breadcrumb"},"inLanguage":"de","potentialAction":[{"@type":"ReadAction","target":["https:\/\/rosariumlottum.com\/de\/produkt\/the-poets-wife-auswhirl\/"]}]},{"@type":"ImageObject","inLanguage":"de","@id":"https:\/\/rosariumlottum.com\/de\/produkt\/the-poets-wife-auswhirl\/#primaryimage","url":"https:\/\/rosariumlottum.com\/wp-content\/uploads\/2024\/09\/The-Poets-Wife_POETSWIFE_13A9862-scaled.jpg","contentUrl":"https:\/\/rosariumlottum.com\/wp-content\/uploads\/2024\/09\/The-Poets-Wife_POETSWIFE_13A9862-scaled.jpg","width":1709,"height":2560,"caption":"A\/4A\/09(D\/17A\/09) Bears rich yellow flowers, which pale over time. Their formation is most pleasing, having a neat outer ring of petals enclosing an informal group of petals within. There is a strong, wonderfully rich fragrance with a hint of lemon, which becomes sweeter and stronger with age. It forms a bushy, nicely rounded shrub with arching branches and rather shiny foliage."},{"@type":"BreadcrumbList","@id":"https:\/\/rosariumlottum.com\/de\/produkt\/the-poets-wife-auswhirl\/#breadcrumb","itemListElement":[{"@type":"ListItem","position":1,"name":"Home","item":"https:\/\/rosariumlottum.com\/de\/"},{"@type":"ListItem","position":2,"name":"Webshop","item":"https:\/\/rosariumlottum.com\/de\/webshop\/"},{"@type":"ListItem","position":3,"name":"The Poet&#8217;s Wife\u00ae (Auswhirl)"}]},{"@type":"WebSite","@id":"https:\/\/rosariumlottum.com\/de\/#website","url":"https:\/\/rosariumlottum.com\/de\/","name":"Rosarium Lottum","description":"Rosarium Luxury Roses","publisher":{"@id":"https:\/\/rosariumlottum.com\/de\/#organization"},"potentialAction":[{"@type":"SearchAction","target":{"@type":"EntryPoint","urlTemplate":"https:\/\/rosariumlottum.com\/de\/?s={search_term_string}"},"query-input":{"@type":"PropertyValueSpecification","valueRequired":true,"valueName":"search_term_string"}}],"inLanguage":"de"},{"@type":"Organization","@id":"https:\/\/rosariumlottum.com\/de\/#organization","name":"Rosarium Lottum","url":"https:\/\/rosariumlottum.com\/de\/","logo":{"@type":"ImageObject","inLanguage":"de","@id":"https:\/\/rosariumlottum.com\/de\/#\/schema\/logo\/image\/","url":"https:\/\/rosariumlottum.com\/wp-content\/uploads\/2021\/09\/rosairum.png","contentUrl":"https:\/\/rosariumlottum.com\/wp-content\/uploads\/2021\/09\/rosairum.png","width":378,"height":115,"caption":"Rosarium Lottum"},"image":{"@id":"https:\/\/rosariumlottum.com\/de\/#\/schema\/logo\/image\/"}}]}},"_links":{"self":[{"href":"https:\/\/rosariumlottum.com\/de\/wp-json\/wp\/v2\/product\/32563","targetHints":{"allow":["GET"]}}],"collection":[{"href":"https:\/\/rosariumlottum.com\/de\/wp-json\/wp\/v2\/product"}],"about":[{"href":"https:\/\/rosariumlottum.com\/de\/wp-json\/wp\/v2\/types\/product"}],"replies":[{"embeddable":true,"href":"https:\/\/rosariumlottum.com\/de\/wp-json\/wp\/v2\/comments?post=32563"}],"wp:featuredmedia":[{"embeddable":true,"href":"https:\/\/rosariumlottum.com\/de\/wp-json\/wp\/v2\/media\/32438"}],"wp:attachment":[{"href":"https:\/\/rosariumlottum.com\/de\/wp-json\/wp\/v2\/media?parent=32563"}],"wp:term":[{"taxonomy":"product_brand","embeddable":true,"href":"https:\/\/rosariumlottum.com\/de\/wp-json\/wp\/v2\/product_brand?post=32563"},{"taxonomy":"product_cat","embeddable":true,"href":"https:\/\/rosariumlottum.com\/de\/wp-json\/wp\/v2\/product_cat?post=32563"},{"taxonomy":"product_tag","embeddable":true,"href":"https:\/\/rosariumlottum.com\/de\/wp-json\/wp\/v2\/product_tag?post=32563"}],"curies":[{"name":"wp","href":"https:\/\/api.w.org\/{rel}","templated":true}]}}