{"id":32538,"date":"2024-09-24T12:57:50","date_gmt":"2024-09-24T10:57:50","guid":{"rendered":"https:\/\/rosariumlottum.com\/?post_type=product&#038;p=32538"},"modified":"2024-09-26T09:11:16","modified_gmt":"2024-09-26T07:11:16","slug":"princess-alexandra-of-kentausmerchant","status":"publish","type":"product","link":"https:\/\/rosariumlottum.com\/de\/produkt\/princess-alexandra-of-kentausmerchant\/","title":{"rendered":"Princess Alexandra of Kent\u00ae(Ausmerchant)"},"content":{"rendered":"<p>[vc_row][vc_column][vc_column_text]Die sehr gro\u00dfen, leuchtend rosa Bl\u00fcten sind gef\u00fcllt, schalenf\u00f6rmig und bl\u00fchen in kleinen B\u00fcscheln. Starker Duft nach Zitrone mit einem Hauch von schwarzer Johannisbeere. Buschiger Wuchs, der einen runden Strauch bildet, sehr gesund und widerstandsf\u00e4hig. Wundersch\u00f6ne reich- und dauerbl\u00fchende Rose aus der David Austin\u00ae Rosenkollektion.[\/vc_column_text][\/vc_column][\/vc_row]<\/p>\n","protected":false},"excerpt":{"rendered":"<p>[vc_row][vc_column][vc_column_text]Die sehr gro\u00dfen, leuchtend rosa Bl\u00fcten sind gef\u00fcllt, schalenf\u00f6rmig und bl\u00fchen in kleinen B\u00fcscheln. Starker Duft nach Zitrone mit einem [&hellip;]<\/p>\n","protected":false},"featured_media":32402,"comment_status":"closed","ping_status":"closed","template":"","meta":{"_acf_changed":false},"product_brand":[],"product_cat":[624,656],"product_tag":[],"class_list":{"0":"post-32538","1":"product","2":"type-product","3":"status-publish","4":"has-post-thumbnail","6":"product_cat-duft-rosen","7":"product_cat-englische-david-austin-rosen","9":"first","10":"instock","11":"taxable","12":"shipping-taxable","13":"product-type-grouped"},"acf":[],"yoast_head":"<!-- This site is optimized with the Yoast SEO plugin v27.4 - https:\/\/yoast.com\/product\/yoast-seo-wordpress\/ -->\n<title>Princess Alexandra of Kent\u00ae(Ausmerchant) | Rosarium Lottum<\/title>\n<meta name=\"robots\" content=\"index, follow, max-snippet:-1, max-image-preview:large, max-video-preview:-1\" \/>\n<link rel=\"canonical\" href=\"https:\/\/rosariumlottum.com\/de\/produkt\/princess-alexandra-of-kentausmerchant\/\" \/>\n<meta property=\"og:locale\" content=\"de_DE\" \/>\n<meta property=\"og:type\" content=\"article\" \/>\n<meta property=\"og:title\" content=\"Princess Alexandra of Kent\u00ae(Ausmerchant) | Rosarium Lottum\" \/>\n<meta property=\"og:description\" content=\"[vc_row][vc_column][vc_column_text]Die sehr gro\u00dfen, leuchtend rosa Bl\u00fcten sind gef\u00fcllt, schalenf\u00f6rmig und bl\u00fchen in kleinen B\u00fcscheln. Starker Duft nach Zitrone mit einem [&hellip;]\" \/>\n<meta property=\"og:url\" content=\"https:\/\/rosariumlottum.com\/de\/produkt\/princess-alexandra-of-kentausmerchant\/\" \/>\n<meta property=\"og:site_name\" content=\"Rosarium Lottum\" \/>\n<meta property=\"article:modified_time\" content=\"2024-09-26T07:11:16+00:00\" \/>\n<meta property=\"og:image\" content=\"https:\/\/rosariumlottum.com\/wp-content\/uploads\/2024\/09\/Princess-Alexandra-of-Kent__DSC0096-scaled.jpg\" \/>\n\t<meta property=\"og:image:width\" content=\"2560\" \/>\n\t<meta property=\"og:image:height\" content=\"1700\" \/>\n\t<meta property=\"og:image:type\" content=\"image\/jpeg\" \/>\n<meta name=\"twitter:card\" content=\"summary_large_image\" \/>\n<script type=\"application\/ld+json\" class=\"yoast-schema-graph\">{\"@context\":\"https:\\\/\\\/schema.org\",\"@graph\":[{\"@type\":[\"WebPage\",\"ItemPage\"],\"@id\":\"https:\\\/\\\/rosariumlottum.com\\\/de\\\/produkt\\\/princess-alexandra-of-kentausmerchant\\\/\",\"url\":\"https:\\\/\\\/rosariumlottum.com\\\/de\\\/produkt\\\/princess-alexandra-of-kentausmerchant\\\/\",\"name\":\"Princess Alexandra of Kent\u00ae(Ausmerchant) | Rosarium Lottum\",\"isPartOf\":{\"@id\":\"https:\\\/\\\/rosariumlottum.com\\\/de\\\/#website\"},\"primaryImageOfPage\":{\"@id\":\"https:\\\/\\\/rosariumlottum.com\\\/de\\\/produkt\\\/princess-alexandra-of-kentausmerchant\\\/#primaryimage\"},\"image\":{\"@id\":\"https:\\\/\\\/rosariumlottum.com\\\/de\\\/produkt\\\/princess-alexandra-of-kentausmerchant\\\/#primaryimage\"},\"thumbnailUrl\":\"https:\\\/\\\/rosariumlottum.com\\\/wp-content\\\/uploads\\\/2024\\\/09\\\/Princess-Alexandra-of-Kent__DSC0096-scaled.jpg\",\"datePublished\":\"2024-09-24T10:57:50+00:00\",\"dateModified\":\"2024-09-26T07:11:16+00:00\",\"breadcrumb\":{\"@id\":\"https:\\\/\\\/rosariumlottum.com\\\/de\\\/produkt\\\/princess-alexandra-of-kentausmerchant\\\/#breadcrumb\"},\"inLanguage\":\"de\",\"potentialAction\":[{\"@type\":\"ReadAction\",\"target\":[\"https:\\\/\\\/rosariumlottum.com\\\/de\\\/produkt\\\/princess-alexandra-of-kentausmerchant\\\/\"]}]},{\"@type\":\"ImageObject\",\"inLanguage\":\"de\",\"@id\":\"https:\\\/\\\/rosariumlottum.com\\\/de\\\/produkt\\\/princess-alexandra-of-kentausmerchant\\\/#primaryimage\",\"url\":\"https:\\\/\\\/rosariumlottum.com\\\/wp-content\\\/uploads\\\/2024\\\/09\\\/Princess-Alexandra-of-Kent__DSC0096-scaled.jpg\",\"contentUrl\":\"https:\\\/\\\/rosariumlottum.com\\\/wp-content\\\/uploads\\\/2024\\\/09\\\/Princess-Alexandra-of-Kent__DSC0096-scaled.jpg\",\"width\":2560,\"height\":1700,\"caption\":\"The unusually large, bright pink flowers are full-petalled and deeply cupped. In spite of their size, they are never clumsy, being held nicely poised on a well-rounded shrub. There is a strong and delicious fresh Tea fragrance, which changes to lemon, eventually taking on hints of blackcurrants. Named for Princess Alexandra \u2013 a keen gardener.\"},{\"@type\":\"BreadcrumbList\",\"@id\":\"https:\\\/\\\/rosariumlottum.com\\\/de\\\/produkt\\\/princess-alexandra-of-kentausmerchant\\\/#breadcrumb\",\"itemListElement\":[{\"@type\":\"ListItem\",\"position\":1,\"name\":\"Home\",\"item\":\"https:\\\/\\\/rosariumlottum.com\\\/de\\\/\"},{\"@type\":\"ListItem\",\"position\":2,\"name\":\"Webshop\",\"item\":\"https:\\\/\\\/rosariumlottum.com\\\/de\\\/webshop\\\/\"},{\"@type\":\"ListItem\",\"position\":3,\"name\":\"Princess Alexandra of Kent\u00ae(Ausmerchant)\"}]},{\"@type\":\"WebSite\",\"@id\":\"https:\\\/\\\/rosariumlottum.com\\\/de\\\/#website\",\"url\":\"https:\\\/\\\/rosariumlottum.com\\\/de\\\/\",\"name\":\"Rosarium Lottum\",\"description\":\"Rosarium Luxury Roses\",\"publisher\":{\"@id\":\"https:\\\/\\\/rosariumlottum.com\\\/de\\\/#organization\"},\"potentialAction\":[{\"@type\":\"SearchAction\",\"target\":{\"@type\":\"EntryPoint\",\"urlTemplate\":\"https:\\\/\\\/rosariumlottum.com\\\/de\\\/?s={search_term_string}\"},\"query-input\":{\"@type\":\"PropertyValueSpecification\",\"valueRequired\":true,\"valueName\":\"search_term_string\"}}],\"inLanguage\":\"de\"},{\"@type\":\"Organization\",\"@id\":\"https:\\\/\\\/rosariumlottum.com\\\/de\\\/#organization\",\"name\":\"Rosarium Lottum\",\"url\":\"https:\\\/\\\/rosariumlottum.com\\\/de\\\/\",\"logo\":{\"@type\":\"ImageObject\",\"inLanguage\":\"de\",\"@id\":\"https:\\\/\\\/rosariumlottum.com\\\/de\\\/#\\\/schema\\\/logo\\\/image\\\/\",\"url\":\"https:\\\/\\\/rosariumlottum.com\\\/wp-content\\\/uploads\\\/2021\\\/09\\\/rosairum.png\",\"contentUrl\":\"https:\\\/\\\/rosariumlottum.com\\\/wp-content\\\/uploads\\\/2021\\\/09\\\/rosairum.png\",\"width\":378,\"height\":115,\"caption\":\"Rosarium Lottum\"},\"image\":{\"@id\":\"https:\\\/\\\/rosariumlottum.com\\\/de\\\/#\\\/schema\\\/logo\\\/image\\\/\"}}]}<\/script>\n<!-- \/ Yoast SEO plugin. -->","yoast_head_json":{"title":"Princess Alexandra of Kent\u00ae(Ausmerchant) | Rosarium Lottum","robots":{"index":"index","follow":"follow","max-snippet":"max-snippet:-1","max-image-preview":"max-image-preview:large","max-video-preview":"max-video-preview:-1"},"canonical":"https:\/\/rosariumlottum.com\/de\/produkt\/princess-alexandra-of-kentausmerchant\/","og_locale":"de_DE","og_type":"article","og_title":"Princess Alexandra of Kent\u00ae(Ausmerchant) | Rosarium Lottum","og_description":"[vc_row][vc_column][vc_column_text]Die sehr gro\u00dfen, leuchtend rosa Bl\u00fcten sind gef\u00fcllt, schalenf\u00f6rmig und bl\u00fchen in kleinen B\u00fcscheln. Starker Duft nach Zitrone mit einem [&hellip;]","og_url":"https:\/\/rosariumlottum.com\/de\/produkt\/princess-alexandra-of-kentausmerchant\/","og_site_name":"Rosarium Lottum","article_modified_time":"2024-09-26T07:11:16+00:00","og_image":[{"width":2560,"height":1700,"url":"https:\/\/rosariumlottum.com\/wp-content\/uploads\/2024\/09\/Princess-Alexandra-of-Kent__DSC0096-scaled.jpg","type":"image\/jpeg"}],"twitter_card":"summary_large_image","schema":{"@context":"https:\/\/schema.org","@graph":[{"@type":["WebPage","ItemPage"],"@id":"https:\/\/rosariumlottum.com\/de\/produkt\/princess-alexandra-of-kentausmerchant\/","url":"https:\/\/rosariumlottum.com\/de\/produkt\/princess-alexandra-of-kentausmerchant\/","name":"Princess Alexandra of Kent\u00ae(Ausmerchant) | Rosarium Lottum","isPartOf":{"@id":"https:\/\/rosariumlottum.com\/de\/#website"},"primaryImageOfPage":{"@id":"https:\/\/rosariumlottum.com\/de\/produkt\/princess-alexandra-of-kentausmerchant\/#primaryimage"},"image":{"@id":"https:\/\/rosariumlottum.com\/de\/produkt\/princess-alexandra-of-kentausmerchant\/#primaryimage"},"thumbnailUrl":"https:\/\/rosariumlottum.com\/wp-content\/uploads\/2024\/09\/Princess-Alexandra-of-Kent__DSC0096-scaled.jpg","datePublished":"2024-09-24T10:57:50+00:00","dateModified":"2024-09-26T07:11:16+00:00","breadcrumb":{"@id":"https:\/\/rosariumlottum.com\/de\/produkt\/princess-alexandra-of-kentausmerchant\/#breadcrumb"},"inLanguage":"de","potentialAction":[{"@type":"ReadAction","target":["https:\/\/rosariumlottum.com\/de\/produkt\/princess-alexandra-of-kentausmerchant\/"]}]},{"@type":"ImageObject","inLanguage":"de","@id":"https:\/\/rosariumlottum.com\/de\/produkt\/princess-alexandra-of-kentausmerchant\/#primaryimage","url":"https:\/\/rosariumlottum.com\/wp-content\/uploads\/2024\/09\/Princess-Alexandra-of-Kent__DSC0096-scaled.jpg","contentUrl":"https:\/\/rosariumlottum.com\/wp-content\/uploads\/2024\/09\/Princess-Alexandra-of-Kent__DSC0096-scaled.jpg","width":2560,"height":1700,"caption":"The unusually large, bright pink flowers are full-petalled and deeply cupped. In spite of their size, they are never clumsy, being held nicely poised on a well-rounded shrub. There is a strong and delicious fresh Tea fragrance, which changes to lemon, eventually taking on hints of blackcurrants. Named for Princess Alexandra \u2013 a keen gardener."},{"@type":"BreadcrumbList","@id":"https:\/\/rosariumlottum.com\/de\/produkt\/princess-alexandra-of-kentausmerchant\/#breadcrumb","itemListElement":[{"@type":"ListItem","position":1,"name":"Home","item":"https:\/\/rosariumlottum.com\/de\/"},{"@type":"ListItem","position":2,"name":"Webshop","item":"https:\/\/rosariumlottum.com\/de\/webshop\/"},{"@type":"ListItem","position":3,"name":"Princess Alexandra of Kent\u00ae(Ausmerchant)"}]},{"@type":"WebSite","@id":"https:\/\/rosariumlottum.com\/de\/#website","url":"https:\/\/rosariumlottum.com\/de\/","name":"Rosarium Lottum","description":"Rosarium Luxury Roses","publisher":{"@id":"https:\/\/rosariumlottum.com\/de\/#organization"},"potentialAction":[{"@type":"SearchAction","target":{"@type":"EntryPoint","urlTemplate":"https:\/\/rosariumlottum.com\/de\/?s={search_term_string}"},"query-input":{"@type":"PropertyValueSpecification","valueRequired":true,"valueName":"search_term_string"}}],"inLanguage":"de"},{"@type":"Organization","@id":"https:\/\/rosariumlottum.com\/de\/#organization","name":"Rosarium Lottum","url":"https:\/\/rosariumlottum.com\/de\/","logo":{"@type":"ImageObject","inLanguage":"de","@id":"https:\/\/rosariumlottum.com\/de\/#\/schema\/logo\/image\/","url":"https:\/\/rosariumlottum.com\/wp-content\/uploads\/2021\/09\/rosairum.png","contentUrl":"https:\/\/rosariumlottum.com\/wp-content\/uploads\/2021\/09\/rosairum.png","width":378,"height":115,"caption":"Rosarium Lottum"},"image":{"@id":"https:\/\/rosariumlottum.com\/de\/#\/schema\/logo\/image\/"}}]}},"_links":{"self":[{"href":"https:\/\/rosariumlottum.com\/de\/wp-json\/wp\/v2\/product\/32538","targetHints":{"allow":["GET"]}}],"collection":[{"href":"https:\/\/rosariumlottum.com\/de\/wp-json\/wp\/v2\/product"}],"about":[{"href":"https:\/\/rosariumlottum.com\/de\/wp-json\/wp\/v2\/types\/product"}],"replies":[{"embeddable":true,"href":"https:\/\/rosariumlottum.com\/de\/wp-json\/wp\/v2\/comments?post=32538"}],"wp:featuredmedia":[{"embeddable":true,"href":"https:\/\/rosariumlottum.com\/de\/wp-json\/wp\/v2\/media\/32402"}],"wp:attachment":[{"href":"https:\/\/rosariumlottum.com\/de\/wp-json\/wp\/v2\/media?parent=32538"}],"wp:term":[{"taxonomy":"product_brand","embeddable":true,"href":"https:\/\/rosariumlottum.com\/de\/wp-json\/wp\/v2\/product_brand?post=32538"},{"taxonomy":"product_cat","embeddable":true,"href":"https:\/\/rosariumlottum.com\/de\/wp-json\/wp\/v2\/product_cat?post=32538"},{"taxonomy":"product_tag","embeddable":true,"href":"https:\/\/rosariumlottum.com\/de\/wp-json\/wp\/v2\/product_tag?post=32538"}],"curies":[{"name":"wp","href":"https:\/\/api.w.org\/{rel}","templated":true}]}}