{"id":32531,"date":"2024-09-24T11:58:34","date_gmt":"2024-09-24T09:58:34","guid":{"rendered":"https:\/\/rosariumlottum.com\/?post_type=product&#038;p=32531"},"modified":"2024-09-26T09:28:25","modified_gmt":"2024-09-26T07:28:25","slug":"olivia-rose-austinausmixture","status":"publish","type":"product","link":"https:\/\/rosariumlottum.com\/de\/produkt\/olivia-rose-austinausmixture\/","title":{"rendered":"Olivia Rose Austin\u00ae(Ausmixture)"},"content":{"rendered":"<p>[vc_row][vc_column][vc_column_text]H\u00fcbsche Knospen \u00f6ffnen sich zu sch\u00f6nen, rosettenf\u00f6rmigen Bl\u00fcten von gleichm\u00e4\u00dfiger, mittelrosa Farbe. Sie haben einen leichten bis mittleren fruchtigen Duft. Die Olivia Rose Austin\u00ae beginnt au\u00dfergew\u00f6hnlich fr\u00fch in der Saison zu bl\u00fchen und bl\u00fcht bis weit in den Herbst hinein. Sie ist ein sehr gesunder, gleichm\u00e4\u00dfiger Strauch mit dunkelgr\u00fcnem Laub, das die Bl\u00fcten am besten zur Geltung bringt. Eine wundersch\u00f6ne, reich und lang bl\u00fchende Rose aus der David Austin\u00ae Rosenkollektion.[\/vc_column_text][\/vc_column][\/vc_row]<\/p>\n","protected":false},"excerpt":{"rendered":"<p>[vc_row][vc_column][vc_column_text]H\u00fcbsche Knospen \u00f6ffnen sich zu sch\u00f6nen, rosettenf\u00f6rmigen Bl\u00fcten von gleichm\u00e4\u00dfiger, mittelrosa Farbe. Sie haben einen leichten bis mittleren fruchtigen Duft. [&hellip;]<\/p>\n","protected":false},"featured_media":32396,"comment_status":"closed","ping_status":"closed","template":"","meta":{"_acf_changed":false},"product_brand":[],"product_cat":[656,624],"product_tag":[],"class_list":{"0":"post-32531","1":"product","2":"type-product","3":"status-publish","4":"has-post-thumbnail","6":"product_cat-englische-david-austin-rosen","7":"product_cat-duft-rosen","9":"first","10":"instock","11":"taxable","12":"shipping-taxable","13":"product-type-grouped"},"acf":[],"yoast_head":"<!-- This site is optimized with the Yoast SEO plugin v27.0 - https:\/\/yoast.com\/product\/yoast-seo-wordpress\/ -->\n<title>Olivia Rose Austin\u00ae(Ausmixture) | Rosarium Lottum<\/title>\n<meta name=\"robots\" content=\"index, follow, max-snippet:-1, max-image-preview:large, max-video-preview:-1\" \/>\n<link rel=\"canonical\" href=\"https:\/\/rosariumlottum.com\/de\/produkt\/olivia-rose-austinausmixture\/\" \/>\n<meta property=\"og:locale\" content=\"de_DE\" \/>\n<meta property=\"og:type\" content=\"article\" \/>\n<meta property=\"og:title\" content=\"Olivia Rose Austin\u00ae(Ausmixture) | Rosarium Lottum\" \/>\n<meta property=\"og:description\" content=\"[vc_row][vc_column][vc_column_text]H\u00fcbsche Knospen \u00f6ffnen sich zu sch\u00f6nen, rosettenf\u00f6rmigen Bl\u00fcten von gleichm\u00e4\u00dfiger, mittelrosa Farbe. Sie haben einen leichten bis mittleren fruchtigen Duft. [&hellip;]\" \/>\n<meta property=\"og:url\" content=\"https:\/\/rosariumlottum.com\/de\/produkt\/olivia-rose-austinausmixture\/\" \/>\n<meta property=\"og:site_name\" content=\"Rosarium Lottum\" \/>\n<meta property=\"article:modified_time\" content=\"2024-09-26T07:28:25+00:00\" \/>\n<meta property=\"og:image\" content=\"https:\/\/rosariumlottum.com\/wp-content\/uploads\/2024\/09\/Olivia-Rose-Austin_CMYK_2019_handbook-684x1024.jpg\" \/>\n\t<meta property=\"og:image:width\" content=\"684\" \/>\n\t<meta property=\"og:image:height\" content=\"1024\" \/>\n\t<meta property=\"og:image:type\" content=\"image\/jpeg\" \/>\n<meta name=\"twitter:card\" content=\"summary_large_image\" \/>\n<script type=\"application\/ld+json\" class=\"yoast-schema-graph\">{\"@context\":\"https:\/\/schema.org\",\"@graph\":[{\"@type\":[\"WebPage\",\"ItemPage\"],\"@id\":\"https:\/\/rosariumlottum.com\/de\/produkt\/olivia-rose-austinausmixture\/\",\"url\":\"https:\/\/rosariumlottum.com\/de\/produkt\/olivia-rose-austinausmixture\/\",\"name\":\"Olivia Rose Austin\u00ae(Ausmixture) | Rosarium Lottum\",\"isPartOf\":{\"@id\":\"https:\/\/rosariumlottum.com\/de\/#website\"},\"primaryImageOfPage\":{\"@id\":\"https:\/\/rosariumlottum.com\/de\/produkt\/olivia-rose-austinausmixture\/#primaryimage\"},\"image\":{\"@id\":\"https:\/\/rosariumlottum.com\/de\/produkt\/olivia-rose-austinausmixture\/#primaryimage\"},\"thumbnailUrl\":\"https:\/\/rosariumlottum.com\/wp-content\/uploads\/2024\/09\/Olivia-Rose-Austin_CMYK_2019_handbook-scaled.jpg\",\"datePublished\":\"2024-09-24T09:58:34+00:00\",\"dateModified\":\"2024-09-26T07:28:25+00:00\",\"breadcrumb\":{\"@id\":\"https:\/\/rosariumlottum.com\/de\/produkt\/olivia-rose-austinausmixture\/#breadcrumb\"},\"inLanguage\":\"de\",\"potentialAction\":[{\"@type\":\"ReadAction\",\"target\":[\"https:\/\/rosariumlottum.com\/de\/produkt\/olivia-rose-austinausmixture\/\"]}]},{\"@type\":\"ImageObject\",\"inLanguage\":\"de\",\"@id\":\"https:\/\/rosariumlottum.com\/de\/produkt\/olivia-rose-austinausmixture\/#primaryimage\",\"url\":\"https:\/\/rosariumlottum.com\/wp-content\/uploads\/2024\/09\/Olivia-Rose-Austin_CMYK_2019_handbook-scaled.jpg\",\"contentUrl\":\"https:\/\/rosariumlottum.com\/wp-content\/uploads\/2024\/09\/Olivia-Rose-Austin_CMYK_2019_handbook-scaled.jpg\",\"width\":1709,\"height\":2560,\"caption\":\"Pretty buds open to beautiful, cupped rosettes of an even, mid pink colouring. They have a light to medium fruity fragrance. It commences flowering exceptionally early in the season and flowers in flushes until well into the autumn. It forms a very healthy, well-balanced shrub with dark green foliage, which shows off the flowers to the very best effect. Named after the daughter of David Austin Junior and granddaughter of David Austin Senior.David Austin, 2014.\"},{\"@type\":\"BreadcrumbList\",\"@id\":\"https:\/\/rosariumlottum.com\/de\/produkt\/olivia-rose-austinausmixture\/#breadcrumb\",\"itemListElement\":[{\"@type\":\"ListItem\",\"position\":1,\"name\":\"Home\",\"item\":\"https:\/\/rosariumlottum.com\/de\/\"},{\"@type\":\"ListItem\",\"position\":2,\"name\":\"Webshop\",\"item\":\"https:\/\/rosariumlottum.com\/de\/webshop\/\"},{\"@type\":\"ListItem\",\"position\":3,\"name\":\"Olivia Rose Austin\u00ae(Ausmixture)\"}]},{\"@type\":\"WebSite\",\"@id\":\"https:\/\/rosariumlottum.com\/de\/#website\",\"url\":\"https:\/\/rosariumlottum.com\/de\/\",\"name\":\"Rosarium Lottum\",\"description\":\"Rosarium Luxury Roses\",\"publisher\":{\"@id\":\"https:\/\/rosariumlottum.com\/de\/#organization\"},\"potentialAction\":[{\"@type\":\"SearchAction\",\"target\":{\"@type\":\"EntryPoint\",\"urlTemplate\":\"https:\/\/rosariumlottum.com\/de\/?s={search_term_string}\"},\"query-input\":{\"@type\":\"PropertyValueSpecification\",\"valueRequired\":true,\"valueName\":\"search_term_string\"}}],\"inLanguage\":\"de\"},{\"@type\":\"Organization\",\"@id\":\"https:\/\/rosariumlottum.com\/de\/#organization\",\"name\":\"Rosarium Lottum\",\"url\":\"https:\/\/rosariumlottum.com\/de\/\",\"logo\":{\"@type\":\"ImageObject\",\"inLanguage\":\"de\",\"@id\":\"https:\/\/rosariumlottum.com\/de\/#\/schema\/logo\/image\/\",\"url\":\"https:\/\/rosariumlottum.com\/wp-content\/uploads\/2021\/09\/rosairum.png\",\"contentUrl\":\"https:\/\/rosariumlottum.com\/wp-content\/uploads\/2021\/09\/rosairum.png\",\"width\":378,\"height\":115,\"caption\":\"Rosarium Lottum\"},\"image\":{\"@id\":\"https:\/\/rosariumlottum.com\/de\/#\/schema\/logo\/image\/\"}}]}<\/script>\n<!-- \/ Yoast SEO plugin. -->","yoast_head_json":{"title":"Olivia Rose Austin\u00ae(Ausmixture) | Rosarium Lottum","robots":{"index":"index","follow":"follow","max-snippet":"max-snippet:-1","max-image-preview":"max-image-preview:large","max-video-preview":"max-video-preview:-1"},"canonical":"https:\/\/rosariumlottum.com\/de\/produkt\/olivia-rose-austinausmixture\/","og_locale":"de_DE","og_type":"article","og_title":"Olivia Rose Austin\u00ae(Ausmixture) | Rosarium Lottum","og_description":"[vc_row][vc_column][vc_column_text]H\u00fcbsche Knospen \u00f6ffnen sich zu sch\u00f6nen, rosettenf\u00f6rmigen Bl\u00fcten von gleichm\u00e4\u00dfiger, mittelrosa Farbe. Sie haben einen leichten bis mittleren fruchtigen Duft. [&hellip;]","og_url":"https:\/\/rosariumlottum.com\/de\/produkt\/olivia-rose-austinausmixture\/","og_site_name":"Rosarium Lottum","article_modified_time":"2024-09-26T07:28:25+00:00","og_image":[{"width":684,"height":1024,"url":"https:\/\/rosariumlottum.com\/wp-content\/uploads\/2024\/09\/Olivia-Rose-Austin_CMYK_2019_handbook-684x1024.jpg","type":"image\/jpeg"}],"twitter_card":"summary_large_image","schema":{"@context":"https:\/\/schema.org","@graph":[{"@type":["WebPage","ItemPage"],"@id":"https:\/\/rosariumlottum.com\/de\/produkt\/olivia-rose-austinausmixture\/","url":"https:\/\/rosariumlottum.com\/de\/produkt\/olivia-rose-austinausmixture\/","name":"Olivia Rose Austin\u00ae(Ausmixture) | Rosarium Lottum","isPartOf":{"@id":"https:\/\/rosariumlottum.com\/de\/#website"},"primaryImageOfPage":{"@id":"https:\/\/rosariumlottum.com\/de\/produkt\/olivia-rose-austinausmixture\/#primaryimage"},"image":{"@id":"https:\/\/rosariumlottum.com\/de\/produkt\/olivia-rose-austinausmixture\/#primaryimage"},"thumbnailUrl":"https:\/\/rosariumlottum.com\/wp-content\/uploads\/2024\/09\/Olivia-Rose-Austin_CMYK_2019_handbook-scaled.jpg","datePublished":"2024-09-24T09:58:34+00:00","dateModified":"2024-09-26T07:28:25+00:00","breadcrumb":{"@id":"https:\/\/rosariumlottum.com\/de\/produkt\/olivia-rose-austinausmixture\/#breadcrumb"},"inLanguage":"de","potentialAction":[{"@type":"ReadAction","target":["https:\/\/rosariumlottum.com\/de\/produkt\/olivia-rose-austinausmixture\/"]}]},{"@type":"ImageObject","inLanguage":"de","@id":"https:\/\/rosariumlottum.com\/de\/produkt\/olivia-rose-austinausmixture\/#primaryimage","url":"https:\/\/rosariumlottum.com\/wp-content\/uploads\/2024\/09\/Olivia-Rose-Austin_CMYK_2019_handbook-scaled.jpg","contentUrl":"https:\/\/rosariumlottum.com\/wp-content\/uploads\/2024\/09\/Olivia-Rose-Austin_CMYK_2019_handbook-scaled.jpg","width":1709,"height":2560,"caption":"Pretty buds open to beautiful, cupped rosettes of an even, mid pink colouring. They have a light to medium fruity fragrance. It commences flowering exceptionally early in the season and flowers in flushes until well into the autumn. It forms a very healthy, well-balanced shrub with dark green foliage, which shows off the flowers to the very best effect. Named after the daughter of David Austin Junior and granddaughter of David Austin Senior.David Austin, 2014."},{"@type":"BreadcrumbList","@id":"https:\/\/rosariumlottum.com\/de\/produkt\/olivia-rose-austinausmixture\/#breadcrumb","itemListElement":[{"@type":"ListItem","position":1,"name":"Home","item":"https:\/\/rosariumlottum.com\/de\/"},{"@type":"ListItem","position":2,"name":"Webshop","item":"https:\/\/rosariumlottum.com\/de\/webshop\/"},{"@type":"ListItem","position":3,"name":"Olivia Rose Austin\u00ae(Ausmixture)"}]},{"@type":"WebSite","@id":"https:\/\/rosariumlottum.com\/de\/#website","url":"https:\/\/rosariumlottum.com\/de\/","name":"Rosarium Lottum","description":"Rosarium Luxury Roses","publisher":{"@id":"https:\/\/rosariumlottum.com\/de\/#organization"},"potentialAction":[{"@type":"SearchAction","target":{"@type":"EntryPoint","urlTemplate":"https:\/\/rosariumlottum.com\/de\/?s={search_term_string}"},"query-input":{"@type":"PropertyValueSpecification","valueRequired":true,"valueName":"search_term_string"}}],"inLanguage":"de"},{"@type":"Organization","@id":"https:\/\/rosariumlottum.com\/de\/#organization","name":"Rosarium Lottum","url":"https:\/\/rosariumlottum.com\/de\/","logo":{"@type":"ImageObject","inLanguage":"de","@id":"https:\/\/rosariumlottum.com\/de\/#\/schema\/logo\/image\/","url":"https:\/\/rosariumlottum.com\/wp-content\/uploads\/2021\/09\/rosairum.png","contentUrl":"https:\/\/rosariumlottum.com\/wp-content\/uploads\/2021\/09\/rosairum.png","width":378,"height":115,"caption":"Rosarium Lottum"},"image":{"@id":"https:\/\/rosariumlottum.com\/de\/#\/schema\/logo\/image\/"}}]}},"_links":{"self":[{"href":"https:\/\/rosariumlottum.com\/de\/wp-json\/wp\/v2\/product\/32531","targetHints":{"allow":["GET"]}}],"collection":[{"href":"https:\/\/rosariumlottum.com\/de\/wp-json\/wp\/v2\/product"}],"about":[{"href":"https:\/\/rosariumlottum.com\/de\/wp-json\/wp\/v2\/types\/product"}],"replies":[{"embeddable":true,"href":"https:\/\/rosariumlottum.com\/de\/wp-json\/wp\/v2\/comments?post=32531"}],"wp:featuredmedia":[{"embeddable":true,"href":"https:\/\/rosariumlottum.com\/de\/wp-json\/wp\/v2\/media\/32396"}],"wp:attachment":[{"href":"https:\/\/rosariumlottum.com\/de\/wp-json\/wp\/v2\/media?parent=32531"}],"wp:term":[{"taxonomy":"product_brand","embeddable":true,"href":"https:\/\/rosariumlottum.com\/de\/wp-json\/wp\/v2\/product_brand?post=32531"},{"taxonomy":"product_cat","embeddable":true,"href":"https:\/\/rosariumlottum.com\/de\/wp-json\/wp\/v2\/product_cat?post=32531"},{"taxonomy":"product_tag","embeddable":true,"href":"https:\/\/rosariumlottum.com\/de\/wp-json\/wp\/v2\/product_tag?post=32531"}],"curies":[{"name":"wp","href":"https:\/\/api.w.org\/{rel}","templated":true}]}}