{"id":32493,"date":"2024-09-23T16:26:53","date_gmt":"2024-09-23T14:26:53","guid":{"rendered":"https:\/\/rosariumlottum.com\/?post_type=product&#038;p=32493"},"modified":"2024-09-26T11:40:03","modified_gmt":"2024-09-26T09:40:03","slug":"gabriel-oak-auscrowd","status":"publish","type":"product","link":"https:\/\/rosariumlottum.com\/de\/produkt\/gabriel-oak-auscrowd\/","title":{"rendered":"Gabriel Oak\u00ae (Auscrowd)"},"content":{"rendered":"<p>[vc_row][vc_column][vc_column_text]Wundersch\u00f6ne gro\u00dfe, stark gef\u00fcllte, rosettenf\u00f6rmige, tiefrosa Bl\u00fcten, deren \u00e4u\u00dfere Bl\u00fctenbl\u00e4tter mit der Zeit leicht verblassen. Die Rosen bl\u00fchen in kleinen B\u00fcscheln und haben einen wunderbar starken, fruchtigen Duft.<br \/>\nGabriel Oak\u00ae ist einen kr\u00e4ftigen Strauch mit buschigem, rundem Wuchs und gesundem, gl\u00e4nzendem, dunkelgr\u00fcnem Laub.<br \/>\nSch\u00f6ne, reich und lang bl\u00fchende Rose aus der David Austin\u00ae Rosenkollektion.[\/vc_column_text][\/vc_column][\/vc_row]<\/p>\n","protected":false},"excerpt":{"rendered":"<p>[vc_row][vc_column][vc_column_text]Wundersch\u00f6ne gro\u00dfe, stark gef\u00fcllte, rosettenf\u00f6rmige, tiefrosa Bl\u00fcten, deren \u00e4u\u00dfere Bl\u00fctenbl\u00e4tter mit der Zeit leicht verblassen. Die Rosen bl\u00fchen in kleinen [&hellip;]<\/p>\n","protected":false},"featured_media":32411,"comment_status":"closed","ping_status":"closed","template":"","meta":{"_acf_changed":false},"product_brand":[],"product_cat":[624,656],"product_tag":[],"class_list":{"0":"post-32493","1":"product","2":"type-product","3":"status-publish","4":"has-post-thumbnail","6":"product_cat-duft-rosen","7":"product_cat-englische-david-austin-rosen","9":"first","10":"instock","11":"taxable","12":"shipping-taxable","13":"product-type-grouped"},"acf":[],"yoast_head":"<!-- This site is optimized with the Yoast SEO plugin v27.4 - https:\/\/yoast.com\/product\/yoast-seo-wordpress\/ -->\n<title>Gabriel Oak\u00ae (Auscrowd) | Rosarium Lottum<\/title>\n<meta name=\"robots\" content=\"index, follow, max-snippet:-1, max-image-preview:large, max-video-preview:-1\" \/>\n<link rel=\"canonical\" href=\"https:\/\/rosariumlottum.com\/de\/produkt\/gabriel-oak-auscrowd\/\" \/>\n<meta property=\"og:locale\" content=\"de_DE\" \/>\n<meta property=\"og:type\" content=\"article\" \/>\n<meta property=\"og:title\" content=\"Gabriel Oak\u00ae (Auscrowd) | Rosarium Lottum\" \/>\n<meta property=\"og:description\" content=\"[vc_row][vc_column][vc_column_text]Wundersch\u00f6ne gro\u00dfe, stark gef\u00fcllte, rosettenf\u00f6rmige, tiefrosa Bl\u00fcten, deren \u00e4u\u00dfere Bl\u00fctenbl\u00e4tter mit der Zeit leicht verblassen. Die Rosen bl\u00fchen in kleinen [&hellip;]\" \/>\n<meta property=\"og:url\" content=\"https:\/\/rosariumlottum.com\/de\/produkt\/gabriel-oak-auscrowd\/\" \/>\n<meta property=\"og:site_name\" content=\"Rosarium Lottum\" \/>\n<meta property=\"article:modified_time\" content=\"2024-09-26T09:40:03+00:00\" \/>\n<meta property=\"og:image\" content=\"https:\/\/rosariumlottum.com\/wp-content\/uploads\/2024\/09\/Rosa-Gabriel-Oak_19A2468-scaled.jpg\" \/>\n\t<meta property=\"og:image:width\" content=\"1707\" \/>\n\t<meta property=\"og:image:height\" content=\"2560\" \/>\n\t<meta property=\"og:image:type\" content=\"image\/jpeg\" \/>\n<meta name=\"twitter:card\" content=\"summary_large_image\" \/>\n<script type=\"application\/ld+json\" class=\"yoast-schema-graph\">{\"@context\":\"https:\\\/\\\/schema.org\",\"@graph\":[{\"@type\":[\"WebPage\",\"ItemPage\"],\"@id\":\"https:\\\/\\\/rosariumlottum.com\\\/de\\\/produkt\\\/gabriel-oak-auscrowd\\\/\",\"url\":\"https:\\\/\\\/rosariumlottum.com\\\/de\\\/produkt\\\/gabriel-oak-auscrowd\\\/\",\"name\":\"Gabriel Oak\u00ae (Auscrowd) | Rosarium Lottum\",\"isPartOf\":{\"@id\":\"https:\\\/\\\/rosariumlottum.com\\\/de\\\/#website\"},\"primaryImageOfPage\":{\"@id\":\"https:\\\/\\\/rosariumlottum.com\\\/de\\\/produkt\\\/gabriel-oak-auscrowd\\\/#primaryimage\"},\"image\":{\"@id\":\"https:\\\/\\\/rosariumlottum.com\\\/de\\\/produkt\\\/gabriel-oak-auscrowd\\\/#primaryimage\"},\"thumbnailUrl\":\"https:\\\/\\\/rosariumlottum.com\\\/wp-content\\\/uploads\\\/2024\\\/09\\\/Rosa-Gabriel-Oak_19A2468-scaled.jpg\",\"datePublished\":\"2024-09-23T14:26:53+00:00\",\"dateModified\":\"2024-09-26T09:40:03+00:00\",\"breadcrumb\":{\"@id\":\"https:\\\/\\\/rosariumlottum.com\\\/de\\\/produkt\\\/gabriel-oak-auscrowd\\\/#breadcrumb\"},\"inLanguage\":\"de\",\"potentialAction\":[{\"@type\":\"ReadAction\",\"target\":[\"https:\\\/\\\/rosariumlottum.com\\\/de\\\/produkt\\\/gabriel-oak-auscrowd\\\/\"]}]},{\"@type\":\"ImageObject\",\"inLanguage\":\"de\",\"@id\":\"https:\\\/\\\/rosariumlottum.com\\\/de\\\/produkt\\\/gabriel-oak-auscrowd\\\/#primaryimage\",\"url\":\"https:\\\/\\\/rosariumlottum.com\\\/wp-content\\\/uploads\\\/2024\\\/09\\\/Rosa-Gabriel-Oak_19A2468-scaled.jpg\",\"contentUrl\":\"https:\\\/\\\/rosariumlottum.com\\\/wp-content\\\/uploads\\\/2024\\\/09\\\/Rosa-Gabriel-Oak_19A2468-scaled.jpg\",\"width\":1707,\"height\":2560,\"caption\":\"Magnificent, large, many petalled rosette blooms of a striking shade of deep pink, the outer petals paling slightly over time. A vigorous rose with mulberry purple stems, dark green foliage and a strong fruity fragrance. Named after the Hardy novel 'Far from the Madding Crowd'.\"},{\"@type\":\"BreadcrumbList\",\"@id\":\"https:\\\/\\\/rosariumlottum.com\\\/de\\\/produkt\\\/gabriel-oak-auscrowd\\\/#breadcrumb\",\"itemListElement\":[{\"@type\":\"ListItem\",\"position\":1,\"name\":\"Home\",\"item\":\"https:\\\/\\\/rosariumlottum.com\\\/de\\\/\"},{\"@type\":\"ListItem\",\"position\":2,\"name\":\"Webshop\",\"item\":\"https:\\\/\\\/rosariumlottum.com\\\/de\\\/webshop\\\/\"},{\"@type\":\"ListItem\",\"position\":3,\"name\":\"Gabriel Oak\u00ae (Auscrowd)\"}]},{\"@type\":\"WebSite\",\"@id\":\"https:\\\/\\\/rosariumlottum.com\\\/de\\\/#website\",\"url\":\"https:\\\/\\\/rosariumlottum.com\\\/de\\\/\",\"name\":\"Rosarium Lottum\",\"description\":\"Rosarium Luxury Roses\",\"publisher\":{\"@id\":\"https:\\\/\\\/rosariumlottum.com\\\/de\\\/#organization\"},\"potentialAction\":[{\"@type\":\"SearchAction\",\"target\":{\"@type\":\"EntryPoint\",\"urlTemplate\":\"https:\\\/\\\/rosariumlottum.com\\\/de\\\/?s={search_term_string}\"},\"query-input\":{\"@type\":\"PropertyValueSpecification\",\"valueRequired\":true,\"valueName\":\"search_term_string\"}}],\"inLanguage\":\"de\"},{\"@type\":\"Organization\",\"@id\":\"https:\\\/\\\/rosariumlottum.com\\\/de\\\/#organization\",\"name\":\"Rosarium Lottum\",\"url\":\"https:\\\/\\\/rosariumlottum.com\\\/de\\\/\",\"logo\":{\"@type\":\"ImageObject\",\"inLanguage\":\"de\",\"@id\":\"https:\\\/\\\/rosariumlottum.com\\\/de\\\/#\\\/schema\\\/logo\\\/image\\\/\",\"url\":\"https:\\\/\\\/rosariumlottum.com\\\/wp-content\\\/uploads\\\/2021\\\/09\\\/rosairum.png\",\"contentUrl\":\"https:\\\/\\\/rosariumlottum.com\\\/wp-content\\\/uploads\\\/2021\\\/09\\\/rosairum.png\",\"width\":378,\"height\":115,\"caption\":\"Rosarium Lottum\"},\"image\":{\"@id\":\"https:\\\/\\\/rosariumlottum.com\\\/de\\\/#\\\/schema\\\/logo\\\/image\\\/\"}}]}<\/script>\n<!-- \/ Yoast SEO plugin. -->","yoast_head_json":{"title":"Gabriel Oak\u00ae (Auscrowd) | Rosarium Lottum","robots":{"index":"index","follow":"follow","max-snippet":"max-snippet:-1","max-image-preview":"max-image-preview:large","max-video-preview":"max-video-preview:-1"},"canonical":"https:\/\/rosariumlottum.com\/de\/produkt\/gabriel-oak-auscrowd\/","og_locale":"de_DE","og_type":"article","og_title":"Gabriel Oak\u00ae (Auscrowd) | Rosarium Lottum","og_description":"[vc_row][vc_column][vc_column_text]Wundersch\u00f6ne gro\u00dfe, stark gef\u00fcllte, rosettenf\u00f6rmige, tiefrosa Bl\u00fcten, deren \u00e4u\u00dfere Bl\u00fctenbl\u00e4tter mit der Zeit leicht verblassen. Die Rosen bl\u00fchen in kleinen [&hellip;]","og_url":"https:\/\/rosariumlottum.com\/de\/produkt\/gabriel-oak-auscrowd\/","og_site_name":"Rosarium Lottum","article_modified_time":"2024-09-26T09:40:03+00:00","og_image":[{"width":1707,"height":2560,"url":"https:\/\/rosariumlottum.com\/wp-content\/uploads\/2024\/09\/Rosa-Gabriel-Oak_19A2468-scaled.jpg","type":"image\/jpeg"}],"twitter_card":"summary_large_image","schema":{"@context":"https:\/\/schema.org","@graph":[{"@type":["WebPage","ItemPage"],"@id":"https:\/\/rosariumlottum.com\/de\/produkt\/gabriel-oak-auscrowd\/","url":"https:\/\/rosariumlottum.com\/de\/produkt\/gabriel-oak-auscrowd\/","name":"Gabriel Oak\u00ae (Auscrowd) | Rosarium Lottum","isPartOf":{"@id":"https:\/\/rosariumlottum.com\/de\/#website"},"primaryImageOfPage":{"@id":"https:\/\/rosariumlottum.com\/de\/produkt\/gabriel-oak-auscrowd\/#primaryimage"},"image":{"@id":"https:\/\/rosariumlottum.com\/de\/produkt\/gabriel-oak-auscrowd\/#primaryimage"},"thumbnailUrl":"https:\/\/rosariumlottum.com\/wp-content\/uploads\/2024\/09\/Rosa-Gabriel-Oak_19A2468-scaled.jpg","datePublished":"2024-09-23T14:26:53+00:00","dateModified":"2024-09-26T09:40:03+00:00","breadcrumb":{"@id":"https:\/\/rosariumlottum.com\/de\/produkt\/gabriel-oak-auscrowd\/#breadcrumb"},"inLanguage":"de","potentialAction":[{"@type":"ReadAction","target":["https:\/\/rosariumlottum.com\/de\/produkt\/gabriel-oak-auscrowd\/"]}]},{"@type":"ImageObject","inLanguage":"de","@id":"https:\/\/rosariumlottum.com\/de\/produkt\/gabriel-oak-auscrowd\/#primaryimage","url":"https:\/\/rosariumlottum.com\/wp-content\/uploads\/2024\/09\/Rosa-Gabriel-Oak_19A2468-scaled.jpg","contentUrl":"https:\/\/rosariumlottum.com\/wp-content\/uploads\/2024\/09\/Rosa-Gabriel-Oak_19A2468-scaled.jpg","width":1707,"height":2560,"caption":"Magnificent, large, many petalled rosette blooms of a striking shade of deep pink, the outer petals paling slightly over time. A vigorous rose with mulberry purple stems, dark green foliage and a strong fruity fragrance. Named after the Hardy novel 'Far from the Madding Crowd'."},{"@type":"BreadcrumbList","@id":"https:\/\/rosariumlottum.com\/de\/produkt\/gabriel-oak-auscrowd\/#breadcrumb","itemListElement":[{"@type":"ListItem","position":1,"name":"Home","item":"https:\/\/rosariumlottum.com\/de\/"},{"@type":"ListItem","position":2,"name":"Webshop","item":"https:\/\/rosariumlottum.com\/de\/webshop\/"},{"@type":"ListItem","position":3,"name":"Gabriel Oak\u00ae (Auscrowd)"}]},{"@type":"WebSite","@id":"https:\/\/rosariumlottum.com\/de\/#website","url":"https:\/\/rosariumlottum.com\/de\/","name":"Rosarium Lottum","description":"Rosarium Luxury Roses","publisher":{"@id":"https:\/\/rosariumlottum.com\/de\/#organization"},"potentialAction":[{"@type":"SearchAction","target":{"@type":"EntryPoint","urlTemplate":"https:\/\/rosariumlottum.com\/de\/?s={search_term_string}"},"query-input":{"@type":"PropertyValueSpecification","valueRequired":true,"valueName":"search_term_string"}}],"inLanguage":"de"},{"@type":"Organization","@id":"https:\/\/rosariumlottum.com\/de\/#organization","name":"Rosarium Lottum","url":"https:\/\/rosariumlottum.com\/de\/","logo":{"@type":"ImageObject","inLanguage":"de","@id":"https:\/\/rosariumlottum.com\/de\/#\/schema\/logo\/image\/","url":"https:\/\/rosariumlottum.com\/wp-content\/uploads\/2021\/09\/rosairum.png","contentUrl":"https:\/\/rosariumlottum.com\/wp-content\/uploads\/2021\/09\/rosairum.png","width":378,"height":115,"caption":"Rosarium Lottum"},"image":{"@id":"https:\/\/rosariumlottum.com\/de\/#\/schema\/logo\/image\/"}}]}},"_links":{"self":[{"href":"https:\/\/rosariumlottum.com\/de\/wp-json\/wp\/v2\/product\/32493","targetHints":{"allow":["GET"]}}],"collection":[{"href":"https:\/\/rosariumlottum.com\/de\/wp-json\/wp\/v2\/product"}],"about":[{"href":"https:\/\/rosariumlottum.com\/de\/wp-json\/wp\/v2\/types\/product"}],"replies":[{"embeddable":true,"href":"https:\/\/rosariumlottum.com\/de\/wp-json\/wp\/v2\/comments?post=32493"}],"wp:featuredmedia":[{"embeddable":true,"href":"https:\/\/rosariumlottum.com\/de\/wp-json\/wp\/v2\/media\/32411"}],"wp:attachment":[{"href":"https:\/\/rosariumlottum.com\/de\/wp-json\/wp\/v2\/media?parent=32493"}],"wp:term":[{"taxonomy":"product_brand","embeddable":true,"href":"https:\/\/rosariumlottum.com\/de\/wp-json\/wp\/v2\/product_brand?post=32493"},{"taxonomy":"product_cat","embeddable":true,"href":"https:\/\/rosariumlottum.com\/de\/wp-json\/wp\/v2\/product_cat?post=32493"},{"taxonomy":"product_tag","embeddable":true,"href":"https:\/\/rosariumlottum.com\/de\/wp-json\/wp\/v2\/product_tag?post=32493"}],"curies":[{"name":"wp","href":"https:\/\/api.w.org\/{rel}","templated":true}]}}