{"id":27095,"date":"2022-12-06T15:40:19","date_gmt":"2022-12-06T14:40:19","guid":{"rendered":"https:\/\/rosariumlottum.com\/?post_type=product&#038;p=27095"},"modified":"2022-12-06T16:09:04","modified_gmt":"2022-12-06T15:09:04","slug":"combi-deal-rosa-1-stammrose-3-beetrosen-leonardo-da-vinci","status":"publish","type":"product","link":"https:\/\/rosariumlottum.com\/de\/produkt\/combi-deal-rosa-1-stammrose-3-beetrosen-leonardo-da-vinci\/","title":{"rendered":"Combi Deal Rosa, 1 Stammrose + 3 Beetrosen Leonardo da Vinci"},"content":{"rendered":"<p>Die Leonardo da Vinci Rose ist definitiv eine unserer besten und meistverkauften Sorten in der rosa Farbe.<br \/>\nSch\u00f6ne nostalgisch gef\u00fcllte Rosen in einer sch\u00f6nen wetterfesten tiefrosa Farbe.<br \/>\nDie Pflanze hat eine aufrechte, buschige, kompakte Wuchsform<br \/>\nund hat sehr gesunde dunkelgr\u00fcne gl\u00e4nzende Bl\u00e4tter, absolut krankheitsresistent.<br \/>\nLeonardo da Vinci w\u00e4chst aufrecht, kompakt und buschig. Ein sehr reich bl\u00fchender und dankbarer Beetrose!<\/p>\n","protected":false},"excerpt":{"rendered":"<p>Topf<\/p>\n","protected":false},"featured_media":27093,"comment_status":"open","ping_status":"closed","template":"","meta":{"_acf_changed":false},"product_brand":[],"product_cat":[663,658],"product_tag":[],"class_list":{"0":"post-27095","1":"product","2":"type-product","3":"status-publish","4":"has-post-thumbnail","6":"product_cat-sonder-angebot","7":"product_cat-stammrosen","9":"first","10":"instock","11":"taxable","12":"shipping-taxable","13":"purchasable","14":"product-type-simple"},"acf":[],"yoast_head":"<!-- This site is optimized with the Yoast SEO plugin v27.0 - https:\/\/yoast.com\/product\/yoast-seo-wordpress\/ -->\n<title>Combi Deal Rosa, 1 Stammrose + 3 Beetrosen Leonardo da Vinci | Rosarium Lottum<\/title>\n<meta name=\"robots\" content=\"index, follow, max-snippet:-1, max-image-preview:large, max-video-preview:-1\" \/>\n<link rel=\"canonical\" href=\"https:\/\/rosariumlottum.com\/de\/produkt\/combi-deal-rosa-1-stammrose-3-beetrosen-leonardo-da-vinci\/\" \/>\n<meta property=\"og:locale\" content=\"de_DE\" \/>\n<meta property=\"og:type\" content=\"article\" \/>\n<meta property=\"og:title\" content=\"Combi Deal Rosa, 1 Stammrose + 3 Beetrosen Leonardo da Vinci | Rosarium Lottum\" \/>\n<meta property=\"og:description\" content=\"Topf\" \/>\n<meta property=\"og:url\" content=\"https:\/\/rosariumlottum.com\/de\/produkt\/combi-deal-rosa-1-stammrose-3-beetrosen-leonardo-da-vinci\/\" \/>\n<meta property=\"og:site_name\" content=\"Rosarium Lottum\" \/>\n<meta property=\"article:modified_time\" content=\"2022-12-06T15:09:04+00:00\" \/>\n<meta property=\"og:image\" content=\"https:\/\/rosariumlottum.com\/wp-content\/uploads\/2022\/12\/IMG_1242-scaled.jpg\" \/>\n\t<meta property=\"og:image:width\" content=\"2560\" \/>\n\t<meta property=\"og:image:height\" content=\"1912\" \/>\n\t<meta property=\"og:image:type\" content=\"image\/jpeg\" \/>\n<meta name=\"twitter:card\" content=\"summary_large_image\" \/>\n<script type=\"application\/ld+json\" class=\"yoast-schema-graph\">{\"@context\":\"https:\/\/schema.org\",\"@graph\":[{\"@type\":[\"WebPage\",\"ItemPage\"],\"@id\":\"https:\/\/rosariumlottum.com\/de\/produkt\/combi-deal-rosa-1-stammrose-3-beetrosen-leonardo-da-vinci\/\",\"url\":\"https:\/\/rosariumlottum.com\/de\/produkt\/combi-deal-rosa-1-stammrose-3-beetrosen-leonardo-da-vinci\/\",\"name\":\"Combi Deal Rosa, 1 Stammrose + 3 Beetrosen Leonardo da Vinci | Rosarium Lottum\",\"isPartOf\":{\"@id\":\"https:\/\/rosariumlottum.com\/de\/#website\"},\"primaryImageOfPage\":{\"@id\":\"https:\/\/rosariumlottum.com\/de\/produkt\/combi-deal-rosa-1-stammrose-3-beetrosen-leonardo-da-vinci\/#primaryimage\"},\"image\":{\"@id\":\"https:\/\/rosariumlottum.com\/de\/produkt\/combi-deal-rosa-1-stammrose-3-beetrosen-leonardo-da-vinci\/#primaryimage\"},\"thumbnailUrl\":\"https:\/\/rosariumlottum.com\/wp-content\/uploads\/2022\/12\/IMG_1242-scaled.jpg\",\"datePublished\":\"2022-12-06T14:40:19+00:00\",\"dateModified\":\"2022-12-06T15:09:04+00:00\",\"breadcrumb\":{\"@id\":\"https:\/\/rosariumlottum.com\/de\/produkt\/combi-deal-rosa-1-stammrose-3-beetrosen-leonardo-da-vinci\/#breadcrumb\"},\"inLanguage\":\"de\",\"potentialAction\":[{\"@type\":\"ReadAction\",\"target\":[\"https:\/\/rosariumlottum.com\/de\/produkt\/combi-deal-rosa-1-stammrose-3-beetrosen-leonardo-da-vinci\/\"]}]},{\"@type\":\"ImageObject\",\"inLanguage\":\"de\",\"@id\":\"https:\/\/rosariumlottum.com\/de\/produkt\/combi-deal-rosa-1-stammrose-3-beetrosen-leonardo-da-vinci\/#primaryimage\",\"url\":\"https:\/\/rosariumlottum.com\/wp-content\/uploads\/2022\/12\/IMG_1242-scaled.jpg\",\"contentUrl\":\"https:\/\/rosariumlottum.com\/wp-content\/uploads\/2022\/12\/IMG_1242-scaled.jpg\",\"width\":2560,\"height\":1912},{\"@type\":\"BreadcrumbList\",\"@id\":\"https:\/\/rosariumlottum.com\/de\/produkt\/combi-deal-rosa-1-stammrose-3-beetrosen-leonardo-da-vinci\/#breadcrumb\",\"itemListElement\":[{\"@type\":\"ListItem\",\"position\":1,\"name\":\"Home\",\"item\":\"https:\/\/rosariumlottum.com\/de\/\"},{\"@type\":\"ListItem\",\"position\":2,\"name\":\"Webshop\",\"item\":\"https:\/\/rosariumlottum.com\/de\/webshop\/\"},{\"@type\":\"ListItem\",\"position\":3,\"name\":\"Combi Deal Rosa, 1 Stammrose + 3 Beetrosen Leonardo da Vinci\"}]},{\"@type\":\"WebSite\",\"@id\":\"https:\/\/rosariumlottum.com\/de\/#website\",\"url\":\"https:\/\/rosariumlottum.com\/de\/\",\"name\":\"Rosarium Lottum\",\"description\":\"Rosarium Luxury Roses\",\"publisher\":{\"@id\":\"https:\/\/rosariumlottum.com\/de\/#organization\"},\"potentialAction\":[{\"@type\":\"SearchAction\",\"target\":{\"@type\":\"EntryPoint\",\"urlTemplate\":\"https:\/\/rosariumlottum.com\/de\/?s={search_term_string}\"},\"query-input\":{\"@type\":\"PropertyValueSpecification\",\"valueRequired\":true,\"valueName\":\"search_term_string\"}}],\"inLanguage\":\"de\"},{\"@type\":\"Organization\",\"@id\":\"https:\/\/rosariumlottum.com\/de\/#organization\",\"name\":\"Rosarium Lottum\",\"url\":\"https:\/\/rosariumlottum.com\/de\/\",\"logo\":{\"@type\":\"ImageObject\",\"inLanguage\":\"de\",\"@id\":\"https:\/\/rosariumlottum.com\/de\/#\/schema\/logo\/image\/\",\"url\":\"https:\/\/rosariumlottum.com\/wp-content\/uploads\/2021\/09\/rosairum.png\",\"contentUrl\":\"https:\/\/rosariumlottum.com\/wp-content\/uploads\/2021\/09\/rosairum.png\",\"width\":378,\"height\":115,\"caption\":\"Rosarium Lottum\"},\"image\":{\"@id\":\"https:\/\/rosariumlottum.com\/de\/#\/schema\/logo\/image\/\"}}]}<\/script>\n<!-- \/ Yoast SEO plugin. -->","yoast_head_json":{"title":"Combi Deal Rosa, 1 Stammrose + 3 Beetrosen Leonardo da Vinci | Rosarium Lottum","robots":{"index":"index","follow":"follow","max-snippet":"max-snippet:-1","max-image-preview":"max-image-preview:large","max-video-preview":"max-video-preview:-1"},"canonical":"https:\/\/rosariumlottum.com\/de\/produkt\/combi-deal-rosa-1-stammrose-3-beetrosen-leonardo-da-vinci\/","og_locale":"de_DE","og_type":"article","og_title":"Combi Deal Rosa, 1 Stammrose + 3 Beetrosen Leonardo da Vinci | Rosarium Lottum","og_description":"Topf","og_url":"https:\/\/rosariumlottum.com\/de\/produkt\/combi-deal-rosa-1-stammrose-3-beetrosen-leonardo-da-vinci\/","og_site_name":"Rosarium Lottum","article_modified_time":"2022-12-06T15:09:04+00:00","og_image":[{"width":2560,"height":1912,"url":"https:\/\/rosariumlottum.com\/wp-content\/uploads\/2022\/12\/IMG_1242-scaled.jpg","type":"image\/jpeg"}],"twitter_card":"summary_large_image","schema":{"@context":"https:\/\/schema.org","@graph":[{"@type":["WebPage","ItemPage"],"@id":"https:\/\/rosariumlottum.com\/de\/produkt\/combi-deal-rosa-1-stammrose-3-beetrosen-leonardo-da-vinci\/","url":"https:\/\/rosariumlottum.com\/de\/produkt\/combi-deal-rosa-1-stammrose-3-beetrosen-leonardo-da-vinci\/","name":"Combi Deal Rosa, 1 Stammrose + 3 Beetrosen Leonardo da Vinci | Rosarium Lottum","isPartOf":{"@id":"https:\/\/rosariumlottum.com\/de\/#website"},"primaryImageOfPage":{"@id":"https:\/\/rosariumlottum.com\/de\/produkt\/combi-deal-rosa-1-stammrose-3-beetrosen-leonardo-da-vinci\/#primaryimage"},"image":{"@id":"https:\/\/rosariumlottum.com\/de\/produkt\/combi-deal-rosa-1-stammrose-3-beetrosen-leonardo-da-vinci\/#primaryimage"},"thumbnailUrl":"https:\/\/rosariumlottum.com\/wp-content\/uploads\/2022\/12\/IMG_1242-scaled.jpg","datePublished":"2022-12-06T14:40:19+00:00","dateModified":"2022-12-06T15:09:04+00:00","breadcrumb":{"@id":"https:\/\/rosariumlottum.com\/de\/produkt\/combi-deal-rosa-1-stammrose-3-beetrosen-leonardo-da-vinci\/#breadcrumb"},"inLanguage":"de","potentialAction":[{"@type":"ReadAction","target":["https:\/\/rosariumlottum.com\/de\/produkt\/combi-deal-rosa-1-stammrose-3-beetrosen-leonardo-da-vinci\/"]}]},{"@type":"ImageObject","inLanguage":"de","@id":"https:\/\/rosariumlottum.com\/de\/produkt\/combi-deal-rosa-1-stammrose-3-beetrosen-leonardo-da-vinci\/#primaryimage","url":"https:\/\/rosariumlottum.com\/wp-content\/uploads\/2022\/12\/IMG_1242-scaled.jpg","contentUrl":"https:\/\/rosariumlottum.com\/wp-content\/uploads\/2022\/12\/IMG_1242-scaled.jpg","width":2560,"height":1912},{"@type":"BreadcrumbList","@id":"https:\/\/rosariumlottum.com\/de\/produkt\/combi-deal-rosa-1-stammrose-3-beetrosen-leonardo-da-vinci\/#breadcrumb","itemListElement":[{"@type":"ListItem","position":1,"name":"Home","item":"https:\/\/rosariumlottum.com\/de\/"},{"@type":"ListItem","position":2,"name":"Webshop","item":"https:\/\/rosariumlottum.com\/de\/webshop\/"},{"@type":"ListItem","position":3,"name":"Combi Deal Rosa, 1 Stammrose + 3 Beetrosen Leonardo da Vinci"}]},{"@type":"WebSite","@id":"https:\/\/rosariumlottum.com\/de\/#website","url":"https:\/\/rosariumlottum.com\/de\/","name":"Rosarium Lottum","description":"Rosarium Luxury Roses","publisher":{"@id":"https:\/\/rosariumlottum.com\/de\/#organization"},"potentialAction":[{"@type":"SearchAction","target":{"@type":"EntryPoint","urlTemplate":"https:\/\/rosariumlottum.com\/de\/?s={search_term_string}"},"query-input":{"@type":"PropertyValueSpecification","valueRequired":true,"valueName":"search_term_string"}}],"inLanguage":"de"},{"@type":"Organization","@id":"https:\/\/rosariumlottum.com\/de\/#organization","name":"Rosarium Lottum","url":"https:\/\/rosariumlottum.com\/de\/","logo":{"@type":"ImageObject","inLanguage":"de","@id":"https:\/\/rosariumlottum.com\/de\/#\/schema\/logo\/image\/","url":"https:\/\/rosariumlottum.com\/wp-content\/uploads\/2021\/09\/rosairum.png","contentUrl":"https:\/\/rosariumlottum.com\/wp-content\/uploads\/2021\/09\/rosairum.png","width":378,"height":115,"caption":"Rosarium Lottum"},"image":{"@id":"https:\/\/rosariumlottum.com\/de\/#\/schema\/logo\/image\/"}}]}},"_links":{"self":[{"href":"https:\/\/rosariumlottum.com\/de\/wp-json\/wp\/v2\/product\/27095","targetHints":{"allow":["GET"]}}],"collection":[{"href":"https:\/\/rosariumlottum.com\/de\/wp-json\/wp\/v2\/product"}],"about":[{"href":"https:\/\/rosariumlottum.com\/de\/wp-json\/wp\/v2\/types\/product"}],"replies":[{"embeddable":true,"href":"https:\/\/rosariumlottum.com\/de\/wp-json\/wp\/v2\/comments?post=27095"}],"wp:featuredmedia":[{"embeddable":true,"href":"https:\/\/rosariumlottum.com\/de\/wp-json\/wp\/v2\/media\/27093"}],"wp:attachment":[{"href":"https:\/\/rosariumlottum.com\/de\/wp-json\/wp\/v2\/media?parent=27095"}],"wp:term":[{"taxonomy":"product_brand","embeddable":true,"href":"https:\/\/rosariumlottum.com\/de\/wp-json\/wp\/v2\/product_brand?post=27095"},{"taxonomy":"product_cat","embeddable":true,"href":"https:\/\/rosariumlottum.com\/de\/wp-json\/wp\/v2\/product_cat?post=27095"},{"taxonomy":"product_tag","embeddable":true,"href":"https:\/\/rosariumlottum.com\/de\/wp-json\/wp\/v2\/product_tag?post=27095"}],"curies":[{"name":"wp","href":"https:\/\/api.w.org\/{rel}","templated":true}]}}