{"id":25607,"date":"2022-06-21T19:22:37","date_gmt":"2022-06-21T17:22:38","guid":{"rendered":"https:\/\/rosariumlottum.com\/?post_type=product&#038;p=25607"},"modified":"2022-09-20T11:03:46","modified_gmt":"2022-09-20T09:03:46","slug":"hansestadt-rostock-stammrose-90-100-cm","status":"publish","type":"product","link":"https:\/\/rosariumlottum.com\/de\/produkt\/hansestadt-rostock-stammrose-90-100-cm\/","title":{"rendered":"Hansestadt Rostock, Stammrose 90-100 cm"},"content":{"rendered":"<p>[vc_row][vc_column][vc_column_text]Sch\u00f6ne Stammrose mit lang haltbare und wetterfesten, gut gef\u00fcllten, leicht duftenden Rosen in B\u00fcscheln in einer sch\u00f6nen bernsteinfarbenen, aprikosengelben Farbe.<br \/>\nKompakte, buschige Wuchsform, ideale Rose f\u00fcr die Bepflanzung von Blumenbeeten, aber auch sch\u00f6n in einem sch\u00f6nen Topf auf der Terrasse.<br \/>\nReich und kontinuierlich bl\u00fchende Rose mit gesundem, gl\u00e4nzend dunkelgr\u00fcnem Laub[\/vc_column_text][\/vc_column][\/vc_row]<\/p>\n","protected":false},"excerpt":{"rendered":"<p>[vc_row][vc_column][vc_column_text]Sch\u00f6ne Stammrose mit lang haltbare und wetterfesten, gut gef\u00fcllten, leicht duftenden Rosen in B\u00fcscheln in einer sch\u00f6nen bernsteinfarbenen, aprikosengelben Farbe. [&hellip;]<\/p>\n","protected":false},"featured_media":3352,"comment_status":"closed","ping_status":"closed","template":"","meta":{"_acf_changed":false},"product_brand":[],"product_cat":[658],"product_tag":[],"class_list":{"0":"post-25607","1":"product","2":"type-product","3":"status-publish","4":"has-post-thumbnail","6":"product_cat-stammrosen","8":"first","9":"instock","10":"taxable","11":"shipping-taxable","12":"product-type-grouped"},"acf":[],"yoast_head":"<!-- This site is optimized with the Yoast SEO plugin v27.0 - https:\/\/yoast.com\/product\/yoast-seo-wordpress\/ -->\n<title>Hansestadt Rostock, Stammrose 90-100 cm | Rosarium Lottum<\/title>\n<meta name=\"robots\" content=\"index, follow, max-snippet:-1, max-image-preview:large, max-video-preview:-1\" \/>\n<link rel=\"canonical\" href=\"https:\/\/rosariumlottum.com\/de\/produkt\/hansestadt-rostock-stammrose-90-100-cm\/\" \/>\n<meta property=\"og:locale\" content=\"de_DE\" \/>\n<meta property=\"og:type\" content=\"article\" \/>\n<meta property=\"og:title\" content=\"Hansestadt Rostock, Stammrose 90-100 cm | Rosarium Lottum\" \/>\n<meta property=\"og:description\" content=\"[vc_row][vc_column][vc_column_text]Sch\u00f6ne Stammrose mit lang haltbare und wetterfesten, gut gef\u00fcllten, leicht duftenden Rosen in B\u00fcscheln in einer sch\u00f6nen bernsteinfarbenen, aprikosengelben Farbe. [&hellip;]\" \/>\n<meta property=\"og:url\" content=\"https:\/\/rosariumlottum.com\/de\/produkt\/hansestadt-rostock-stammrose-90-100-cm\/\" \/>\n<meta property=\"og:site_name\" content=\"Rosarium Lottum\" \/>\n<meta property=\"article:modified_time\" content=\"2022-09-20T09:03:46+00:00\" \/>\n<meta property=\"og:image\" content=\"https:\/\/rosariumlottum.com\/wp-content\/uploads\/2021\/10\/Hansestadt-Rostock-5-scaled.jpg\" \/>\n\t<meta property=\"og:image:width\" content=\"2560\" \/>\n\t<meta property=\"og:image:height\" content=\"1920\" \/>\n\t<meta property=\"og:image:type\" content=\"image\/jpeg\" \/>\n<meta name=\"twitter:card\" content=\"summary_large_image\" \/>\n<script type=\"application\/ld+json\" class=\"yoast-schema-graph\">{\"@context\":\"https:\/\/schema.org\",\"@graph\":[{\"@type\":[\"WebPage\",\"ItemPage\"],\"@id\":\"https:\/\/rosariumlottum.com\/de\/produkt\/hansestadt-rostock-stammrose-90-100-cm\/\",\"url\":\"https:\/\/rosariumlottum.com\/de\/produkt\/hansestadt-rostock-stammrose-90-100-cm\/\",\"name\":\"Hansestadt Rostock, Stammrose 90-100 cm | Rosarium Lottum\",\"isPartOf\":{\"@id\":\"https:\/\/rosariumlottum.com\/de\/#website\"},\"primaryImageOfPage\":{\"@id\":\"https:\/\/rosariumlottum.com\/de\/produkt\/hansestadt-rostock-stammrose-90-100-cm\/#primaryimage\"},\"image\":{\"@id\":\"https:\/\/rosariumlottum.com\/de\/produkt\/hansestadt-rostock-stammrose-90-100-cm\/#primaryimage\"},\"thumbnailUrl\":\"https:\/\/rosariumlottum.com\/wp-content\/uploads\/2021\/10\/Hansestadt-Rostock-5-scaled.jpg\",\"datePublished\":\"2022-06-21T17:22:38+00:00\",\"dateModified\":\"2022-09-20T09:03:46+00:00\",\"breadcrumb\":{\"@id\":\"https:\/\/rosariumlottum.com\/de\/produkt\/hansestadt-rostock-stammrose-90-100-cm\/#breadcrumb\"},\"inLanguage\":\"de\",\"potentialAction\":[{\"@type\":\"ReadAction\",\"target\":[\"https:\/\/rosariumlottum.com\/de\/produkt\/hansestadt-rostock-stammrose-90-100-cm\/\"]}]},{\"@type\":\"ImageObject\",\"inLanguage\":\"de\",\"@id\":\"https:\/\/rosariumlottum.com\/de\/produkt\/hansestadt-rostock-stammrose-90-100-cm\/#primaryimage\",\"url\":\"https:\/\/rosariumlottum.com\/wp-content\/uploads\/2021\/10\/Hansestadt-Rostock-5-scaled.jpg\",\"contentUrl\":\"https:\/\/rosariumlottum.com\/wp-content\/uploads\/2021\/10\/Hansestadt-Rostock-5-scaled.jpg\",\"width\":2560,\"height\":1920},{\"@type\":\"BreadcrumbList\",\"@id\":\"https:\/\/rosariumlottum.com\/de\/produkt\/hansestadt-rostock-stammrose-90-100-cm\/#breadcrumb\",\"itemListElement\":[{\"@type\":\"ListItem\",\"position\":1,\"name\":\"Home\",\"item\":\"https:\/\/rosariumlottum.com\/de\/\"},{\"@type\":\"ListItem\",\"position\":2,\"name\":\"Webshop\",\"item\":\"https:\/\/rosariumlottum.com\/de\/webshop\/\"},{\"@type\":\"ListItem\",\"position\":3,\"name\":\"Hansestadt Rostock, Stammrose 90-100 cm\"}]},{\"@type\":\"WebSite\",\"@id\":\"https:\/\/rosariumlottum.com\/de\/#website\",\"url\":\"https:\/\/rosariumlottum.com\/de\/\",\"name\":\"Rosarium Lottum\",\"description\":\"Rosarium Luxury Roses\",\"publisher\":{\"@id\":\"https:\/\/rosariumlottum.com\/de\/#organization\"},\"potentialAction\":[{\"@type\":\"SearchAction\",\"target\":{\"@type\":\"EntryPoint\",\"urlTemplate\":\"https:\/\/rosariumlottum.com\/de\/?s={search_term_string}\"},\"query-input\":{\"@type\":\"PropertyValueSpecification\",\"valueRequired\":true,\"valueName\":\"search_term_string\"}}],\"inLanguage\":\"de\"},{\"@type\":\"Organization\",\"@id\":\"https:\/\/rosariumlottum.com\/de\/#organization\",\"name\":\"Rosarium Lottum\",\"url\":\"https:\/\/rosariumlottum.com\/de\/\",\"logo\":{\"@type\":\"ImageObject\",\"inLanguage\":\"de\",\"@id\":\"https:\/\/rosariumlottum.com\/de\/#\/schema\/logo\/image\/\",\"url\":\"https:\/\/rosariumlottum.com\/wp-content\/uploads\/2021\/09\/rosairum.png\",\"contentUrl\":\"https:\/\/rosariumlottum.com\/wp-content\/uploads\/2021\/09\/rosairum.png\",\"width\":378,\"height\":115,\"caption\":\"Rosarium Lottum\"},\"image\":{\"@id\":\"https:\/\/rosariumlottum.com\/de\/#\/schema\/logo\/image\/\"}}]}<\/script>\n<!-- \/ Yoast SEO plugin. -->","yoast_head_json":{"title":"Hansestadt Rostock, Stammrose 90-100 cm | Rosarium Lottum","robots":{"index":"index","follow":"follow","max-snippet":"max-snippet:-1","max-image-preview":"max-image-preview:large","max-video-preview":"max-video-preview:-1"},"canonical":"https:\/\/rosariumlottum.com\/de\/produkt\/hansestadt-rostock-stammrose-90-100-cm\/","og_locale":"de_DE","og_type":"article","og_title":"Hansestadt Rostock, Stammrose 90-100 cm | Rosarium Lottum","og_description":"[vc_row][vc_column][vc_column_text]Sch\u00f6ne Stammrose mit lang haltbare und wetterfesten, gut gef\u00fcllten, leicht duftenden Rosen in B\u00fcscheln in einer sch\u00f6nen bernsteinfarbenen, aprikosengelben Farbe. [&hellip;]","og_url":"https:\/\/rosariumlottum.com\/de\/produkt\/hansestadt-rostock-stammrose-90-100-cm\/","og_site_name":"Rosarium Lottum","article_modified_time":"2022-09-20T09:03:46+00:00","og_image":[{"width":2560,"height":1920,"url":"https:\/\/rosariumlottum.com\/wp-content\/uploads\/2021\/10\/Hansestadt-Rostock-5-scaled.jpg","type":"image\/jpeg"}],"twitter_card":"summary_large_image","schema":{"@context":"https:\/\/schema.org","@graph":[{"@type":["WebPage","ItemPage"],"@id":"https:\/\/rosariumlottum.com\/de\/produkt\/hansestadt-rostock-stammrose-90-100-cm\/","url":"https:\/\/rosariumlottum.com\/de\/produkt\/hansestadt-rostock-stammrose-90-100-cm\/","name":"Hansestadt Rostock, Stammrose 90-100 cm | Rosarium Lottum","isPartOf":{"@id":"https:\/\/rosariumlottum.com\/de\/#website"},"primaryImageOfPage":{"@id":"https:\/\/rosariumlottum.com\/de\/produkt\/hansestadt-rostock-stammrose-90-100-cm\/#primaryimage"},"image":{"@id":"https:\/\/rosariumlottum.com\/de\/produkt\/hansestadt-rostock-stammrose-90-100-cm\/#primaryimage"},"thumbnailUrl":"https:\/\/rosariumlottum.com\/wp-content\/uploads\/2021\/10\/Hansestadt-Rostock-5-scaled.jpg","datePublished":"2022-06-21T17:22:38+00:00","dateModified":"2022-09-20T09:03:46+00:00","breadcrumb":{"@id":"https:\/\/rosariumlottum.com\/de\/produkt\/hansestadt-rostock-stammrose-90-100-cm\/#breadcrumb"},"inLanguage":"de","potentialAction":[{"@type":"ReadAction","target":["https:\/\/rosariumlottum.com\/de\/produkt\/hansestadt-rostock-stammrose-90-100-cm\/"]}]},{"@type":"ImageObject","inLanguage":"de","@id":"https:\/\/rosariumlottum.com\/de\/produkt\/hansestadt-rostock-stammrose-90-100-cm\/#primaryimage","url":"https:\/\/rosariumlottum.com\/wp-content\/uploads\/2021\/10\/Hansestadt-Rostock-5-scaled.jpg","contentUrl":"https:\/\/rosariumlottum.com\/wp-content\/uploads\/2021\/10\/Hansestadt-Rostock-5-scaled.jpg","width":2560,"height":1920},{"@type":"BreadcrumbList","@id":"https:\/\/rosariumlottum.com\/de\/produkt\/hansestadt-rostock-stammrose-90-100-cm\/#breadcrumb","itemListElement":[{"@type":"ListItem","position":1,"name":"Home","item":"https:\/\/rosariumlottum.com\/de\/"},{"@type":"ListItem","position":2,"name":"Webshop","item":"https:\/\/rosariumlottum.com\/de\/webshop\/"},{"@type":"ListItem","position":3,"name":"Hansestadt Rostock, Stammrose 90-100 cm"}]},{"@type":"WebSite","@id":"https:\/\/rosariumlottum.com\/de\/#website","url":"https:\/\/rosariumlottum.com\/de\/","name":"Rosarium Lottum","description":"Rosarium Luxury Roses","publisher":{"@id":"https:\/\/rosariumlottum.com\/de\/#organization"},"potentialAction":[{"@type":"SearchAction","target":{"@type":"EntryPoint","urlTemplate":"https:\/\/rosariumlottum.com\/de\/?s={search_term_string}"},"query-input":{"@type":"PropertyValueSpecification","valueRequired":true,"valueName":"search_term_string"}}],"inLanguage":"de"},{"@type":"Organization","@id":"https:\/\/rosariumlottum.com\/de\/#organization","name":"Rosarium Lottum","url":"https:\/\/rosariumlottum.com\/de\/","logo":{"@type":"ImageObject","inLanguage":"de","@id":"https:\/\/rosariumlottum.com\/de\/#\/schema\/logo\/image\/","url":"https:\/\/rosariumlottum.com\/wp-content\/uploads\/2021\/09\/rosairum.png","contentUrl":"https:\/\/rosariumlottum.com\/wp-content\/uploads\/2021\/09\/rosairum.png","width":378,"height":115,"caption":"Rosarium Lottum"},"image":{"@id":"https:\/\/rosariumlottum.com\/de\/#\/schema\/logo\/image\/"}}]}},"_links":{"self":[{"href":"https:\/\/rosariumlottum.com\/de\/wp-json\/wp\/v2\/product\/25607","targetHints":{"allow":["GET"]}}],"collection":[{"href":"https:\/\/rosariumlottum.com\/de\/wp-json\/wp\/v2\/product"}],"about":[{"href":"https:\/\/rosariumlottum.com\/de\/wp-json\/wp\/v2\/types\/product"}],"replies":[{"embeddable":true,"href":"https:\/\/rosariumlottum.com\/de\/wp-json\/wp\/v2\/comments?post=25607"}],"wp:featuredmedia":[{"embeddable":true,"href":"https:\/\/rosariumlottum.com\/de\/wp-json\/wp\/v2\/media\/3352"}],"wp:attachment":[{"href":"https:\/\/rosariumlottum.com\/de\/wp-json\/wp\/v2\/media?parent=25607"}],"wp:term":[{"taxonomy":"product_brand","embeddable":true,"href":"https:\/\/rosariumlottum.com\/de\/wp-json\/wp\/v2\/product_brand?post=25607"},{"taxonomy":"product_cat","embeddable":true,"href":"https:\/\/rosariumlottum.com\/de\/wp-json\/wp\/v2\/product_cat?post=25607"},{"taxonomy":"product_tag","embeddable":true,"href":"https:\/\/rosariumlottum.com\/de\/wp-json\/wp\/v2\/product_tag?post=25607"}],"curies":[{"name":"wp","href":"https:\/\/api.w.org\/{rel}","templated":true}]}}