{"id":24226,"date":"2022-02-23T09:26:46","date_gmt":"2022-02-23T08:26:47","guid":{"rendered":"https:\/\/rosariumlottum.com\/?post_type=product&#038;p=24226"},"modified":"2022-02-23T09:46:30","modified_gmt":"2022-02-23T08:46:30","slug":"sonder-angebot-kletterrose-guirlande-damour-3-stueck","status":"publish","type":"product","link":"https:\/\/rosariumlottum.com\/de\/produkt\/sonder-angebot-kletterrose-guirlande-damour-3-stueck\/","title":{"rendered":"Sonder Angebot, Kletterrose Guirlande D&#8217;amour 3 St\u00fcck"},"content":{"rendered":"<p>Zierliche Dolden mit kleinen, halbgef\u00fcllten Bl\u00fcten in Wei\u00df mit gelben Staubgef\u00e4\u00dfen und herrlichem Duft. Guirlande D&#8217;amour hat gut biegbare Triebe, Ideal zur Berankung von Pergolen, Z\u00e4une, Rosenbogen, Pergolen usw. Sch\u00f6ne \u00f6fterbl\u00fchende Kletter- und Ramblerrose mit sch\u00f6ne Hagebutten im Herbst !<\/p>\n","protected":false},"excerpt":{"rendered":"<p>Zierliche Dolden mit kleinen, halbgef\u00fcllten Bl\u00fcten in Wei\u00df mit gelben Staubgef\u00e4\u00dfen und herrlichem Duft. Guirlande D&#8217;amour hat gut biegbare Triebe, [&hellip;]<\/p>\n","protected":false},"featured_media":24216,"comment_status":"open","ping_status":"closed","template":"","meta":{"_acf_changed":false},"product_brand":[],"product_cat":[637,663,652,630,624],"product_tag":[969,1095,726],"class_list":{"0":"post-24226","1":"product","2":"type-product","3":"status-publish","4":"has-post-thumbnail","6":"product_cat-kletterrosen","7":"product_cat-sonder-angebot","8":"product_cat-ramblerrosen","9":"product_cat-hagebutten-rosen","10":"product_cat-duft-rosen","11":"product_tag-klimroos-de","12":"product_tag-rosa-guirlande-damour-de","13":"product_tag-rosarium-lottum-de","15":"first","16":"instock","17":"taxable","18":"shipping-taxable","19":"product-type-grouped"},"acf":[],"yoast_head":"<!-- This site is optimized with the Yoast SEO plugin v27.0 - https:\/\/yoast.com\/product\/yoast-seo-wordpress\/ -->\n<title>Sonder Angebot, Kletterrose Guirlande D&#039;amour 3 St\u00fcck | Rosarium Lottum<\/title>\n<meta name=\"robots\" content=\"index, follow, max-snippet:-1, max-image-preview:large, max-video-preview:-1\" \/>\n<link rel=\"canonical\" href=\"https:\/\/rosariumlottum.com\/de\/produkt\/sonder-angebot-kletterrose-guirlande-damour-3-stueck\/\" \/>\n<meta property=\"og:locale\" content=\"de_DE\" \/>\n<meta property=\"og:type\" content=\"article\" \/>\n<meta property=\"og:title\" content=\"Sonder Angebot, Kletterrose Guirlande D&#039;amour 3 St\u00fcck | Rosarium Lottum\" \/>\n<meta property=\"og:description\" content=\"Zierliche Dolden mit kleinen, halbgef\u00fcllten Bl\u00fcten in Wei\u00df mit gelben Staubgef\u00e4\u00dfen und herrlichem Duft. Guirlande D&#8217;amour hat gut biegbare Triebe, [&hellip;]\" \/>\n<meta property=\"og:url\" content=\"https:\/\/rosariumlottum.com\/de\/produkt\/sonder-angebot-kletterrose-guirlande-damour-3-stueck\/\" \/>\n<meta property=\"og:site_name\" content=\"Rosarium Lottum\" \/>\n<meta property=\"article:modified_time\" content=\"2022-02-23T08:46:30+00:00\" \/>\n<meta property=\"og:image\" content=\"https:\/\/rosariumlottum.com\/wp-content\/uploads\/2022\/02\/Guirlande-Damour-3-compress-1.jpg\" \/>\n\t<meta property=\"og:image:width\" content=\"1440\" \/>\n\t<meta property=\"og:image:height\" content=\"1080\" \/>\n\t<meta property=\"og:image:type\" content=\"image\/jpeg\" \/>\n<meta name=\"twitter:card\" content=\"summary_large_image\" \/>\n<script type=\"application\/ld+json\" class=\"yoast-schema-graph\">{\"@context\":\"https:\/\/schema.org\",\"@graph\":[{\"@type\":[\"WebPage\",\"ItemPage\"],\"@id\":\"https:\/\/rosariumlottum.com\/de\/produkt\/sonder-angebot-kletterrose-guirlande-damour-3-stueck\/\",\"url\":\"https:\/\/rosariumlottum.com\/de\/produkt\/sonder-angebot-kletterrose-guirlande-damour-3-stueck\/\",\"name\":\"Sonder Angebot, Kletterrose Guirlande D'amour 3 St\u00fcck | Rosarium Lottum\",\"isPartOf\":{\"@id\":\"https:\/\/rosariumlottum.com\/de\/#website\"},\"primaryImageOfPage\":{\"@id\":\"https:\/\/rosariumlottum.com\/de\/produkt\/sonder-angebot-kletterrose-guirlande-damour-3-stueck\/#primaryimage\"},\"image\":{\"@id\":\"https:\/\/rosariumlottum.com\/de\/produkt\/sonder-angebot-kletterrose-guirlande-damour-3-stueck\/#primaryimage\"},\"thumbnailUrl\":\"https:\/\/rosariumlottum.com\/wp-content\/uploads\/2022\/02\/Guirlande-Damour-3-compress-1.jpg\",\"datePublished\":\"2022-02-23T08:26:47+00:00\",\"dateModified\":\"2022-02-23T08:46:30+00:00\",\"breadcrumb\":{\"@id\":\"https:\/\/rosariumlottum.com\/de\/produkt\/sonder-angebot-kletterrose-guirlande-damour-3-stueck\/#breadcrumb\"},\"inLanguage\":\"de\",\"potentialAction\":[{\"@type\":\"ReadAction\",\"target\":[\"https:\/\/rosariumlottum.com\/de\/produkt\/sonder-angebot-kletterrose-guirlande-damour-3-stueck\/\"]}]},{\"@type\":\"ImageObject\",\"inLanguage\":\"de\",\"@id\":\"https:\/\/rosariumlottum.com\/de\/produkt\/sonder-angebot-kletterrose-guirlande-damour-3-stueck\/#primaryimage\",\"url\":\"https:\/\/rosariumlottum.com\/wp-content\/uploads\/2022\/02\/Guirlande-Damour-3-compress-1.jpg\",\"contentUrl\":\"https:\/\/rosariumlottum.com\/wp-content\/uploads\/2022\/02\/Guirlande-Damour-3-compress-1.jpg\",\"width\":1440,\"height\":1080},{\"@type\":\"BreadcrumbList\",\"@id\":\"https:\/\/rosariumlottum.com\/de\/produkt\/sonder-angebot-kletterrose-guirlande-damour-3-stueck\/#breadcrumb\",\"itemListElement\":[{\"@type\":\"ListItem\",\"position\":1,\"name\":\"Home\",\"item\":\"https:\/\/rosariumlottum.com\/de\/\"},{\"@type\":\"ListItem\",\"position\":2,\"name\":\"Webshop\",\"item\":\"https:\/\/rosariumlottum.com\/de\/webshop\/\"},{\"@type\":\"ListItem\",\"position\":3,\"name\":\"Sonder Angebot, Kletterrose Guirlande D&#8217;amour 3 St\u00fcck\"}]},{\"@type\":\"WebSite\",\"@id\":\"https:\/\/rosariumlottum.com\/de\/#website\",\"url\":\"https:\/\/rosariumlottum.com\/de\/\",\"name\":\"Rosarium Lottum\",\"description\":\"Rosarium Luxury Roses\",\"publisher\":{\"@id\":\"https:\/\/rosariumlottum.com\/de\/#organization\"},\"potentialAction\":[{\"@type\":\"SearchAction\",\"target\":{\"@type\":\"EntryPoint\",\"urlTemplate\":\"https:\/\/rosariumlottum.com\/de\/?s={search_term_string}\"},\"query-input\":{\"@type\":\"PropertyValueSpecification\",\"valueRequired\":true,\"valueName\":\"search_term_string\"}}],\"inLanguage\":\"de\"},{\"@type\":\"Organization\",\"@id\":\"https:\/\/rosariumlottum.com\/de\/#organization\",\"name\":\"Rosarium Lottum\",\"url\":\"https:\/\/rosariumlottum.com\/de\/\",\"logo\":{\"@type\":\"ImageObject\",\"inLanguage\":\"de\",\"@id\":\"https:\/\/rosariumlottum.com\/de\/#\/schema\/logo\/image\/\",\"url\":\"https:\/\/rosariumlottum.com\/wp-content\/uploads\/2021\/09\/rosairum.png\",\"contentUrl\":\"https:\/\/rosariumlottum.com\/wp-content\/uploads\/2021\/09\/rosairum.png\",\"width\":378,\"height\":115,\"caption\":\"Rosarium Lottum\"},\"image\":{\"@id\":\"https:\/\/rosariumlottum.com\/de\/#\/schema\/logo\/image\/\"}}]}<\/script>\n<!-- \/ Yoast SEO plugin. -->","yoast_head_json":{"title":"Sonder Angebot, Kletterrose Guirlande D'amour 3 St\u00fcck | Rosarium Lottum","robots":{"index":"index","follow":"follow","max-snippet":"max-snippet:-1","max-image-preview":"max-image-preview:large","max-video-preview":"max-video-preview:-1"},"canonical":"https:\/\/rosariumlottum.com\/de\/produkt\/sonder-angebot-kletterrose-guirlande-damour-3-stueck\/","og_locale":"de_DE","og_type":"article","og_title":"Sonder Angebot, Kletterrose Guirlande D'amour 3 St\u00fcck | Rosarium Lottum","og_description":"Zierliche Dolden mit kleinen, halbgef\u00fcllten Bl\u00fcten in Wei\u00df mit gelben Staubgef\u00e4\u00dfen und herrlichem Duft. Guirlande D&#8217;amour hat gut biegbare Triebe, [&hellip;]","og_url":"https:\/\/rosariumlottum.com\/de\/produkt\/sonder-angebot-kletterrose-guirlande-damour-3-stueck\/","og_site_name":"Rosarium Lottum","article_modified_time":"2022-02-23T08:46:30+00:00","og_image":[{"width":1440,"height":1080,"url":"https:\/\/rosariumlottum.com\/wp-content\/uploads\/2022\/02\/Guirlande-Damour-3-compress-1.jpg","type":"image\/jpeg"}],"twitter_card":"summary_large_image","schema":{"@context":"https:\/\/schema.org","@graph":[{"@type":["WebPage","ItemPage"],"@id":"https:\/\/rosariumlottum.com\/de\/produkt\/sonder-angebot-kletterrose-guirlande-damour-3-stueck\/","url":"https:\/\/rosariumlottum.com\/de\/produkt\/sonder-angebot-kletterrose-guirlande-damour-3-stueck\/","name":"Sonder Angebot, Kletterrose Guirlande D'amour 3 St\u00fcck | Rosarium Lottum","isPartOf":{"@id":"https:\/\/rosariumlottum.com\/de\/#website"},"primaryImageOfPage":{"@id":"https:\/\/rosariumlottum.com\/de\/produkt\/sonder-angebot-kletterrose-guirlande-damour-3-stueck\/#primaryimage"},"image":{"@id":"https:\/\/rosariumlottum.com\/de\/produkt\/sonder-angebot-kletterrose-guirlande-damour-3-stueck\/#primaryimage"},"thumbnailUrl":"https:\/\/rosariumlottum.com\/wp-content\/uploads\/2022\/02\/Guirlande-Damour-3-compress-1.jpg","datePublished":"2022-02-23T08:26:47+00:00","dateModified":"2022-02-23T08:46:30+00:00","breadcrumb":{"@id":"https:\/\/rosariumlottum.com\/de\/produkt\/sonder-angebot-kletterrose-guirlande-damour-3-stueck\/#breadcrumb"},"inLanguage":"de","potentialAction":[{"@type":"ReadAction","target":["https:\/\/rosariumlottum.com\/de\/produkt\/sonder-angebot-kletterrose-guirlande-damour-3-stueck\/"]}]},{"@type":"ImageObject","inLanguage":"de","@id":"https:\/\/rosariumlottum.com\/de\/produkt\/sonder-angebot-kletterrose-guirlande-damour-3-stueck\/#primaryimage","url":"https:\/\/rosariumlottum.com\/wp-content\/uploads\/2022\/02\/Guirlande-Damour-3-compress-1.jpg","contentUrl":"https:\/\/rosariumlottum.com\/wp-content\/uploads\/2022\/02\/Guirlande-Damour-3-compress-1.jpg","width":1440,"height":1080},{"@type":"BreadcrumbList","@id":"https:\/\/rosariumlottum.com\/de\/produkt\/sonder-angebot-kletterrose-guirlande-damour-3-stueck\/#breadcrumb","itemListElement":[{"@type":"ListItem","position":1,"name":"Home","item":"https:\/\/rosariumlottum.com\/de\/"},{"@type":"ListItem","position":2,"name":"Webshop","item":"https:\/\/rosariumlottum.com\/de\/webshop\/"},{"@type":"ListItem","position":3,"name":"Sonder Angebot, Kletterrose Guirlande D&#8217;amour 3 St\u00fcck"}]},{"@type":"WebSite","@id":"https:\/\/rosariumlottum.com\/de\/#website","url":"https:\/\/rosariumlottum.com\/de\/","name":"Rosarium Lottum","description":"Rosarium Luxury Roses","publisher":{"@id":"https:\/\/rosariumlottum.com\/de\/#organization"},"potentialAction":[{"@type":"SearchAction","target":{"@type":"EntryPoint","urlTemplate":"https:\/\/rosariumlottum.com\/de\/?s={search_term_string}"},"query-input":{"@type":"PropertyValueSpecification","valueRequired":true,"valueName":"search_term_string"}}],"inLanguage":"de"},{"@type":"Organization","@id":"https:\/\/rosariumlottum.com\/de\/#organization","name":"Rosarium Lottum","url":"https:\/\/rosariumlottum.com\/de\/","logo":{"@type":"ImageObject","inLanguage":"de","@id":"https:\/\/rosariumlottum.com\/de\/#\/schema\/logo\/image\/","url":"https:\/\/rosariumlottum.com\/wp-content\/uploads\/2021\/09\/rosairum.png","contentUrl":"https:\/\/rosariumlottum.com\/wp-content\/uploads\/2021\/09\/rosairum.png","width":378,"height":115,"caption":"Rosarium Lottum"},"image":{"@id":"https:\/\/rosariumlottum.com\/de\/#\/schema\/logo\/image\/"}}]}},"_links":{"self":[{"href":"https:\/\/rosariumlottum.com\/de\/wp-json\/wp\/v2\/product\/24226","targetHints":{"allow":["GET"]}}],"collection":[{"href":"https:\/\/rosariumlottum.com\/de\/wp-json\/wp\/v2\/product"}],"about":[{"href":"https:\/\/rosariumlottum.com\/de\/wp-json\/wp\/v2\/types\/product"}],"replies":[{"embeddable":true,"href":"https:\/\/rosariumlottum.com\/de\/wp-json\/wp\/v2\/comments?post=24226"}],"wp:featuredmedia":[{"embeddable":true,"href":"https:\/\/rosariumlottum.com\/de\/wp-json\/wp\/v2\/media\/24216"}],"wp:attachment":[{"href":"https:\/\/rosariumlottum.com\/de\/wp-json\/wp\/v2\/media?parent=24226"}],"wp:term":[{"taxonomy":"product_brand","embeddable":true,"href":"https:\/\/rosariumlottum.com\/de\/wp-json\/wp\/v2\/product_brand?post=24226"},{"taxonomy":"product_cat","embeddable":true,"href":"https:\/\/rosariumlottum.com\/de\/wp-json\/wp\/v2\/product_cat?post=24226"},{"taxonomy":"product_tag","embeddable":true,"href":"https:\/\/rosariumlottum.com\/de\/wp-json\/wp\/v2\/product_tag?post=24226"}],"curies":[{"name":"wp","href":"https:\/\/api.w.org\/{rel}","templated":true}]}}