{"id":21391,"date":"2021-12-06T10:53:04","date_gmt":"2022-01-27T08:19:54","guid":{"rendered":"http:\/\/rosarium.eijdemsinternet.nl\/product\/climbing-parfum-royal-klimroos-xxl-10l-pot\/"},"modified":"2022-01-31T10:08:44","modified_gmt":"2022-01-31T10:08:44","slug":"climbing-parfum-royal-kletterrose-xxl-10l-topf","status":"publish","type":"product","link":"https:\/\/rosariumlottum.com\/de\/produkt\/climbing-parfum-royal-kletterrose-xxl-10l-topf\/","title":{"rendered":"Climbing Parfum Royal, Kletterrose XXL 10L Topf"},"content":{"rendered":"<p>Die gro\u00dfen, edelgeformten, gef\u00fcllten Bl\u00fcten haben eine sch\u00f6ne Doppelfarbe von rosa an der Au\u00dfenseite \u00fcberzogen mit aprikosengelb und duften sehr stark und fruchtig nach Himbeeren.                                                                                                                                                                                                                                                                                                                 Kr\u00e4ftiger, aufrechter Wuchs. Das gl\u00e4nzende, dunkelgr\u00fcne Laub ist sehr gesund und kontrastiert wundersch\u00f6n mit der au\u00dfergew\u00f6hnlich sch\u00f6nen Bl\u00fctenfarbe.                                                                                                                                                                                                                     Sehr sch\u00f6ne \u00f6fterbl\u00fchende, duftende Kletterrose, gut geeignet f\u00fcr Rosenbogen, Pergolen, usw.                                                                                                                                                                                                                                                                                                                                                                                                    Kletterrose XXL 10 L Topf<\/p>\n","protected":false},"excerpt":{"rendered":"<p>Die gro\u00dfen, edelgeformten, gef\u00fcllten Bl\u00fcten haben eine sch\u00f6ne Doppelfarbe von rosa an der Au\u00dfenseite \u00fcberzogen mit aprikosengelb und duften sehr [&hellip;]<\/p>\n","protected":false},"featured_media":3248,"comment_status":"open","ping_status":"closed","template":"","meta":{"_acf_changed":false},"product_brand":[],"product_cat":[705,624],"product_tag":[1037,969,726],"class_list":{"0":"post-21391","1":"product","2":"type-product","3":"status-publish","4":"has-post-thumbnail","6":"product_cat-xxl-kletterrosen-in-topf-gezuechtet","7":"product_cat-duft-rosen","8":"product_tag-climbing-parfum-royal-de","9":"product_tag-klimroos-de","10":"product_tag-rosarium-lottum-de","12":"first","13":"instock","14":"taxable","15":"shipping-taxable","16":"product-type-grouped"},"acf":[],"yoast_head":"<!-- This site is optimized with the Yoast SEO plugin v27.0 - https:\/\/yoast.com\/product\/yoast-seo-wordpress\/ -->\n<title>Climbing Parfum Royal, Kletterrose XXL 10L Topf | Rosarium Lottum<\/title>\n<meta name=\"robots\" content=\"index, follow, max-snippet:-1, max-image-preview:large, max-video-preview:-1\" \/>\n<link rel=\"canonical\" href=\"https:\/\/rosariumlottum.com\/de\/produkt\/climbing-parfum-royal-kletterrose-xxl-10l-topf\/\" \/>\n<meta property=\"og:locale\" content=\"de_DE\" \/>\n<meta property=\"og:type\" content=\"article\" \/>\n<meta property=\"og:title\" content=\"Climbing Parfum Royal, Kletterrose XXL 10L Topf | Rosarium Lottum\" \/>\n<meta property=\"og:description\" content=\"Die gro\u00dfen, edelgeformten, gef\u00fcllten Bl\u00fcten haben eine sch\u00f6ne Doppelfarbe von rosa an der Au\u00dfenseite \u00fcberzogen mit aprikosengelb und duften sehr [&hellip;]\" \/>\n<meta property=\"og:url\" content=\"https:\/\/rosariumlottum.com\/de\/produkt\/climbing-parfum-royal-kletterrose-xxl-10l-topf\/\" \/>\n<meta property=\"og:site_name\" content=\"Rosarium Lottum\" \/>\n<meta property=\"article:modified_time\" content=\"2022-01-31T10:08:44+00:00\" \/>\n<meta property=\"og:image\" content=\"https:\/\/rosariumlottum.com\/wp-content\/uploads\/2021\/10\/Climbing-Parfum-Tropical-scaled.jpg\" \/>\n\t<meta property=\"og:image:width\" content=\"2560\" \/>\n\t<meta property=\"og:image:height\" content=\"1920\" \/>\n\t<meta property=\"og:image:type\" content=\"image\/jpeg\" \/>\n<meta name=\"twitter:card\" content=\"summary_large_image\" \/>\n<script type=\"application\/ld+json\" class=\"yoast-schema-graph\">{\"@context\":\"https:\/\/schema.org\",\"@graph\":[{\"@type\":[\"WebPage\",\"ItemPage\"],\"@id\":\"https:\/\/rosariumlottum.com\/de\/produkt\/climbing-parfum-royal-kletterrose-xxl-10l-topf\/\",\"url\":\"https:\/\/rosariumlottum.com\/de\/produkt\/climbing-parfum-royal-kletterrose-xxl-10l-topf\/\",\"name\":\"Climbing Parfum Royal, Kletterrose XXL 10L Topf | Rosarium Lottum\",\"isPartOf\":{\"@id\":\"https:\/\/rosariumlottum.com\/de\/#website\"},\"primaryImageOfPage\":{\"@id\":\"https:\/\/rosariumlottum.com\/de\/produkt\/climbing-parfum-royal-kletterrose-xxl-10l-topf\/#primaryimage\"},\"image\":{\"@id\":\"https:\/\/rosariumlottum.com\/de\/produkt\/climbing-parfum-royal-kletterrose-xxl-10l-topf\/#primaryimage\"},\"thumbnailUrl\":\"https:\/\/rosariumlottum.com\/wp-content\/uploads\/2021\/10\/Climbing-Parfum-Tropical-scaled.jpg\",\"datePublished\":\"2022-01-27T08:19:54+00:00\",\"dateModified\":\"2022-01-31T10:08:44+00:00\",\"breadcrumb\":{\"@id\":\"https:\/\/rosariumlottum.com\/de\/produkt\/climbing-parfum-royal-kletterrose-xxl-10l-topf\/#breadcrumb\"},\"inLanguage\":\"de\",\"potentialAction\":[{\"@type\":\"ReadAction\",\"target\":[\"https:\/\/rosariumlottum.com\/de\/produkt\/climbing-parfum-royal-kletterrose-xxl-10l-topf\/\"]}]},{\"@type\":\"ImageObject\",\"inLanguage\":\"de\",\"@id\":\"https:\/\/rosariumlottum.com\/de\/produkt\/climbing-parfum-royal-kletterrose-xxl-10l-topf\/#primaryimage\",\"url\":\"https:\/\/rosariumlottum.com\/wp-content\/uploads\/2021\/10\/Climbing-Parfum-Tropical-scaled.jpg\",\"contentUrl\":\"https:\/\/rosariumlottum.com\/wp-content\/uploads\/2021\/10\/Climbing-Parfum-Tropical-scaled.jpg\",\"width\":2560,\"height\":1920},{\"@type\":\"BreadcrumbList\",\"@id\":\"https:\/\/rosariumlottum.com\/de\/produkt\/climbing-parfum-royal-kletterrose-xxl-10l-topf\/#breadcrumb\",\"itemListElement\":[{\"@type\":\"ListItem\",\"position\":1,\"name\":\"Home\",\"item\":\"https:\/\/rosariumlottum.com\/de\/\"},{\"@type\":\"ListItem\",\"position\":2,\"name\":\"Webshop\",\"item\":\"https:\/\/rosariumlottum.com\/de\/webshop\/\"},{\"@type\":\"ListItem\",\"position\":3,\"name\":\"Climbing Parfum Royal, Kletterrose XXL 10L Topf\"}]},{\"@type\":\"WebSite\",\"@id\":\"https:\/\/rosariumlottum.com\/de\/#website\",\"url\":\"https:\/\/rosariumlottum.com\/de\/\",\"name\":\"Rosarium Lottum\",\"description\":\"Rosarium Luxury Roses\",\"publisher\":{\"@id\":\"https:\/\/rosariumlottum.com\/de\/#organization\"},\"potentialAction\":[{\"@type\":\"SearchAction\",\"target\":{\"@type\":\"EntryPoint\",\"urlTemplate\":\"https:\/\/rosariumlottum.com\/de\/?s={search_term_string}\"},\"query-input\":{\"@type\":\"PropertyValueSpecification\",\"valueRequired\":true,\"valueName\":\"search_term_string\"}}],\"inLanguage\":\"de\"},{\"@type\":\"Organization\",\"@id\":\"https:\/\/rosariumlottum.com\/de\/#organization\",\"name\":\"Rosarium Lottum\",\"url\":\"https:\/\/rosariumlottum.com\/de\/\",\"logo\":{\"@type\":\"ImageObject\",\"inLanguage\":\"de\",\"@id\":\"https:\/\/rosariumlottum.com\/de\/#\/schema\/logo\/image\/\",\"url\":\"https:\/\/rosariumlottum.com\/wp-content\/uploads\/2021\/09\/rosairum.png\",\"contentUrl\":\"https:\/\/rosariumlottum.com\/wp-content\/uploads\/2021\/09\/rosairum.png\",\"width\":378,\"height\":115,\"caption\":\"Rosarium Lottum\"},\"image\":{\"@id\":\"https:\/\/rosariumlottum.com\/de\/#\/schema\/logo\/image\/\"}}]}<\/script>\n<!-- \/ Yoast SEO plugin. -->","yoast_head_json":{"title":"Climbing Parfum Royal, Kletterrose XXL 10L Topf | Rosarium Lottum","robots":{"index":"index","follow":"follow","max-snippet":"max-snippet:-1","max-image-preview":"max-image-preview:large","max-video-preview":"max-video-preview:-1"},"canonical":"https:\/\/rosariumlottum.com\/de\/produkt\/climbing-parfum-royal-kletterrose-xxl-10l-topf\/","og_locale":"de_DE","og_type":"article","og_title":"Climbing Parfum Royal, Kletterrose XXL 10L Topf | Rosarium Lottum","og_description":"Die gro\u00dfen, edelgeformten, gef\u00fcllten Bl\u00fcten haben eine sch\u00f6ne Doppelfarbe von rosa an der Au\u00dfenseite \u00fcberzogen mit aprikosengelb und duften sehr [&hellip;]","og_url":"https:\/\/rosariumlottum.com\/de\/produkt\/climbing-parfum-royal-kletterrose-xxl-10l-topf\/","og_site_name":"Rosarium Lottum","article_modified_time":"2022-01-31T10:08:44+00:00","og_image":[{"width":2560,"height":1920,"url":"https:\/\/rosariumlottum.com\/wp-content\/uploads\/2021\/10\/Climbing-Parfum-Tropical-scaled.jpg","type":"image\/jpeg"}],"twitter_card":"summary_large_image","schema":{"@context":"https:\/\/schema.org","@graph":[{"@type":["WebPage","ItemPage"],"@id":"https:\/\/rosariumlottum.com\/de\/produkt\/climbing-parfum-royal-kletterrose-xxl-10l-topf\/","url":"https:\/\/rosariumlottum.com\/de\/produkt\/climbing-parfum-royal-kletterrose-xxl-10l-topf\/","name":"Climbing Parfum Royal, Kletterrose XXL 10L Topf | Rosarium Lottum","isPartOf":{"@id":"https:\/\/rosariumlottum.com\/de\/#website"},"primaryImageOfPage":{"@id":"https:\/\/rosariumlottum.com\/de\/produkt\/climbing-parfum-royal-kletterrose-xxl-10l-topf\/#primaryimage"},"image":{"@id":"https:\/\/rosariumlottum.com\/de\/produkt\/climbing-parfum-royal-kletterrose-xxl-10l-topf\/#primaryimage"},"thumbnailUrl":"https:\/\/rosariumlottum.com\/wp-content\/uploads\/2021\/10\/Climbing-Parfum-Tropical-scaled.jpg","datePublished":"2022-01-27T08:19:54+00:00","dateModified":"2022-01-31T10:08:44+00:00","breadcrumb":{"@id":"https:\/\/rosariumlottum.com\/de\/produkt\/climbing-parfum-royal-kletterrose-xxl-10l-topf\/#breadcrumb"},"inLanguage":"de","potentialAction":[{"@type":"ReadAction","target":["https:\/\/rosariumlottum.com\/de\/produkt\/climbing-parfum-royal-kletterrose-xxl-10l-topf\/"]}]},{"@type":"ImageObject","inLanguage":"de","@id":"https:\/\/rosariumlottum.com\/de\/produkt\/climbing-parfum-royal-kletterrose-xxl-10l-topf\/#primaryimage","url":"https:\/\/rosariumlottum.com\/wp-content\/uploads\/2021\/10\/Climbing-Parfum-Tropical-scaled.jpg","contentUrl":"https:\/\/rosariumlottum.com\/wp-content\/uploads\/2021\/10\/Climbing-Parfum-Tropical-scaled.jpg","width":2560,"height":1920},{"@type":"BreadcrumbList","@id":"https:\/\/rosariumlottum.com\/de\/produkt\/climbing-parfum-royal-kletterrose-xxl-10l-topf\/#breadcrumb","itemListElement":[{"@type":"ListItem","position":1,"name":"Home","item":"https:\/\/rosariumlottum.com\/de\/"},{"@type":"ListItem","position":2,"name":"Webshop","item":"https:\/\/rosariumlottum.com\/de\/webshop\/"},{"@type":"ListItem","position":3,"name":"Climbing Parfum Royal, Kletterrose XXL 10L Topf"}]},{"@type":"WebSite","@id":"https:\/\/rosariumlottum.com\/de\/#website","url":"https:\/\/rosariumlottum.com\/de\/","name":"Rosarium Lottum","description":"Rosarium Luxury Roses","publisher":{"@id":"https:\/\/rosariumlottum.com\/de\/#organization"},"potentialAction":[{"@type":"SearchAction","target":{"@type":"EntryPoint","urlTemplate":"https:\/\/rosariumlottum.com\/de\/?s={search_term_string}"},"query-input":{"@type":"PropertyValueSpecification","valueRequired":true,"valueName":"search_term_string"}}],"inLanguage":"de"},{"@type":"Organization","@id":"https:\/\/rosariumlottum.com\/de\/#organization","name":"Rosarium Lottum","url":"https:\/\/rosariumlottum.com\/de\/","logo":{"@type":"ImageObject","inLanguage":"de","@id":"https:\/\/rosariumlottum.com\/de\/#\/schema\/logo\/image\/","url":"https:\/\/rosariumlottum.com\/wp-content\/uploads\/2021\/09\/rosairum.png","contentUrl":"https:\/\/rosariumlottum.com\/wp-content\/uploads\/2021\/09\/rosairum.png","width":378,"height":115,"caption":"Rosarium Lottum"},"image":{"@id":"https:\/\/rosariumlottum.com\/de\/#\/schema\/logo\/image\/"}}]}},"_links":{"self":[{"href":"https:\/\/rosariumlottum.com\/de\/wp-json\/wp\/v2\/product\/21391","targetHints":{"allow":["GET"]}}],"collection":[{"href":"https:\/\/rosariumlottum.com\/de\/wp-json\/wp\/v2\/product"}],"about":[{"href":"https:\/\/rosariumlottum.com\/de\/wp-json\/wp\/v2\/types\/product"}],"replies":[{"embeddable":true,"href":"https:\/\/rosariumlottum.com\/de\/wp-json\/wp\/v2\/comments?post=21391"}],"wp:featuredmedia":[{"embeddable":true,"href":"https:\/\/rosariumlottum.com\/de\/wp-json\/wp\/v2\/media\/3248"}],"wp:attachment":[{"href":"https:\/\/rosariumlottum.com\/de\/wp-json\/wp\/v2\/media?parent=21391"}],"wp:term":[{"taxonomy":"product_brand","embeddable":true,"href":"https:\/\/rosariumlottum.com\/de\/wp-json\/wp\/v2\/product_brand?post=21391"},{"taxonomy":"product_cat","embeddable":true,"href":"https:\/\/rosariumlottum.com\/de\/wp-json\/wp\/v2\/product_cat?post=21391"},{"taxonomy":"product_tag","embeddable":true,"href":"https:\/\/rosariumlottum.com\/de\/wp-json\/wp\/v2\/product_tag?post=21391"}],"curies":[{"name":"wp","href":"https:\/\/api.w.org\/{rel}","templated":true}]}}