{"id":20317,"date":"2021-12-06T10:58:34","date_gmt":"2022-01-27T08:17:53","guid":{"rendered":"http:\/\/rosarium.eijdemsinternet.nl\/product\/abbaye-de-cluny-grootbloemige-roos\/"},"modified":"2022-01-31T10:07:40","modified_gmt":"2022-01-31T10:07:40","slug":"abbaye-de-cluny-edelrose","status":"publish","type":"product","link":"https:\/\/rosariumlottum.com\/de\/produkt\/abbaye-de-cluny-edelrose\/","title":{"rendered":"Abbaye de Cluny, Edelrose"},"content":{"rendered":"<p>Sch\u00f6ne gro\u00dfbl\u00fctige Rose mit gro\u00dfen gef\u00fcllten Rosen auf kr\u00e4ftigen Stielen in einer sch\u00f6nen Lachs-aprikosenfarbe.<br \/>\nAufrechter Wuchsform, ideale Rose zum Pflanzen in Beeten oder als Solitair.<br \/>\nAuch geeignet zum pflanzen in Topf.<br \/>\nWunderbar w\u00fcrzig duftende, reich bl\u00fchende Rose mit gesunden dunkelgr\u00fcnen gl\u00e4nzenden Bl\u00e4ttern<\/p>\n","protected":false},"excerpt":{"rendered":"<p>Sch\u00f6ne gro\u00dfbl\u00fctige Rose mit gro\u00dfen gef\u00fcllten Rosen auf kr\u00e4ftigen Stielen in einer sch\u00f6nen Lachs-aprikosenfarbe. Aufrechter Wuchsform, ideale Rose zum Pflanzen [&hellip;]<\/p>\n","protected":false},"featured_media":3750,"comment_status":"open","ping_status":"closed","template":"","meta":{"_acf_changed":false},"product_brand":[],"product_cat":[624,625],"product_tag":[1530,762,726],"class_list":{"0":"post-20317","1":"product","2":"type-product","3":"status-publish","4":"has-post-thumbnail","6":"product_cat-duft-rosen","7":"product_cat-edelrosen","8":"product_tag-abbaye-de-cluney-de","9":"product_tag-grootbloemige-roos-de","10":"product_tag-rosarium-lottum-de","12":"first","13":"instock","14":"taxable","15":"shipping-taxable","16":"product-type-grouped"},"acf":[],"yoast_head":"<!-- This site is optimized with the Yoast SEO plugin v27.4 - https:\/\/yoast.com\/product\/yoast-seo-wordpress\/ -->\n<title>Abbaye de Cluny, Edelrose | Rosarium Lottum<\/title>\n<meta name=\"description\" content=\"Prachtige grootbloemige roos met grote gevulde rozen op krachtige stelen in een mooie zalm abrikooskleur.Opgaande groeiwijze, ideale roos voor beplanting in perken of als solitair.Ook geschikt voor potbeplanting.Heerlijk kruidig geurend, rijk- en doorbloeiende roos met gezond donkergroen glanzend blad\" \/>\n<meta name=\"robots\" content=\"index, follow, max-snippet:-1, max-image-preview:large, max-video-preview:-1\" \/>\n<link rel=\"canonical\" href=\"https:\/\/rosariumlottum.com\/de\/produkt\/abbaye-de-cluny-edelrose\/\" \/>\n<meta property=\"og:locale\" content=\"de_DE\" \/>\n<meta property=\"og:type\" content=\"article\" \/>\n<meta property=\"og:title\" content=\"Abbaye de Cluny, Edelrose | Rosarium Lottum\" \/>\n<meta property=\"og:description\" content=\"Prachtige grootbloemige roos met grote gevulde rozen op krachtige stelen in een mooie zalm abrikooskleur.Opgaande groeiwijze, ideale roos voor beplanting in perken of als solitair.Ook geschikt voor potbeplanting.Heerlijk kruidig geurend, rijk- en doorbloeiende roos met gezond donkergroen glanzend blad\" \/>\n<meta property=\"og:url\" content=\"https:\/\/rosariumlottum.com\/de\/produkt\/abbaye-de-cluny-edelrose\/\" \/>\n<meta property=\"og:site_name\" content=\"Rosarium Lottum\" \/>\n<meta property=\"article:modified_time\" content=\"2022-01-31T10:07:40+00:00\" \/>\n<meta property=\"og:image\" content=\"https:\/\/rosariumlottum.com\/wp-content\/uploads\/2021\/10\/P1090644-scaled.jpg\" \/>\n\t<meta property=\"og:image:width\" content=\"2560\" \/>\n\t<meta property=\"og:image:height\" content=\"1920\" \/>\n\t<meta property=\"og:image:type\" content=\"image\/jpeg\" \/>\n<meta name=\"twitter:card\" content=\"summary_large_image\" \/>\n<script type=\"application\/ld+json\" class=\"yoast-schema-graph\">{\"@context\":\"https:\\\/\\\/schema.org\",\"@graph\":[{\"@type\":[\"WebPage\",\"ItemPage\"],\"@id\":\"https:\\\/\\\/rosariumlottum.com\\\/de\\\/produkt\\\/abbaye-de-cluny-edelrose\\\/\",\"url\":\"https:\\\/\\\/rosariumlottum.com\\\/de\\\/produkt\\\/abbaye-de-cluny-edelrose\\\/\",\"name\":\"Abbaye de Cluny, Edelrose | Rosarium Lottum\",\"isPartOf\":{\"@id\":\"https:\\\/\\\/rosariumlottum.com\\\/de\\\/#website\"},\"primaryImageOfPage\":{\"@id\":\"https:\\\/\\\/rosariumlottum.com\\\/de\\\/produkt\\\/abbaye-de-cluny-edelrose\\\/#primaryimage\"},\"image\":{\"@id\":\"https:\\\/\\\/rosariumlottum.com\\\/de\\\/produkt\\\/abbaye-de-cluny-edelrose\\\/#primaryimage\"},\"thumbnailUrl\":\"https:\\\/\\\/rosariumlottum.com\\\/wp-content\\\/uploads\\\/2021\\\/10\\\/P1090644-scaled.jpg\",\"datePublished\":\"2022-01-27T08:17:53+00:00\",\"dateModified\":\"2022-01-31T10:07:40+00:00\",\"description\":\"Prachtige grootbloemige roos met grote gevulde rozen op krachtige stelen in een mooie zalm abrikooskleur.Opgaande groeiwijze, ideale roos voor beplanting in perken of als solitair.Ook geschikt voor potbeplanting.Heerlijk kruidig geurend, rijk- en doorbloeiende roos met gezond donkergroen glanzend blad\",\"breadcrumb\":{\"@id\":\"https:\\\/\\\/rosariumlottum.com\\\/de\\\/produkt\\\/abbaye-de-cluny-edelrose\\\/#breadcrumb\"},\"inLanguage\":\"de\",\"potentialAction\":[{\"@type\":\"ReadAction\",\"target\":[\"https:\\\/\\\/rosariumlottum.com\\\/de\\\/produkt\\\/abbaye-de-cluny-edelrose\\\/\"]}]},{\"@type\":\"ImageObject\",\"inLanguage\":\"de\",\"@id\":\"https:\\\/\\\/rosariumlottum.com\\\/de\\\/produkt\\\/abbaye-de-cluny-edelrose\\\/#primaryimage\",\"url\":\"https:\\\/\\\/rosariumlottum.com\\\/wp-content\\\/uploads\\\/2021\\\/10\\\/P1090644-scaled.jpg\",\"contentUrl\":\"https:\\\/\\\/rosariumlottum.com\\\/wp-content\\\/uploads\\\/2021\\\/10\\\/P1090644-scaled.jpg\",\"width\":2560,\"height\":1920},{\"@type\":\"BreadcrumbList\",\"@id\":\"https:\\\/\\\/rosariumlottum.com\\\/de\\\/produkt\\\/abbaye-de-cluny-edelrose\\\/#breadcrumb\",\"itemListElement\":[{\"@type\":\"ListItem\",\"position\":1,\"name\":\"Home\",\"item\":\"https:\\\/\\\/rosariumlottum.com\\\/de\\\/\"},{\"@type\":\"ListItem\",\"position\":2,\"name\":\"Webshop\",\"item\":\"https:\\\/\\\/rosariumlottum.com\\\/de\\\/webshop\\\/\"},{\"@type\":\"ListItem\",\"position\":3,\"name\":\"Abbaye de Cluny, Edelrose\"}]},{\"@type\":\"WebSite\",\"@id\":\"https:\\\/\\\/rosariumlottum.com\\\/de\\\/#website\",\"url\":\"https:\\\/\\\/rosariumlottum.com\\\/de\\\/\",\"name\":\"Rosarium Lottum\",\"description\":\"Rosarium Luxury Roses\",\"publisher\":{\"@id\":\"https:\\\/\\\/rosariumlottum.com\\\/de\\\/#organization\"},\"potentialAction\":[{\"@type\":\"SearchAction\",\"target\":{\"@type\":\"EntryPoint\",\"urlTemplate\":\"https:\\\/\\\/rosariumlottum.com\\\/de\\\/?s={search_term_string}\"},\"query-input\":{\"@type\":\"PropertyValueSpecification\",\"valueRequired\":true,\"valueName\":\"search_term_string\"}}],\"inLanguage\":\"de\"},{\"@type\":\"Organization\",\"@id\":\"https:\\\/\\\/rosariumlottum.com\\\/de\\\/#organization\",\"name\":\"Rosarium Lottum\",\"url\":\"https:\\\/\\\/rosariumlottum.com\\\/de\\\/\",\"logo\":{\"@type\":\"ImageObject\",\"inLanguage\":\"de\",\"@id\":\"https:\\\/\\\/rosariumlottum.com\\\/de\\\/#\\\/schema\\\/logo\\\/image\\\/\",\"url\":\"https:\\\/\\\/rosariumlottum.com\\\/wp-content\\\/uploads\\\/2021\\\/09\\\/rosairum.png\",\"contentUrl\":\"https:\\\/\\\/rosariumlottum.com\\\/wp-content\\\/uploads\\\/2021\\\/09\\\/rosairum.png\",\"width\":378,\"height\":115,\"caption\":\"Rosarium Lottum\"},\"image\":{\"@id\":\"https:\\\/\\\/rosariumlottum.com\\\/de\\\/#\\\/schema\\\/logo\\\/image\\\/\"}}]}<\/script>\n<!-- \/ Yoast SEO plugin. -->","yoast_head_json":{"title":"Abbaye de Cluny, Edelrose | Rosarium Lottum","description":"Prachtige grootbloemige roos met grote gevulde rozen op krachtige stelen in een mooie zalm abrikooskleur.Opgaande groeiwijze, ideale roos voor beplanting in perken of als solitair.Ook geschikt voor potbeplanting.Heerlijk kruidig geurend, rijk- en doorbloeiende roos met gezond donkergroen glanzend blad","robots":{"index":"index","follow":"follow","max-snippet":"max-snippet:-1","max-image-preview":"max-image-preview:large","max-video-preview":"max-video-preview:-1"},"canonical":"https:\/\/rosariumlottum.com\/de\/produkt\/abbaye-de-cluny-edelrose\/","og_locale":"de_DE","og_type":"article","og_title":"Abbaye de Cluny, Edelrose | Rosarium Lottum","og_description":"Prachtige grootbloemige roos met grote gevulde rozen op krachtige stelen in een mooie zalm abrikooskleur.Opgaande groeiwijze, ideale roos voor beplanting in perken of als solitair.Ook geschikt voor potbeplanting.Heerlijk kruidig geurend, rijk- en doorbloeiende roos met gezond donkergroen glanzend blad","og_url":"https:\/\/rosariumlottum.com\/de\/produkt\/abbaye-de-cluny-edelrose\/","og_site_name":"Rosarium Lottum","article_modified_time":"2022-01-31T10:07:40+00:00","og_image":[{"width":2560,"height":1920,"url":"https:\/\/rosariumlottum.com\/wp-content\/uploads\/2021\/10\/P1090644-scaled.jpg","type":"image\/jpeg"}],"twitter_card":"summary_large_image","schema":{"@context":"https:\/\/schema.org","@graph":[{"@type":["WebPage","ItemPage"],"@id":"https:\/\/rosariumlottum.com\/de\/produkt\/abbaye-de-cluny-edelrose\/","url":"https:\/\/rosariumlottum.com\/de\/produkt\/abbaye-de-cluny-edelrose\/","name":"Abbaye de Cluny, Edelrose | Rosarium Lottum","isPartOf":{"@id":"https:\/\/rosariumlottum.com\/de\/#website"},"primaryImageOfPage":{"@id":"https:\/\/rosariumlottum.com\/de\/produkt\/abbaye-de-cluny-edelrose\/#primaryimage"},"image":{"@id":"https:\/\/rosariumlottum.com\/de\/produkt\/abbaye-de-cluny-edelrose\/#primaryimage"},"thumbnailUrl":"https:\/\/rosariumlottum.com\/wp-content\/uploads\/2021\/10\/P1090644-scaled.jpg","datePublished":"2022-01-27T08:17:53+00:00","dateModified":"2022-01-31T10:07:40+00:00","description":"Prachtige grootbloemige roos met grote gevulde rozen op krachtige stelen in een mooie zalm abrikooskleur.Opgaande groeiwijze, ideale roos voor beplanting in perken of als solitair.Ook geschikt voor potbeplanting.Heerlijk kruidig geurend, rijk- en doorbloeiende roos met gezond donkergroen glanzend blad","breadcrumb":{"@id":"https:\/\/rosariumlottum.com\/de\/produkt\/abbaye-de-cluny-edelrose\/#breadcrumb"},"inLanguage":"de","potentialAction":[{"@type":"ReadAction","target":["https:\/\/rosariumlottum.com\/de\/produkt\/abbaye-de-cluny-edelrose\/"]}]},{"@type":"ImageObject","inLanguage":"de","@id":"https:\/\/rosariumlottum.com\/de\/produkt\/abbaye-de-cluny-edelrose\/#primaryimage","url":"https:\/\/rosariumlottum.com\/wp-content\/uploads\/2021\/10\/P1090644-scaled.jpg","contentUrl":"https:\/\/rosariumlottum.com\/wp-content\/uploads\/2021\/10\/P1090644-scaled.jpg","width":2560,"height":1920},{"@type":"BreadcrumbList","@id":"https:\/\/rosariumlottum.com\/de\/produkt\/abbaye-de-cluny-edelrose\/#breadcrumb","itemListElement":[{"@type":"ListItem","position":1,"name":"Home","item":"https:\/\/rosariumlottum.com\/de\/"},{"@type":"ListItem","position":2,"name":"Webshop","item":"https:\/\/rosariumlottum.com\/de\/webshop\/"},{"@type":"ListItem","position":3,"name":"Abbaye de Cluny, Edelrose"}]},{"@type":"WebSite","@id":"https:\/\/rosariumlottum.com\/de\/#website","url":"https:\/\/rosariumlottum.com\/de\/","name":"Rosarium Lottum","description":"Rosarium Luxury Roses","publisher":{"@id":"https:\/\/rosariumlottum.com\/de\/#organization"},"potentialAction":[{"@type":"SearchAction","target":{"@type":"EntryPoint","urlTemplate":"https:\/\/rosariumlottum.com\/de\/?s={search_term_string}"},"query-input":{"@type":"PropertyValueSpecification","valueRequired":true,"valueName":"search_term_string"}}],"inLanguage":"de"},{"@type":"Organization","@id":"https:\/\/rosariumlottum.com\/de\/#organization","name":"Rosarium Lottum","url":"https:\/\/rosariumlottum.com\/de\/","logo":{"@type":"ImageObject","inLanguage":"de","@id":"https:\/\/rosariumlottum.com\/de\/#\/schema\/logo\/image\/","url":"https:\/\/rosariumlottum.com\/wp-content\/uploads\/2021\/09\/rosairum.png","contentUrl":"https:\/\/rosariumlottum.com\/wp-content\/uploads\/2021\/09\/rosairum.png","width":378,"height":115,"caption":"Rosarium Lottum"},"image":{"@id":"https:\/\/rosariumlottum.com\/de\/#\/schema\/logo\/image\/"}}]}},"_links":{"self":[{"href":"https:\/\/rosariumlottum.com\/de\/wp-json\/wp\/v2\/product\/20317","targetHints":{"allow":["GET"]}}],"collection":[{"href":"https:\/\/rosariumlottum.com\/de\/wp-json\/wp\/v2\/product"}],"about":[{"href":"https:\/\/rosariumlottum.com\/de\/wp-json\/wp\/v2\/types\/product"}],"replies":[{"embeddable":true,"href":"https:\/\/rosariumlottum.com\/de\/wp-json\/wp\/v2\/comments?post=20317"}],"wp:featuredmedia":[{"embeddable":true,"href":"https:\/\/rosariumlottum.com\/de\/wp-json\/wp\/v2\/media\/3750"}],"wp:attachment":[{"href":"https:\/\/rosariumlottum.com\/de\/wp-json\/wp\/v2\/media?parent=20317"}],"wp:term":[{"taxonomy":"product_brand","embeddable":true,"href":"https:\/\/rosariumlottum.com\/de\/wp-json\/wp\/v2\/product_brand?post=20317"},{"taxonomy":"product_cat","embeddable":true,"href":"https:\/\/rosariumlottum.com\/de\/wp-json\/wp\/v2\/product_cat?post=20317"},{"taxonomy":"product_tag","embeddable":true,"href":"https:\/\/rosariumlottum.com\/de\/wp-json\/wp\/v2\/product_tag?post=20317"}],"curies":[{"name":"wp","href":"https:\/\/api.w.org\/{rel}","templated":true}]}}