{"id":18999,"date":"2021-12-06T11:05:17","date_gmt":"2022-01-27T08:19:54","guid":{"rendered":"http:\/\/rosarium.eijdemsinternet.nl\/product\/bravo-babylon-eyes\/"},"modified":"2022-01-31T10:08:46","modified_gmt":"2022-01-31T10:08:46","slug":"bravo-babylon-eyes-babylon-eyes-rose","status":"publish","type":"product","link":"https:\/\/rosariumlottum.com\/de\/produkt\/bravo-babylon-eyes-babylon-eyes-rose\/","title":{"rendered":"Bravo Babylon Eyes, Babylon Eyes Rose"},"content":{"rendered":"<p>Diese kompakte, einzelne bl\u00fchenden Busch Rose zeichnet sich durch eine reiche Bl\u00fcte und eine markante \u0084Auge\u0093 in einer kontrastierenden Farbe. Die Blume schaut dich sozusagen! Die neue Rose ist mit lilablaue, rosa, dunkelrosa, Pastelgele oder lachsorange Bl\u00fcten und eignet sich f\u00fcr Garten und Balkon und Terrasse im Topf.<br \/>\nBabylon Eyes  Rosen sind auch attraktiv f\u00fcr Schmetterlinge und Bienen. Da die Bl\u00fcte weit offen ist, k\u00f6nnen sie leicht Nektar saugen.<br \/>\nBabylon Eyes Rosen sind etwa 60 Zentimeter hoch und liebt einen Platz an der Sonne. Babylon Eyes Rosen eignen sich sehr f\u00fcr das deutsche Klima, die Rose ist sehr widerstandsf\u00e4hig gegen Frost und trockenes Wetter. Babylon Eyes Rosen bl\u00fchen Jahr f\u00fcr Jahr!<\/p>\n","protected":false},"excerpt":{"rendered":"<p>Diese kompakte, einzelne bl\u00fchenden Busch Rose zeichnet sich durch eine reiche Bl\u00fcte und eine markante \u0084Auge\u0093 in einer kontrastierenden Farbe. [&hellip;]<\/p>\n","protected":false},"featured_media":4477,"comment_status":"open","ping_status":"closed","template":"","meta":{"_acf_changed":false},"product_brand":[],"product_cat":[629,630,704],"product_tag":[728],"class_list":{"0":"post-18999","1":"product","2":"type-product","3":"status-publish","4":"has-post-thumbnail","6":"product_cat-beetrosen","7":"product_cat-hagebutten-rosen","8":"product_cat-persica-rosen","9":"product_tag-babylon-eyes-de","11":"first","12":"instock","13":"taxable","14":"shipping-taxable","15":"product-type-grouped"},"acf":[],"yoast_head":"<!-- This site is optimized with the Yoast SEO plugin v27.4 - https:\/\/yoast.com\/product\/yoast-seo-wordpress\/ -->\n<title>Bravo Babylon Eyes, Babylon Eyes Rose | Rosarium Lottum<\/title>\n<meta name=\"robots\" content=\"index, follow, max-snippet:-1, max-image-preview:large, max-video-preview:-1\" \/>\n<link rel=\"canonical\" href=\"https:\/\/rosariumlottum.com\/de\/produkt\/bravo-babylon-eyes-babylon-eyes-rose\/\" \/>\n<meta property=\"og:locale\" content=\"de_DE\" \/>\n<meta property=\"og:type\" content=\"article\" \/>\n<meta property=\"og:title\" content=\"Bravo Babylon Eyes, Babylon Eyes Rose | Rosarium Lottum\" \/>\n<meta property=\"og:description\" content=\"Diese kompakte, einzelne bl\u00fchenden Busch Rose zeichnet sich durch eine reiche Bl\u00fcte und eine markante \u0084Auge\u0093 in einer kontrastierenden Farbe. [&hellip;]\" \/>\n<meta property=\"og:url\" content=\"https:\/\/rosariumlottum.com\/de\/produkt\/bravo-babylon-eyes-babylon-eyes-rose\/\" \/>\n<meta property=\"og:site_name\" content=\"Rosarium Lottum\" \/>\n<meta property=\"article:modified_time\" content=\"2022-01-31T10:08:46+00:00\" \/>\n<meta property=\"og:image\" content=\"https:\/\/rosariumlottum.com\/wp-content\/uploads\/2021\/10\/Bravo-babylon-Eyes-2-scaled-1.jpg\" \/>\n\t<meta property=\"og:image:width\" content=\"2560\" \/>\n\t<meta property=\"og:image:height\" content=\"1920\" \/>\n\t<meta property=\"og:image:type\" content=\"image\/jpeg\" \/>\n<meta name=\"twitter:card\" content=\"summary_large_image\" \/>\n<meta name=\"twitter:label1\" content=\"Gesch\u00e4tzte Lesezeit\" \/>\n\t<meta name=\"twitter:data1\" content=\"1\u00a0Minute\" \/>\n<script type=\"application\/ld+json\" class=\"yoast-schema-graph\">{\"@context\":\"https:\\\/\\\/schema.org\",\"@graph\":[{\"@type\":[\"WebPage\",\"ItemPage\"],\"@id\":\"https:\\\/\\\/rosariumlottum.com\\\/de\\\/produkt\\\/bravo-babylon-eyes-babylon-eyes-rose\\\/\",\"url\":\"https:\\\/\\\/rosariumlottum.com\\\/de\\\/produkt\\\/bravo-babylon-eyes-babylon-eyes-rose\\\/\",\"name\":\"Bravo Babylon Eyes, Babylon Eyes Rose | Rosarium Lottum\",\"isPartOf\":{\"@id\":\"https:\\\/\\\/rosariumlottum.com\\\/de\\\/#website\"},\"primaryImageOfPage\":{\"@id\":\"https:\\\/\\\/rosariumlottum.com\\\/de\\\/produkt\\\/bravo-babylon-eyes-babylon-eyes-rose\\\/#primaryimage\"},\"image\":{\"@id\":\"https:\\\/\\\/rosariumlottum.com\\\/de\\\/produkt\\\/bravo-babylon-eyes-babylon-eyes-rose\\\/#primaryimage\"},\"thumbnailUrl\":\"https:\\\/\\\/rosariumlottum.com\\\/wp-content\\\/uploads\\\/2021\\\/10\\\/Bravo-babylon-Eyes-2-scaled-1.jpg\",\"datePublished\":\"2022-01-27T08:19:54+00:00\",\"dateModified\":\"2022-01-31T10:08:46+00:00\",\"breadcrumb\":{\"@id\":\"https:\\\/\\\/rosariumlottum.com\\\/de\\\/produkt\\\/bravo-babylon-eyes-babylon-eyes-rose\\\/#breadcrumb\"},\"inLanguage\":\"de\",\"potentialAction\":[{\"@type\":\"ReadAction\",\"target\":[\"https:\\\/\\\/rosariumlottum.com\\\/de\\\/produkt\\\/bravo-babylon-eyes-babylon-eyes-rose\\\/\"]}]},{\"@type\":\"ImageObject\",\"inLanguage\":\"de\",\"@id\":\"https:\\\/\\\/rosariumlottum.com\\\/de\\\/produkt\\\/bravo-babylon-eyes-babylon-eyes-rose\\\/#primaryimage\",\"url\":\"https:\\\/\\\/rosariumlottum.com\\\/wp-content\\\/uploads\\\/2021\\\/10\\\/Bravo-babylon-Eyes-2-scaled-1.jpg\",\"contentUrl\":\"https:\\\/\\\/rosariumlottum.com\\\/wp-content\\\/uploads\\\/2021\\\/10\\\/Bravo-babylon-Eyes-2-scaled-1.jpg\",\"width\":2560,\"height\":1920},{\"@type\":\"BreadcrumbList\",\"@id\":\"https:\\\/\\\/rosariumlottum.com\\\/de\\\/produkt\\\/bravo-babylon-eyes-babylon-eyes-rose\\\/#breadcrumb\",\"itemListElement\":[{\"@type\":\"ListItem\",\"position\":1,\"name\":\"Home\",\"item\":\"https:\\\/\\\/rosariumlottum.com\\\/de\\\/\"},{\"@type\":\"ListItem\",\"position\":2,\"name\":\"Webshop\",\"item\":\"https:\\\/\\\/rosariumlottum.com\\\/de\\\/webshop\\\/\"},{\"@type\":\"ListItem\",\"position\":3,\"name\":\"Bravo Babylon Eyes, Babylon Eyes Rose\"}]},{\"@type\":\"WebSite\",\"@id\":\"https:\\\/\\\/rosariumlottum.com\\\/de\\\/#website\",\"url\":\"https:\\\/\\\/rosariumlottum.com\\\/de\\\/\",\"name\":\"Rosarium Lottum\",\"description\":\"Rosarium Luxury Roses\",\"publisher\":{\"@id\":\"https:\\\/\\\/rosariumlottum.com\\\/de\\\/#organization\"},\"potentialAction\":[{\"@type\":\"SearchAction\",\"target\":{\"@type\":\"EntryPoint\",\"urlTemplate\":\"https:\\\/\\\/rosariumlottum.com\\\/de\\\/?s={search_term_string}\"},\"query-input\":{\"@type\":\"PropertyValueSpecification\",\"valueRequired\":true,\"valueName\":\"search_term_string\"}}],\"inLanguage\":\"de\"},{\"@type\":\"Organization\",\"@id\":\"https:\\\/\\\/rosariumlottum.com\\\/de\\\/#organization\",\"name\":\"Rosarium Lottum\",\"url\":\"https:\\\/\\\/rosariumlottum.com\\\/de\\\/\",\"logo\":{\"@type\":\"ImageObject\",\"inLanguage\":\"de\",\"@id\":\"https:\\\/\\\/rosariumlottum.com\\\/de\\\/#\\\/schema\\\/logo\\\/image\\\/\",\"url\":\"https:\\\/\\\/rosariumlottum.com\\\/wp-content\\\/uploads\\\/2021\\\/09\\\/rosairum.png\",\"contentUrl\":\"https:\\\/\\\/rosariumlottum.com\\\/wp-content\\\/uploads\\\/2021\\\/09\\\/rosairum.png\",\"width\":378,\"height\":115,\"caption\":\"Rosarium Lottum\"},\"image\":{\"@id\":\"https:\\\/\\\/rosariumlottum.com\\\/de\\\/#\\\/schema\\\/logo\\\/image\\\/\"}}]}<\/script>\n<!-- \/ Yoast SEO plugin. -->","yoast_head_json":{"title":"Bravo Babylon Eyes, Babylon Eyes Rose | Rosarium Lottum","robots":{"index":"index","follow":"follow","max-snippet":"max-snippet:-1","max-image-preview":"max-image-preview:large","max-video-preview":"max-video-preview:-1"},"canonical":"https:\/\/rosariumlottum.com\/de\/produkt\/bravo-babylon-eyes-babylon-eyes-rose\/","og_locale":"de_DE","og_type":"article","og_title":"Bravo Babylon Eyes, Babylon Eyes Rose | Rosarium Lottum","og_description":"Diese kompakte, einzelne bl\u00fchenden Busch Rose zeichnet sich durch eine reiche Bl\u00fcte und eine markante \u0084Auge\u0093 in einer kontrastierenden Farbe. [&hellip;]","og_url":"https:\/\/rosariumlottum.com\/de\/produkt\/bravo-babylon-eyes-babylon-eyes-rose\/","og_site_name":"Rosarium Lottum","article_modified_time":"2022-01-31T10:08:46+00:00","og_image":[{"width":2560,"height":1920,"url":"https:\/\/rosariumlottum.com\/wp-content\/uploads\/2021\/10\/Bravo-babylon-Eyes-2-scaled-1.jpg","type":"image\/jpeg"}],"twitter_card":"summary_large_image","twitter_misc":{"Gesch\u00e4tzte Lesezeit":"1\u00a0Minute"},"schema":{"@context":"https:\/\/schema.org","@graph":[{"@type":["WebPage","ItemPage"],"@id":"https:\/\/rosariumlottum.com\/de\/produkt\/bravo-babylon-eyes-babylon-eyes-rose\/","url":"https:\/\/rosariumlottum.com\/de\/produkt\/bravo-babylon-eyes-babylon-eyes-rose\/","name":"Bravo Babylon Eyes, Babylon Eyes Rose | Rosarium Lottum","isPartOf":{"@id":"https:\/\/rosariumlottum.com\/de\/#website"},"primaryImageOfPage":{"@id":"https:\/\/rosariumlottum.com\/de\/produkt\/bravo-babylon-eyes-babylon-eyes-rose\/#primaryimage"},"image":{"@id":"https:\/\/rosariumlottum.com\/de\/produkt\/bravo-babylon-eyes-babylon-eyes-rose\/#primaryimage"},"thumbnailUrl":"https:\/\/rosariumlottum.com\/wp-content\/uploads\/2021\/10\/Bravo-babylon-Eyes-2-scaled-1.jpg","datePublished":"2022-01-27T08:19:54+00:00","dateModified":"2022-01-31T10:08:46+00:00","breadcrumb":{"@id":"https:\/\/rosariumlottum.com\/de\/produkt\/bravo-babylon-eyes-babylon-eyes-rose\/#breadcrumb"},"inLanguage":"de","potentialAction":[{"@type":"ReadAction","target":["https:\/\/rosariumlottum.com\/de\/produkt\/bravo-babylon-eyes-babylon-eyes-rose\/"]}]},{"@type":"ImageObject","inLanguage":"de","@id":"https:\/\/rosariumlottum.com\/de\/produkt\/bravo-babylon-eyes-babylon-eyes-rose\/#primaryimage","url":"https:\/\/rosariumlottum.com\/wp-content\/uploads\/2021\/10\/Bravo-babylon-Eyes-2-scaled-1.jpg","contentUrl":"https:\/\/rosariumlottum.com\/wp-content\/uploads\/2021\/10\/Bravo-babylon-Eyes-2-scaled-1.jpg","width":2560,"height":1920},{"@type":"BreadcrumbList","@id":"https:\/\/rosariumlottum.com\/de\/produkt\/bravo-babylon-eyes-babylon-eyes-rose\/#breadcrumb","itemListElement":[{"@type":"ListItem","position":1,"name":"Home","item":"https:\/\/rosariumlottum.com\/de\/"},{"@type":"ListItem","position":2,"name":"Webshop","item":"https:\/\/rosariumlottum.com\/de\/webshop\/"},{"@type":"ListItem","position":3,"name":"Bravo Babylon Eyes, Babylon Eyes Rose"}]},{"@type":"WebSite","@id":"https:\/\/rosariumlottum.com\/de\/#website","url":"https:\/\/rosariumlottum.com\/de\/","name":"Rosarium Lottum","description":"Rosarium Luxury Roses","publisher":{"@id":"https:\/\/rosariumlottum.com\/de\/#organization"},"potentialAction":[{"@type":"SearchAction","target":{"@type":"EntryPoint","urlTemplate":"https:\/\/rosariumlottum.com\/de\/?s={search_term_string}"},"query-input":{"@type":"PropertyValueSpecification","valueRequired":true,"valueName":"search_term_string"}}],"inLanguage":"de"},{"@type":"Organization","@id":"https:\/\/rosariumlottum.com\/de\/#organization","name":"Rosarium Lottum","url":"https:\/\/rosariumlottum.com\/de\/","logo":{"@type":"ImageObject","inLanguage":"de","@id":"https:\/\/rosariumlottum.com\/de\/#\/schema\/logo\/image\/","url":"https:\/\/rosariumlottum.com\/wp-content\/uploads\/2021\/09\/rosairum.png","contentUrl":"https:\/\/rosariumlottum.com\/wp-content\/uploads\/2021\/09\/rosairum.png","width":378,"height":115,"caption":"Rosarium Lottum"},"image":{"@id":"https:\/\/rosariumlottum.com\/de\/#\/schema\/logo\/image\/"}}]}},"_links":{"self":[{"href":"https:\/\/rosariumlottum.com\/de\/wp-json\/wp\/v2\/product\/18999","targetHints":{"allow":["GET"]}}],"collection":[{"href":"https:\/\/rosariumlottum.com\/de\/wp-json\/wp\/v2\/product"}],"about":[{"href":"https:\/\/rosariumlottum.com\/de\/wp-json\/wp\/v2\/types\/product"}],"replies":[{"embeddable":true,"href":"https:\/\/rosariumlottum.com\/de\/wp-json\/wp\/v2\/comments?post=18999"}],"wp:featuredmedia":[{"embeddable":true,"href":"https:\/\/rosariumlottum.com\/de\/wp-json\/wp\/v2\/media\/4477"}],"wp:attachment":[{"href":"https:\/\/rosariumlottum.com\/de\/wp-json\/wp\/v2\/media?parent=18999"}],"wp:term":[{"taxonomy":"product_brand","embeddable":true,"href":"https:\/\/rosariumlottum.com\/de\/wp-json\/wp\/v2\/product_brand?post=18999"},{"taxonomy":"product_cat","embeddable":true,"href":"https:\/\/rosariumlottum.com\/de\/wp-json\/wp\/v2\/product_cat?post=18999"},{"taxonomy":"product_tag","embeddable":true,"href":"https:\/\/rosariumlottum.com\/de\/wp-json\/wp\/v2\/product_tag?post=18999"}],"curies":[{"name":"wp","href":"https:\/\/api.w.org\/{rel}","templated":true}]}}