{"id":18334,"date":"2021-12-06T11:08:57","date_gmt":"2022-01-27T08:15:01","guid":{"rendered":"http:\/\/rosarium.eijdemsinternet.nl\/product\/nina-renaissance-heesterroos\/"},"modified":"2022-01-31T10:06:19","modified_gmt":"2022-01-31T10:06:19","slug":"nina-renaissance-zierstrauchrose","status":"publish","type":"product","link":"https:\/\/rosariumlottum.com\/de\/produkt\/nina-renaissance-zierstrauchrose\/","title":{"rendered":"Nina Renaissance, Zierstrauchrose"},"content":{"rendered":"<p>Sehr sch\u00f6ne \u00f6fterbl\u00fchende Zierstrauchrose mit gro\u00dfen, stark gef\u00fcllten und sehr intensiv duftende Bl\u00fcten.                                                                                                                                                                                                                                                                                                                                                                                                Die Bl\u00fcten sind cremewei\u00df bis zartgelb in der Farbe und die Pflanze w\u00e4chst stark, buschig und gleichm\u00e4\u00dfig mit gesundes, gl\u00e4nzendes Laub.<br \/>\nRobuste und winterharte Strauchrose die auch als Kletterrose verwendet werden kann.<\/p>\n","protected":false},"excerpt":{"rendered":"<p>Sehr sch\u00f6ne \u00f6fterbl\u00fchende Zierstrauchrose mit gro\u00dfen, stark gef\u00fcllten und sehr intensiv duftende Bl\u00fcten. Die Bl\u00fcten sind cremewei\u00df bis zartgelb in [&hellip;]<\/p>\n","protected":false},"featured_media":2694,"comment_status":"open","ping_status":"closed","template":"","meta":{"_acf_changed":false},"product_brand":[],"product_cat":[624,650,638],"product_tag":[725,1183,726],"class_list":{"0":"post-18334","1":"product","2":"type-product","3":"status-publish","4":"has-post-thumbnail","6":"product_cat-duft-rosen","7":"product_cat-renaissance-rosen","8":"product_cat-zierstrauchrosen","9":"product_tag-heesterroos-de","10":"product_tag-rosa-nina-renaissance-de","11":"product_tag-rosarium-lottum-de","13":"first","14":"instock","15":"taxable","16":"shipping-taxable","17":"product-type-grouped"},"acf":[],"yoast_head":"<!-- This site is optimized with the Yoast SEO plugin v27.4 - https:\/\/yoast.com\/product\/yoast-seo-wordpress\/ -->\n<title>Nina Renaissance, Zierstrauchrose | Rosarium Lottum<\/title>\n<meta name=\"robots\" content=\"index, follow, max-snippet:-1, max-image-preview:large, max-video-preview:-1\" \/>\n<link rel=\"canonical\" href=\"https:\/\/rosariumlottum.com\/de\/produkt\/nina-renaissance-zierstrauchrose\/\" \/>\n<meta property=\"og:locale\" content=\"de_DE\" \/>\n<meta property=\"og:type\" content=\"article\" \/>\n<meta property=\"og:title\" content=\"Nina Renaissance, Zierstrauchrose | Rosarium Lottum\" \/>\n<meta property=\"og:description\" content=\"Sehr sch\u00f6ne \u00f6fterbl\u00fchende Zierstrauchrose mit gro\u00dfen, stark gef\u00fcllten und sehr intensiv duftende Bl\u00fcten. Die Bl\u00fcten sind cremewei\u00df bis zartgelb in [&hellip;]\" \/>\n<meta property=\"og:url\" content=\"https:\/\/rosariumlottum.com\/de\/produkt\/nina-renaissance-zierstrauchrose\/\" \/>\n<meta property=\"og:site_name\" content=\"Rosarium Lottum\" \/>\n<meta property=\"article:modified_time\" content=\"2022-01-31T10:06:19+00:00\" \/>\n<meta property=\"og:image\" content=\"https:\/\/rosariumlottum.com\/wp-content\/uploads\/2021\/10\/ninarenaissance.jpg\" \/>\n\t<meta property=\"og:image:width\" content=\"1024\" \/>\n\t<meta property=\"og:image:height\" content=\"768\" \/>\n\t<meta property=\"og:image:type\" content=\"image\/jpeg\" \/>\n<meta name=\"twitter:card\" content=\"summary_large_image\" \/>\n<script type=\"application\/ld+json\" class=\"yoast-schema-graph\">{\"@context\":\"https:\\\/\\\/schema.org\",\"@graph\":[{\"@type\":[\"WebPage\",\"ItemPage\"],\"@id\":\"https:\\\/\\\/rosariumlottum.com\\\/de\\\/produkt\\\/nina-renaissance-zierstrauchrose\\\/\",\"url\":\"https:\\\/\\\/rosariumlottum.com\\\/de\\\/produkt\\\/nina-renaissance-zierstrauchrose\\\/\",\"name\":\"Nina Renaissance, Zierstrauchrose | Rosarium Lottum\",\"isPartOf\":{\"@id\":\"https:\\\/\\\/rosariumlottum.com\\\/de\\\/#website\"},\"primaryImageOfPage\":{\"@id\":\"https:\\\/\\\/rosariumlottum.com\\\/de\\\/produkt\\\/nina-renaissance-zierstrauchrose\\\/#primaryimage\"},\"image\":{\"@id\":\"https:\\\/\\\/rosariumlottum.com\\\/de\\\/produkt\\\/nina-renaissance-zierstrauchrose\\\/#primaryimage\"},\"thumbnailUrl\":\"https:\\\/\\\/rosariumlottum.com\\\/wp-content\\\/uploads\\\/2021\\\/10\\\/ninarenaissance.jpg\",\"datePublished\":\"2022-01-27T08:15:01+00:00\",\"dateModified\":\"2022-01-31T10:06:19+00:00\",\"breadcrumb\":{\"@id\":\"https:\\\/\\\/rosariumlottum.com\\\/de\\\/produkt\\\/nina-renaissance-zierstrauchrose\\\/#breadcrumb\"},\"inLanguage\":\"de\",\"potentialAction\":[{\"@type\":\"ReadAction\",\"target\":[\"https:\\\/\\\/rosariumlottum.com\\\/de\\\/produkt\\\/nina-renaissance-zierstrauchrose\\\/\"]}]},{\"@type\":\"ImageObject\",\"inLanguage\":\"de\",\"@id\":\"https:\\\/\\\/rosariumlottum.com\\\/de\\\/produkt\\\/nina-renaissance-zierstrauchrose\\\/#primaryimage\",\"url\":\"https:\\\/\\\/rosariumlottum.com\\\/wp-content\\\/uploads\\\/2021\\\/10\\\/ninarenaissance.jpg\",\"contentUrl\":\"https:\\\/\\\/rosariumlottum.com\\\/wp-content\\\/uploads\\\/2021\\\/10\\\/ninarenaissance.jpg\",\"width\":1024,\"height\":768},{\"@type\":\"BreadcrumbList\",\"@id\":\"https:\\\/\\\/rosariumlottum.com\\\/de\\\/produkt\\\/nina-renaissance-zierstrauchrose\\\/#breadcrumb\",\"itemListElement\":[{\"@type\":\"ListItem\",\"position\":1,\"name\":\"Home\",\"item\":\"https:\\\/\\\/rosariumlottum.com\\\/de\\\/\"},{\"@type\":\"ListItem\",\"position\":2,\"name\":\"Webshop\",\"item\":\"https:\\\/\\\/rosariumlottum.com\\\/de\\\/webshop\\\/\"},{\"@type\":\"ListItem\",\"position\":3,\"name\":\"Nina Renaissance, Zierstrauchrose\"}]},{\"@type\":\"WebSite\",\"@id\":\"https:\\\/\\\/rosariumlottum.com\\\/de\\\/#website\",\"url\":\"https:\\\/\\\/rosariumlottum.com\\\/de\\\/\",\"name\":\"Rosarium Lottum\",\"description\":\"Rosarium Luxury Roses\",\"publisher\":{\"@id\":\"https:\\\/\\\/rosariumlottum.com\\\/de\\\/#organization\"},\"potentialAction\":[{\"@type\":\"SearchAction\",\"target\":{\"@type\":\"EntryPoint\",\"urlTemplate\":\"https:\\\/\\\/rosariumlottum.com\\\/de\\\/?s={search_term_string}\"},\"query-input\":{\"@type\":\"PropertyValueSpecification\",\"valueRequired\":true,\"valueName\":\"search_term_string\"}}],\"inLanguage\":\"de\"},{\"@type\":\"Organization\",\"@id\":\"https:\\\/\\\/rosariumlottum.com\\\/de\\\/#organization\",\"name\":\"Rosarium Lottum\",\"url\":\"https:\\\/\\\/rosariumlottum.com\\\/de\\\/\",\"logo\":{\"@type\":\"ImageObject\",\"inLanguage\":\"de\",\"@id\":\"https:\\\/\\\/rosariumlottum.com\\\/de\\\/#\\\/schema\\\/logo\\\/image\\\/\",\"url\":\"https:\\\/\\\/rosariumlottum.com\\\/wp-content\\\/uploads\\\/2021\\\/09\\\/rosairum.png\",\"contentUrl\":\"https:\\\/\\\/rosariumlottum.com\\\/wp-content\\\/uploads\\\/2021\\\/09\\\/rosairum.png\",\"width\":378,\"height\":115,\"caption\":\"Rosarium Lottum\"},\"image\":{\"@id\":\"https:\\\/\\\/rosariumlottum.com\\\/de\\\/#\\\/schema\\\/logo\\\/image\\\/\"}}]}<\/script>\n<!-- \/ Yoast SEO plugin. -->","yoast_head_json":{"title":"Nina Renaissance, Zierstrauchrose | Rosarium Lottum","robots":{"index":"index","follow":"follow","max-snippet":"max-snippet:-1","max-image-preview":"max-image-preview:large","max-video-preview":"max-video-preview:-1"},"canonical":"https:\/\/rosariumlottum.com\/de\/produkt\/nina-renaissance-zierstrauchrose\/","og_locale":"de_DE","og_type":"article","og_title":"Nina Renaissance, Zierstrauchrose | Rosarium Lottum","og_description":"Sehr sch\u00f6ne \u00f6fterbl\u00fchende Zierstrauchrose mit gro\u00dfen, stark gef\u00fcllten und sehr intensiv duftende Bl\u00fcten. Die Bl\u00fcten sind cremewei\u00df bis zartgelb in [&hellip;]","og_url":"https:\/\/rosariumlottum.com\/de\/produkt\/nina-renaissance-zierstrauchrose\/","og_site_name":"Rosarium Lottum","article_modified_time":"2022-01-31T10:06:19+00:00","og_image":[{"width":1024,"height":768,"url":"https:\/\/rosariumlottum.com\/wp-content\/uploads\/2021\/10\/ninarenaissance.jpg","type":"image\/jpeg"}],"twitter_card":"summary_large_image","schema":{"@context":"https:\/\/schema.org","@graph":[{"@type":["WebPage","ItemPage"],"@id":"https:\/\/rosariumlottum.com\/de\/produkt\/nina-renaissance-zierstrauchrose\/","url":"https:\/\/rosariumlottum.com\/de\/produkt\/nina-renaissance-zierstrauchrose\/","name":"Nina Renaissance, Zierstrauchrose | Rosarium Lottum","isPartOf":{"@id":"https:\/\/rosariumlottum.com\/de\/#website"},"primaryImageOfPage":{"@id":"https:\/\/rosariumlottum.com\/de\/produkt\/nina-renaissance-zierstrauchrose\/#primaryimage"},"image":{"@id":"https:\/\/rosariumlottum.com\/de\/produkt\/nina-renaissance-zierstrauchrose\/#primaryimage"},"thumbnailUrl":"https:\/\/rosariumlottum.com\/wp-content\/uploads\/2021\/10\/ninarenaissance.jpg","datePublished":"2022-01-27T08:15:01+00:00","dateModified":"2022-01-31T10:06:19+00:00","breadcrumb":{"@id":"https:\/\/rosariumlottum.com\/de\/produkt\/nina-renaissance-zierstrauchrose\/#breadcrumb"},"inLanguage":"de","potentialAction":[{"@type":"ReadAction","target":["https:\/\/rosariumlottum.com\/de\/produkt\/nina-renaissance-zierstrauchrose\/"]}]},{"@type":"ImageObject","inLanguage":"de","@id":"https:\/\/rosariumlottum.com\/de\/produkt\/nina-renaissance-zierstrauchrose\/#primaryimage","url":"https:\/\/rosariumlottum.com\/wp-content\/uploads\/2021\/10\/ninarenaissance.jpg","contentUrl":"https:\/\/rosariumlottum.com\/wp-content\/uploads\/2021\/10\/ninarenaissance.jpg","width":1024,"height":768},{"@type":"BreadcrumbList","@id":"https:\/\/rosariumlottum.com\/de\/produkt\/nina-renaissance-zierstrauchrose\/#breadcrumb","itemListElement":[{"@type":"ListItem","position":1,"name":"Home","item":"https:\/\/rosariumlottum.com\/de\/"},{"@type":"ListItem","position":2,"name":"Webshop","item":"https:\/\/rosariumlottum.com\/de\/webshop\/"},{"@type":"ListItem","position":3,"name":"Nina Renaissance, Zierstrauchrose"}]},{"@type":"WebSite","@id":"https:\/\/rosariumlottum.com\/de\/#website","url":"https:\/\/rosariumlottum.com\/de\/","name":"Rosarium Lottum","description":"Rosarium Luxury Roses","publisher":{"@id":"https:\/\/rosariumlottum.com\/de\/#organization"},"potentialAction":[{"@type":"SearchAction","target":{"@type":"EntryPoint","urlTemplate":"https:\/\/rosariumlottum.com\/de\/?s={search_term_string}"},"query-input":{"@type":"PropertyValueSpecification","valueRequired":true,"valueName":"search_term_string"}}],"inLanguage":"de"},{"@type":"Organization","@id":"https:\/\/rosariumlottum.com\/de\/#organization","name":"Rosarium Lottum","url":"https:\/\/rosariumlottum.com\/de\/","logo":{"@type":"ImageObject","inLanguage":"de","@id":"https:\/\/rosariumlottum.com\/de\/#\/schema\/logo\/image\/","url":"https:\/\/rosariumlottum.com\/wp-content\/uploads\/2021\/09\/rosairum.png","contentUrl":"https:\/\/rosariumlottum.com\/wp-content\/uploads\/2021\/09\/rosairum.png","width":378,"height":115,"caption":"Rosarium Lottum"},"image":{"@id":"https:\/\/rosariumlottum.com\/de\/#\/schema\/logo\/image\/"}}]}},"_links":{"self":[{"href":"https:\/\/rosariumlottum.com\/de\/wp-json\/wp\/v2\/product\/18334","targetHints":{"allow":["GET"]}}],"collection":[{"href":"https:\/\/rosariumlottum.com\/de\/wp-json\/wp\/v2\/product"}],"about":[{"href":"https:\/\/rosariumlottum.com\/de\/wp-json\/wp\/v2\/types\/product"}],"replies":[{"embeddable":true,"href":"https:\/\/rosariumlottum.com\/de\/wp-json\/wp\/v2\/comments?post=18334"}],"wp:featuredmedia":[{"embeddable":true,"href":"https:\/\/rosariumlottum.com\/de\/wp-json\/wp\/v2\/media\/2694"}],"wp:attachment":[{"href":"https:\/\/rosariumlottum.com\/de\/wp-json\/wp\/v2\/media?parent=18334"}],"wp:term":[{"taxonomy":"product_brand","embeddable":true,"href":"https:\/\/rosariumlottum.com\/de\/wp-json\/wp\/v2\/product_brand?post=18334"},{"taxonomy":"product_cat","embeddable":true,"href":"https:\/\/rosariumlottum.com\/de\/wp-json\/wp\/v2\/product_cat?post=18334"},{"taxonomy":"product_tag","embeddable":true,"href":"https:\/\/rosariumlottum.com\/de\/wp-json\/wp\/v2\/product_tag?post=18334"}],"curies":[{"name":"wp","href":"https:\/\/api.w.org\/{rel}","templated":true}]}}