{"id":17291,"date":"2021-12-06T11:14:46","date_gmt":"2022-01-27T08:29:21","guid":{"rendered":"http:\/\/rosarium.eijdemsinternet.nl\/product\/louise-odier-kale-wortel\/"},"modified":"2022-01-31T10:13:54","modified_gmt":"2022-01-31T10:13:54","slug":"louise-odier-wurzelnackte-rose","status":"publish","type":"product","link":"https:\/\/rosariumlottum.com\/de\/produkt\/louise-odier-wurzelnackte-rose\/","title":{"rendered":"Louise Odier, Wurzelnackte Rose"},"content":{"rendered":"<p>Mittelgro\u00dfen, doppelt gef\u00fcllten Bl\u00fcten in \u00fcppigen B\u00fcscheln, zuerst Schalenf\u00f6rmig, dann flach, rund und geviertelt. Die Bl\u00fcten sind warmrosa mit Lilat\u00f6nen und verbreiten einen berauschenden Duft.                                                                                                                                                                        Kr\u00e4ftig, buschig und gesund wachsend, eventuell auch verwendbar als Kletterrose. Sehr sch\u00f6ne, reich- und dauerbl\u00fchende Historische Zierstrauchrose.<\/p>\n","protected":false},"excerpt":{"rendered":"<p>Wurzelnackte Rose<\/p>\n","protected":false},"featured_media":13500,"comment_status":"open","ping_status":"closed","template":"","meta":{"_acf_changed":false},"product_brand":[],"product_cat":[654],"product_tag":[],"class_list":{"0":"post-17291","1":"product","2":"type-product","3":"status-publish","4":"has-post-thumbnail","6":"product_cat-historische-zierstrauchrosen","8":"first","9":"instock","10":"taxable","11":"shipping-taxable","12":"purchasable","13":"product-type-simple"},"acf":[],"yoast_head":"<!-- This site is optimized with the Yoast SEO plugin v27.0 - https:\/\/yoast.com\/product\/yoast-seo-wordpress\/ -->\n<title>Louise Odier, Wurzelnackte Rose | Rosarium Lottum<\/title>\n<meta name=\"robots\" content=\"index, follow, max-snippet:-1, max-image-preview:large, max-video-preview:-1\" \/>\n<link rel=\"canonical\" href=\"https:\/\/rosariumlottum.com\/de\/produkt\/louise-odier-wurzelnackte-rose\/\" \/>\n<meta property=\"og:locale\" content=\"de_DE\" \/>\n<meta property=\"og:type\" content=\"article\" \/>\n<meta property=\"og:title\" content=\"Louise Odier, Wurzelnackte Rose | Rosarium Lottum\" \/>\n<meta property=\"og:description\" content=\"Wurzelnackte Rose\" \/>\n<meta property=\"og:url\" content=\"https:\/\/rosariumlottum.com\/de\/produkt\/louise-odier-wurzelnackte-rose\/\" \/>\n<meta property=\"og:site_name\" content=\"Rosarium Lottum\" \/>\n<meta property=\"article:modified_time\" content=\"2022-01-31T10:13:54+00:00\" \/>\n<meta property=\"og:image\" content=\"https:\/\/rosariumlottum.com\/wp-content\/uploads\/2021\/12\/kale-wortel.jpg\" \/>\n\t<meta property=\"og:image:width\" content=\"80\" \/>\n\t<meta property=\"og:image:height\" content=\"80\" \/>\n\t<meta property=\"og:image:type\" content=\"image\/jpeg\" \/>\n<meta name=\"twitter:card\" content=\"summary_large_image\" \/>\n<script type=\"application\/ld+json\" class=\"yoast-schema-graph\">{\"@context\":\"https:\/\/schema.org\",\"@graph\":[{\"@type\":[\"WebPage\",\"ItemPage\"],\"@id\":\"https:\/\/rosariumlottum.com\/de\/produkt\/louise-odier-wurzelnackte-rose\/\",\"url\":\"https:\/\/rosariumlottum.com\/de\/produkt\/louise-odier-wurzelnackte-rose\/\",\"name\":\"Louise Odier, Wurzelnackte Rose | Rosarium Lottum\",\"isPartOf\":{\"@id\":\"https:\/\/rosariumlottum.com\/de\/#website\"},\"primaryImageOfPage\":{\"@id\":\"https:\/\/rosariumlottum.com\/de\/produkt\/louise-odier-wurzelnackte-rose\/#primaryimage\"},\"image\":{\"@id\":\"https:\/\/rosariumlottum.com\/de\/produkt\/louise-odier-wurzelnackte-rose\/#primaryimage\"},\"thumbnailUrl\":\"https:\/\/rosariumlottum.com\/wp-content\/uploads\/2021\/12\/kale-wortel.jpg\",\"datePublished\":\"2022-01-27T08:29:21+00:00\",\"dateModified\":\"2022-01-31T10:13:54+00:00\",\"breadcrumb\":{\"@id\":\"https:\/\/rosariumlottum.com\/de\/produkt\/louise-odier-wurzelnackte-rose\/#breadcrumb\"},\"inLanguage\":\"de\",\"potentialAction\":[{\"@type\":\"ReadAction\",\"target\":[\"https:\/\/rosariumlottum.com\/de\/produkt\/louise-odier-wurzelnackte-rose\/\"]}]},{\"@type\":\"ImageObject\",\"inLanguage\":\"de\",\"@id\":\"https:\/\/rosariumlottum.com\/de\/produkt\/louise-odier-wurzelnackte-rose\/#primaryimage\",\"url\":\"https:\/\/rosariumlottum.com\/wp-content\/uploads\/2021\/12\/kale-wortel.jpg\",\"contentUrl\":\"https:\/\/rosariumlottum.com\/wp-content\/uploads\/2021\/12\/kale-wortel.jpg\",\"width\":80,\"height\":80},{\"@type\":\"BreadcrumbList\",\"@id\":\"https:\/\/rosariumlottum.com\/de\/produkt\/louise-odier-wurzelnackte-rose\/#breadcrumb\",\"itemListElement\":[{\"@type\":\"ListItem\",\"position\":1,\"name\":\"Home\",\"item\":\"https:\/\/rosariumlottum.com\/de\/\"},{\"@type\":\"ListItem\",\"position\":2,\"name\":\"Webshop\",\"item\":\"https:\/\/rosariumlottum.com\/de\/webshop\/\"},{\"@type\":\"ListItem\",\"position\":3,\"name\":\"Louise Odier, Wurzelnackte Rose\"}]},{\"@type\":\"WebSite\",\"@id\":\"https:\/\/rosariumlottum.com\/de\/#website\",\"url\":\"https:\/\/rosariumlottum.com\/de\/\",\"name\":\"Rosarium Lottum\",\"description\":\"Rosarium Luxury Roses\",\"publisher\":{\"@id\":\"https:\/\/rosariumlottum.com\/de\/#organization\"},\"potentialAction\":[{\"@type\":\"SearchAction\",\"target\":{\"@type\":\"EntryPoint\",\"urlTemplate\":\"https:\/\/rosariumlottum.com\/de\/?s={search_term_string}\"},\"query-input\":{\"@type\":\"PropertyValueSpecification\",\"valueRequired\":true,\"valueName\":\"search_term_string\"}}],\"inLanguage\":\"de\"},{\"@type\":\"Organization\",\"@id\":\"https:\/\/rosariumlottum.com\/de\/#organization\",\"name\":\"Rosarium Lottum\",\"url\":\"https:\/\/rosariumlottum.com\/de\/\",\"logo\":{\"@type\":\"ImageObject\",\"inLanguage\":\"de\",\"@id\":\"https:\/\/rosariumlottum.com\/de\/#\/schema\/logo\/image\/\",\"url\":\"https:\/\/rosariumlottum.com\/wp-content\/uploads\/2021\/09\/rosairum.png\",\"contentUrl\":\"https:\/\/rosariumlottum.com\/wp-content\/uploads\/2021\/09\/rosairum.png\",\"width\":378,\"height\":115,\"caption\":\"Rosarium Lottum\"},\"image\":{\"@id\":\"https:\/\/rosariumlottum.com\/de\/#\/schema\/logo\/image\/\"}}]}<\/script>\n<!-- \/ Yoast SEO plugin. -->","yoast_head_json":{"title":"Louise Odier, Wurzelnackte Rose | Rosarium Lottum","robots":{"index":"index","follow":"follow","max-snippet":"max-snippet:-1","max-image-preview":"max-image-preview:large","max-video-preview":"max-video-preview:-1"},"canonical":"https:\/\/rosariumlottum.com\/de\/produkt\/louise-odier-wurzelnackte-rose\/","og_locale":"de_DE","og_type":"article","og_title":"Louise Odier, Wurzelnackte Rose | Rosarium Lottum","og_description":"Wurzelnackte Rose","og_url":"https:\/\/rosariumlottum.com\/de\/produkt\/louise-odier-wurzelnackte-rose\/","og_site_name":"Rosarium Lottum","article_modified_time":"2022-01-31T10:13:54+00:00","og_image":[{"width":80,"height":80,"url":"https:\/\/rosariumlottum.com\/wp-content\/uploads\/2021\/12\/kale-wortel.jpg","type":"image\/jpeg"}],"twitter_card":"summary_large_image","schema":{"@context":"https:\/\/schema.org","@graph":[{"@type":["WebPage","ItemPage"],"@id":"https:\/\/rosariumlottum.com\/de\/produkt\/louise-odier-wurzelnackte-rose\/","url":"https:\/\/rosariumlottum.com\/de\/produkt\/louise-odier-wurzelnackte-rose\/","name":"Louise Odier, Wurzelnackte Rose | Rosarium Lottum","isPartOf":{"@id":"https:\/\/rosariumlottum.com\/de\/#website"},"primaryImageOfPage":{"@id":"https:\/\/rosariumlottum.com\/de\/produkt\/louise-odier-wurzelnackte-rose\/#primaryimage"},"image":{"@id":"https:\/\/rosariumlottum.com\/de\/produkt\/louise-odier-wurzelnackte-rose\/#primaryimage"},"thumbnailUrl":"https:\/\/rosariumlottum.com\/wp-content\/uploads\/2021\/12\/kale-wortel.jpg","datePublished":"2022-01-27T08:29:21+00:00","dateModified":"2022-01-31T10:13:54+00:00","breadcrumb":{"@id":"https:\/\/rosariumlottum.com\/de\/produkt\/louise-odier-wurzelnackte-rose\/#breadcrumb"},"inLanguage":"de","potentialAction":[{"@type":"ReadAction","target":["https:\/\/rosariumlottum.com\/de\/produkt\/louise-odier-wurzelnackte-rose\/"]}]},{"@type":"ImageObject","inLanguage":"de","@id":"https:\/\/rosariumlottum.com\/de\/produkt\/louise-odier-wurzelnackte-rose\/#primaryimage","url":"https:\/\/rosariumlottum.com\/wp-content\/uploads\/2021\/12\/kale-wortel.jpg","contentUrl":"https:\/\/rosariumlottum.com\/wp-content\/uploads\/2021\/12\/kale-wortel.jpg","width":80,"height":80},{"@type":"BreadcrumbList","@id":"https:\/\/rosariumlottum.com\/de\/produkt\/louise-odier-wurzelnackte-rose\/#breadcrumb","itemListElement":[{"@type":"ListItem","position":1,"name":"Home","item":"https:\/\/rosariumlottum.com\/de\/"},{"@type":"ListItem","position":2,"name":"Webshop","item":"https:\/\/rosariumlottum.com\/de\/webshop\/"},{"@type":"ListItem","position":3,"name":"Louise Odier, Wurzelnackte Rose"}]},{"@type":"WebSite","@id":"https:\/\/rosariumlottum.com\/de\/#website","url":"https:\/\/rosariumlottum.com\/de\/","name":"Rosarium Lottum","description":"Rosarium Luxury Roses","publisher":{"@id":"https:\/\/rosariumlottum.com\/de\/#organization"},"potentialAction":[{"@type":"SearchAction","target":{"@type":"EntryPoint","urlTemplate":"https:\/\/rosariumlottum.com\/de\/?s={search_term_string}"},"query-input":{"@type":"PropertyValueSpecification","valueRequired":true,"valueName":"search_term_string"}}],"inLanguage":"de"},{"@type":"Organization","@id":"https:\/\/rosariumlottum.com\/de\/#organization","name":"Rosarium Lottum","url":"https:\/\/rosariumlottum.com\/de\/","logo":{"@type":"ImageObject","inLanguage":"de","@id":"https:\/\/rosariumlottum.com\/de\/#\/schema\/logo\/image\/","url":"https:\/\/rosariumlottum.com\/wp-content\/uploads\/2021\/09\/rosairum.png","contentUrl":"https:\/\/rosariumlottum.com\/wp-content\/uploads\/2021\/09\/rosairum.png","width":378,"height":115,"caption":"Rosarium Lottum"},"image":{"@id":"https:\/\/rosariumlottum.com\/de\/#\/schema\/logo\/image\/"}}]}},"_links":{"self":[{"href":"https:\/\/rosariumlottum.com\/de\/wp-json\/wp\/v2\/product\/17291","targetHints":{"allow":["GET"]}}],"collection":[{"href":"https:\/\/rosariumlottum.com\/de\/wp-json\/wp\/v2\/product"}],"about":[{"href":"https:\/\/rosariumlottum.com\/de\/wp-json\/wp\/v2\/types\/product"}],"replies":[{"embeddable":true,"href":"https:\/\/rosariumlottum.com\/de\/wp-json\/wp\/v2\/comments?post=17291"}],"wp:featuredmedia":[{"embeddable":true,"href":"https:\/\/rosariumlottum.com\/de\/wp-json\/wp\/v2\/media\/13500"}],"wp:attachment":[{"href":"https:\/\/rosariumlottum.com\/de\/wp-json\/wp\/v2\/media?parent=17291"}],"wp:term":[{"taxonomy":"product_brand","embeddable":true,"href":"https:\/\/rosariumlottum.com\/de\/wp-json\/wp\/v2\/product_brand?post=17291"},{"taxonomy":"product_cat","embeddable":true,"href":"https:\/\/rosariumlottum.com\/de\/wp-json\/wp\/v2\/product_cat?post=17291"},{"taxonomy":"product_tag","embeddable":true,"href":"https:\/\/rosariumlottum.com\/de\/wp-json\/wp\/v2\/product_tag?post=17291"}],"curies":[{"name":"wp","href":"https:\/\/api.w.org\/{rel}","templated":true}]}}