{"id":17262,"date":"2021-12-06T11:14:52","date_gmt":"2022-01-27T08:12:31","guid":{"rendered":"http:\/\/rosarium.eijdemsinternet.nl\/product\/comte-de-chambord-historische-roos\/"},"modified":"2022-01-31T10:04:58","modified_gmt":"2022-01-31T10:04:58","slug":"comte-de-chambord-historische-zierstrauchrose","status":"publish","type":"product","link":"https:\/\/rosariumlottum.com\/de\/produkt\/comte-de-chambord-historische-zierstrauchrose\/","title":{"rendered":"Comte de Chambord, Historische Zierstrauchrose"},"content":{"rendered":"<p>Gro\u00dfen, doppelt gef\u00fcllten, warmrosa Blumen in Dolden, sehr starken, herrlich s\u00fc\u00dfen Duft.                                                                                                                                                                                                                                                                                                                                                                                                                 Die Bl\u00fcten sind anfangs schalenf\u00f6rmig, in voller Bl\u00fcte flach und geviertelt. Der Wuchs ist buschig und kompakt mit graugr\u00fcner, gez\u00e4hnter Belaubung.                                                                                                                                                                                                                                                     Sehr sch\u00f6ne, reich- und fast dauherbl\u00fchende Zierstrauchrose.<\/p>\n","protected":false},"excerpt":{"rendered":"<p>Historische Zierstrauchrose<\/p>\n","protected":false},"featured_media":1939,"comment_status":"open","ping_status":"closed","template":"","meta":{"_acf_changed":false},"product_brand":[],"product_cat":[654],"product_tag":[919,967,726],"class_list":{"0":"post-17262","1":"product","2":"type-product","3":"status-publish","4":"has-post-thumbnail","6":"product_cat-historische-zierstrauchrosen","7":"product_tag-historische-roos-de","8":"product_tag-rosa-comte-de-chambord-de","9":"product_tag-rosarium-lottum-de","11":"first","12":"instock","13":"taxable","14":"shipping-taxable","15":"product-type-grouped"},"acf":[],"yoast_head":"<!-- This site is optimized with the Yoast SEO plugin v27.4 - https:\/\/yoast.com\/product\/yoast-seo-wordpress\/ -->\n<title>Comte de Chambord, Historische Zierstrauchrose | Rosarium Lottum<\/title>\n<meta name=\"robots\" content=\"index, follow, max-snippet:-1, max-image-preview:large, max-video-preview:-1\" \/>\n<link rel=\"canonical\" href=\"https:\/\/rosariumlottum.com\/de\/produkt\/comte-de-chambord-historische-zierstrauchrose\/\" \/>\n<meta property=\"og:locale\" content=\"de_DE\" \/>\n<meta property=\"og:type\" content=\"article\" \/>\n<meta property=\"og:title\" content=\"Comte de Chambord, Historische Zierstrauchrose | Rosarium Lottum\" \/>\n<meta property=\"og:description\" content=\"Historische Zierstrauchrose\" \/>\n<meta property=\"og:url\" content=\"https:\/\/rosariumlottum.com\/de\/produkt\/comte-de-chambord-historische-zierstrauchrose\/\" \/>\n<meta property=\"og:site_name\" content=\"Rosarium Lottum\" \/>\n<meta property=\"article:modified_time\" content=\"2022-01-31T10:04:58+00:00\" \/>\n<meta property=\"og:image\" content=\"https:\/\/rosariumlottum.com\/wp-content\/uploads\/2021\/10\/092comtedechambord.jpg\" \/>\n\t<meta property=\"og:image:width\" content=\"768\" \/>\n\t<meta property=\"og:image:height\" content=\"768\" \/>\n\t<meta property=\"og:image:type\" content=\"image\/jpeg\" \/>\n<meta name=\"twitter:card\" content=\"summary_large_image\" \/>\n<script type=\"application\/ld+json\" class=\"yoast-schema-graph\">{\"@context\":\"https:\\\/\\\/schema.org\",\"@graph\":[{\"@type\":[\"WebPage\",\"ItemPage\"],\"@id\":\"https:\\\/\\\/rosariumlottum.com\\\/de\\\/produkt\\\/comte-de-chambord-historische-zierstrauchrose\\\/\",\"url\":\"https:\\\/\\\/rosariumlottum.com\\\/de\\\/produkt\\\/comte-de-chambord-historische-zierstrauchrose\\\/\",\"name\":\"Comte de Chambord, Historische Zierstrauchrose | Rosarium Lottum\",\"isPartOf\":{\"@id\":\"https:\\\/\\\/rosariumlottum.com\\\/de\\\/#website\"},\"primaryImageOfPage\":{\"@id\":\"https:\\\/\\\/rosariumlottum.com\\\/de\\\/produkt\\\/comte-de-chambord-historische-zierstrauchrose\\\/#primaryimage\"},\"image\":{\"@id\":\"https:\\\/\\\/rosariumlottum.com\\\/de\\\/produkt\\\/comte-de-chambord-historische-zierstrauchrose\\\/#primaryimage\"},\"thumbnailUrl\":\"https:\\\/\\\/rosariumlottum.com\\\/wp-content\\\/uploads\\\/2021\\\/10\\\/092comtedechambord.jpg\",\"datePublished\":\"2022-01-27T08:12:31+00:00\",\"dateModified\":\"2022-01-31T10:04:58+00:00\",\"breadcrumb\":{\"@id\":\"https:\\\/\\\/rosariumlottum.com\\\/de\\\/produkt\\\/comte-de-chambord-historische-zierstrauchrose\\\/#breadcrumb\"},\"inLanguage\":\"de\",\"potentialAction\":[{\"@type\":\"ReadAction\",\"target\":[\"https:\\\/\\\/rosariumlottum.com\\\/de\\\/produkt\\\/comte-de-chambord-historische-zierstrauchrose\\\/\"]}]},{\"@type\":\"ImageObject\",\"inLanguage\":\"de\",\"@id\":\"https:\\\/\\\/rosariumlottum.com\\\/de\\\/produkt\\\/comte-de-chambord-historische-zierstrauchrose\\\/#primaryimage\",\"url\":\"https:\\\/\\\/rosariumlottum.com\\\/wp-content\\\/uploads\\\/2021\\\/10\\\/092comtedechambord.jpg\",\"contentUrl\":\"https:\\\/\\\/rosariumlottum.com\\\/wp-content\\\/uploads\\\/2021\\\/10\\\/092comtedechambord.jpg\",\"width\":768,\"height\":768},{\"@type\":\"BreadcrumbList\",\"@id\":\"https:\\\/\\\/rosariumlottum.com\\\/de\\\/produkt\\\/comte-de-chambord-historische-zierstrauchrose\\\/#breadcrumb\",\"itemListElement\":[{\"@type\":\"ListItem\",\"position\":1,\"name\":\"Home\",\"item\":\"https:\\\/\\\/rosariumlottum.com\\\/de\\\/\"},{\"@type\":\"ListItem\",\"position\":2,\"name\":\"Webshop\",\"item\":\"https:\\\/\\\/rosariumlottum.com\\\/de\\\/webshop\\\/\"},{\"@type\":\"ListItem\",\"position\":3,\"name\":\"Comte de Chambord, Historische Zierstrauchrose\"}]},{\"@type\":\"WebSite\",\"@id\":\"https:\\\/\\\/rosariumlottum.com\\\/de\\\/#website\",\"url\":\"https:\\\/\\\/rosariumlottum.com\\\/de\\\/\",\"name\":\"Rosarium Lottum\",\"description\":\"Rosarium Luxury Roses\",\"publisher\":{\"@id\":\"https:\\\/\\\/rosariumlottum.com\\\/de\\\/#organization\"},\"potentialAction\":[{\"@type\":\"SearchAction\",\"target\":{\"@type\":\"EntryPoint\",\"urlTemplate\":\"https:\\\/\\\/rosariumlottum.com\\\/de\\\/?s={search_term_string}\"},\"query-input\":{\"@type\":\"PropertyValueSpecification\",\"valueRequired\":true,\"valueName\":\"search_term_string\"}}],\"inLanguage\":\"de\"},{\"@type\":\"Organization\",\"@id\":\"https:\\\/\\\/rosariumlottum.com\\\/de\\\/#organization\",\"name\":\"Rosarium Lottum\",\"url\":\"https:\\\/\\\/rosariumlottum.com\\\/de\\\/\",\"logo\":{\"@type\":\"ImageObject\",\"inLanguage\":\"de\",\"@id\":\"https:\\\/\\\/rosariumlottum.com\\\/de\\\/#\\\/schema\\\/logo\\\/image\\\/\",\"url\":\"https:\\\/\\\/rosariumlottum.com\\\/wp-content\\\/uploads\\\/2021\\\/09\\\/rosairum.png\",\"contentUrl\":\"https:\\\/\\\/rosariumlottum.com\\\/wp-content\\\/uploads\\\/2021\\\/09\\\/rosairum.png\",\"width\":378,\"height\":115,\"caption\":\"Rosarium Lottum\"},\"image\":{\"@id\":\"https:\\\/\\\/rosariumlottum.com\\\/de\\\/#\\\/schema\\\/logo\\\/image\\\/\"}}]}<\/script>\n<!-- \/ Yoast SEO plugin. -->","yoast_head_json":{"title":"Comte de Chambord, Historische Zierstrauchrose | Rosarium Lottum","robots":{"index":"index","follow":"follow","max-snippet":"max-snippet:-1","max-image-preview":"max-image-preview:large","max-video-preview":"max-video-preview:-1"},"canonical":"https:\/\/rosariumlottum.com\/de\/produkt\/comte-de-chambord-historische-zierstrauchrose\/","og_locale":"de_DE","og_type":"article","og_title":"Comte de Chambord, Historische Zierstrauchrose | Rosarium Lottum","og_description":"Historische Zierstrauchrose","og_url":"https:\/\/rosariumlottum.com\/de\/produkt\/comte-de-chambord-historische-zierstrauchrose\/","og_site_name":"Rosarium Lottum","article_modified_time":"2022-01-31T10:04:58+00:00","og_image":[{"width":768,"height":768,"url":"https:\/\/rosariumlottum.com\/wp-content\/uploads\/2021\/10\/092comtedechambord.jpg","type":"image\/jpeg"}],"twitter_card":"summary_large_image","schema":{"@context":"https:\/\/schema.org","@graph":[{"@type":["WebPage","ItemPage"],"@id":"https:\/\/rosariumlottum.com\/de\/produkt\/comte-de-chambord-historische-zierstrauchrose\/","url":"https:\/\/rosariumlottum.com\/de\/produkt\/comte-de-chambord-historische-zierstrauchrose\/","name":"Comte de Chambord, Historische Zierstrauchrose | Rosarium Lottum","isPartOf":{"@id":"https:\/\/rosariumlottum.com\/de\/#website"},"primaryImageOfPage":{"@id":"https:\/\/rosariumlottum.com\/de\/produkt\/comte-de-chambord-historische-zierstrauchrose\/#primaryimage"},"image":{"@id":"https:\/\/rosariumlottum.com\/de\/produkt\/comte-de-chambord-historische-zierstrauchrose\/#primaryimage"},"thumbnailUrl":"https:\/\/rosariumlottum.com\/wp-content\/uploads\/2021\/10\/092comtedechambord.jpg","datePublished":"2022-01-27T08:12:31+00:00","dateModified":"2022-01-31T10:04:58+00:00","breadcrumb":{"@id":"https:\/\/rosariumlottum.com\/de\/produkt\/comte-de-chambord-historische-zierstrauchrose\/#breadcrumb"},"inLanguage":"de","potentialAction":[{"@type":"ReadAction","target":["https:\/\/rosariumlottum.com\/de\/produkt\/comte-de-chambord-historische-zierstrauchrose\/"]}]},{"@type":"ImageObject","inLanguage":"de","@id":"https:\/\/rosariumlottum.com\/de\/produkt\/comte-de-chambord-historische-zierstrauchrose\/#primaryimage","url":"https:\/\/rosariumlottum.com\/wp-content\/uploads\/2021\/10\/092comtedechambord.jpg","contentUrl":"https:\/\/rosariumlottum.com\/wp-content\/uploads\/2021\/10\/092comtedechambord.jpg","width":768,"height":768},{"@type":"BreadcrumbList","@id":"https:\/\/rosariumlottum.com\/de\/produkt\/comte-de-chambord-historische-zierstrauchrose\/#breadcrumb","itemListElement":[{"@type":"ListItem","position":1,"name":"Home","item":"https:\/\/rosariumlottum.com\/de\/"},{"@type":"ListItem","position":2,"name":"Webshop","item":"https:\/\/rosariumlottum.com\/de\/webshop\/"},{"@type":"ListItem","position":3,"name":"Comte de Chambord, Historische Zierstrauchrose"}]},{"@type":"WebSite","@id":"https:\/\/rosariumlottum.com\/de\/#website","url":"https:\/\/rosariumlottum.com\/de\/","name":"Rosarium Lottum","description":"Rosarium Luxury Roses","publisher":{"@id":"https:\/\/rosariumlottum.com\/de\/#organization"},"potentialAction":[{"@type":"SearchAction","target":{"@type":"EntryPoint","urlTemplate":"https:\/\/rosariumlottum.com\/de\/?s={search_term_string}"},"query-input":{"@type":"PropertyValueSpecification","valueRequired":true,"valueName":"search_term_string"}}],"inLanguage":"de"},{"@type":"Organization","@id":"https:\/\/rosariumlottum.com\/de\/#organization","name":"Rosarium Lottum","url":"https:\/\/rosariumlottum.com\/de\/","logo":{"@type":"ImageObject","inLanguage":"de","@id":"https:\/\/rosariumlottum.com\/de\/#\/schema\/logo\/image\/","url":"https:\/\/rosariumlottum.com\/wp-content\/uploads\/2021\/09\/rosairum.png","contentUrl":"https:\/\/rosariumlottum.com\/wp-content\/uploads\/2021\/09\/rosairum.png","width":378,"height":115,"caption":"Rosarium Lottum"},"image":{"@id":"https:\/\/rosariumlottum.com\/de\/#\/schema\/logo\/image\/"}}]}},"_links":{"self":[{"href":"https:\/\/rosariumlottum.com\/de\/wp-json\/wp\/v2\/product\/17262","targetHints":{"allow":["GET"]}}],"collection":[{"href":"https:\/\/rosariumlottum.com\/de\/wp-json\/wp\/v2\/product"}],"about":[{"href":"https:\/\/rosariumlottum.com\/de\/wp-json\/wp\/v2\/types\/product"}],"replies":[{"embeddable":true,"href":"https:\/\/rosariumlottum.com\/de\/wp-json\/wp\/v2\/comments?post=17262"}],"wp:featuredmedia":[{"embeddable":true,"href":"https:\/\/rosariumlottum.com\/de\/wp-json\/wp\/v2\/media\/1939"}],"wp:attachment":[{"href":"https:\/\/rosariumlottum.com\/de\/wp-json\/wp\/v2\/media?parent=17262"}],"wp:term":[{"taxonomy":"product_brand","embeddable":true,"href":"https:\/\/rosariumlottum.com\/de\/wp-json\/wp\/v2\/product_brand?post=17262"},{"taxonomy":"product_cat","embeddable":true,"href":"https:\/\/rosariumlottum.com\/de\/wp-json\/wp\/v2\/product_cat?post=17262"},{"taxonomy":"product_tag","embeddable":true,"href":"https:\/\/rosariumlottum.com\/de\/wp-json\/wp\/v2\/product_tag?post=17262"}],"curies":[{"name":"wp","href":"https:\/\/api.w.org\/{rel}","templated":true}]}}