{"id":16999,"date":"2021-12-06T11:16:14","date_gmt":"2022-01-27T08:38:45","guid":{"rendered":"http:\/\/rosarium.eijdemsinternet.nl\/product\/ingrid-bergmankale-wortel\/"},"modified":"2022-02-20T15:19:10","modified_gmt":"2022-02-20T14:19:10","slug":"ingrid-bergman-stammrose-90-100-cm-2","status":"publish","type":"product","link":"https:\/\/rosariumlottum.com\/de\/produkt\/ingrid-bergman-stammrose-90-100-cm-2\/","title":{"rendered":"Ingrid Bergman, Stammrose 90-100 cm"},"content":{"rendered":"<p>Eine samtig dunkelrote, zartduftende Edelrose mit wohlgeformten, gro\u00dfen, gef\u00fcllten, haltbaren Bl\u00fcten.<br \/>\nDie Pflanze bl\u00fcht sehr reich und w\u00e4chst kompakt bei guter Verzweigung, lederartiges, dunkelgr\u00fcn gl\u00e4nzendes, gesundes Laub Ingrid Bergman ist eine der sch\u00f6nsten roten Edelrosen. Die blattgesunde Rose mit kr\u00e4ftigem Wuchs ist eine Zierde in Ihrem Garten !<\/p>\n","protected":false},"excerpt":{"rendered":"<p>Wurzelnackte Rose<\/p>\n","protected":false},"featured_media":23348,"comment_status":"open","ping_status":"closed","template":"","meta":{"_acf_changed":false},"product_brand":[],"product_cat":[658],"product_tag":[],"class_list":{"0":"post-16999","1":"product","2":"type-product","3":"status-publish","4":"has-post-thumbnail","6":"product_cat-stammrosen","8":"first","9":"instock","10":"taxable","11":"shipping-taxable","12":"purchasable","13":"product-type-simple"},"acf":[],"yoast_head":"<!-- This site is optimized with the Yoast SEO plugin v27.0 - https:\/\/yoast.com\/product\/yoast-seo-wordpress\/ -->\n<title>Ingrid Bergman, Stammrose 90-100 cm | Rosarium Lottum<\/title>\n<meta name=\"robots\" content=\"index, follow, max-snippet:-1, max-image-preview:large, max-video-preview:-1\" \/>\n<link rel=\"canonical\" href=\"https:\/\/rosariumlottum.com\/de\/produkt\/ingrid-bergman-stammrose-90-100-cm-2\/\" \/>\n<meta property=\"og:locale\" content=\"de_DE\" \/>\n<meta property=\"og:type\" content=\"article\" \/>\n<meta property=\"og:title\" content=\"Ingrid Bergman, Stammrose 90-100 cm | Rosarium Lottum\" \/>\n<meta property=\"og:description\" content=\"Wurzelnackte Rose\" \/>\n<meta property=\"og:url\" content=\"https:\/\/rosariumlottum.com\/de\/produkt\/ingrid-bergman-stammrose-90-100-cm-2\/\" \/>\n<meta property=\"og:site_name\" content=\"Rosarium Lottum\" \/>\n<meta property=\"article:modified_time\" content=\"2022-02-20T14:19:10+00:00\" \/>\n<meta property=\"og:image\" content=\"https:\/\/rosariumlottum.com\/wp-content\/uploads\/2021\/12\/kale-wortel-stamroos.jpg\" \/>\n\t<meta property=\"og:image:width\" content=\"24\" \/>\n\t<meta property=\"og:image:height\" content=\"80\" \/>\n\t<meta property=\"og:image:type\" content=\"image\/jpeg\" \/>\n<meta name=\"twitter:card\" content=\"summary_large_image\" \/>\n<script type=\"application\/ld+json\" class=\"yoast-schema-graph\">{\"@context\":\"https:\/\/schema.org\",\"@graph\":[{\"@type\":[\"WebPage\",\"ItemPage\"],\"@id\":\"https:\/\/rosariumlottum.com\/de\/produkt\/ingrid-bergman-stammrose-90-100-cm-2\/\",\"url\":\"https:\/\/rosariumlottum.com\/de\/produkt\/ingrid-bergman-stammrose-90-100-cm-2\/\",\"name\":\"Ingrid Bergman, Stammrose 90-100 cm | Rosarium Lottum\",\"isPartOf\":{\"@id\":\"https:\/\/rosariumlottum.com\/de\/#website\"},\"primaryImageOfPage\":{\"@id\":\"https:\/\/rosariumlottum.com\/de\/produkt\/ingrid-bergman-stammrose-90-100-cm-2\/#primaryimage\"},\"image\":{\"@id\":\"https:\/\/rosariumlottum.com\/de\/produkt\/ingrid-bergman-stammrose-90-100-cm-2\/#primaryimage\"},\"thumbnailUrl\":\"https:\/\/rosariumlottum.com\/wp-content\/uploads\/2021\/12\/kale-wortel-stamroos.jpg\",\"datePublished\":\"2022-01-27T08:38:45+00:00\",\"dateModified\":\"2022-02-20T14:19:10+00:00\",\"breadcrumb\":{\"@id\":\"https:\/\/rosariumlottum.com\/de\/produkt\/ingrid-bergman-stammrose-90-100-cm-2\/#breadcrumb\"},\"inLanguage\":\"de\",\"potentialAction\":[{\"@type\":\"ReadAction\",\"target\":[\"https:\/\/rosariumlottum.com\/de\/produkt\/ingrid-bergman-stammrose-90-100-cm-2\/\"]}]},{\"@type\":\"ImageObject\",\"inLanguage\":\"de\",\"@id\":\"https:\/\/rosariumlottum.com\/de\/produkt\/ingrid-bergman-stammrose-90-100-cm-2\/#primaryimage\",\"url\":\"https:\/\/rosariumlottum.com\/wp-content\/uploads\/2021\/12\/kale-wortel-stamroos.jpg\",\"contentUrl\":\"https:\/\/rosariumlottum.com\/wp-content\/uploads\/2021\/12\/kale-wortel-stamroos.jpg\",\"width\":24,\"height\":80,\"caption\":\"Kale wortel stamroos\"},{\"@type\":\"BreadcrumbList\",\"@id\":\"https:\/\/rosariumlottum.com\/de\/produkt\/ingrid-bergman-stammrose-90-100-cm-2\/#breadcrumb\",\"itemListElement\":[{\"@type\":\"ListItem\",\"position\":1,\"name\":\"Home\",\"item\":\"https:\/\/rosariumlottum.com\/de\/\"},{\"@type\":\"ListItem\",\"position\":2,\"name\":\"Webshop\",\"item\":\"https:\/\/rosariumlottum.com\/de\/webshop\/\"},{\"@type\":\"ListItem\",\"position\":3,\"name\":\"Ingrid Bergman, Stammrose 90-100 cm\"}]},{\"@type\":\"WebSite\",\"@id\":\"https:\/\/rosariumlottum.com\/de\/#website\",\"url\":\"https:\/\/rosariumlottum.com\/de\/\",\"name\":\"Rosarium Lottum\",\"description\":\"Rosarium Luxury Roses\",\"publisher\":{\"@id\":\"https:\/\/rosariumlottum.com\/de\/#organization\"},\"potentialAction\":[{\"@type\":\"SearchAction\",\"target\":{\"@type\":\"EntryPoint\",\"urlTemplate\":\"https:\/\/rosariumlottum.com\/de\/?s={search_term_string}\"},\"query-input\":{\"@type\":\"PropertyValueSpecification\",\"valueRequired\":true,\"valueName\":\"search_term_string\"}}],\"inLanguage\":\"de\"},{\"@type\":\"Organization\",\"@id\":\"https:\/\/rosariumlottum.com\/de\/#organization\",\"name\":\"Rosarium Lottum\",\"url\":\"https:\/\/rosariumlottum.com\/de\/\",\"logo\":{\"@type\":\"ImageObject\",\"inLanguage\":\"de\",\"@id\":\"https:\/\/rosariumlottum.com\/de\/#\/schema\/logo\/image\/\",\"url\":\"https:\/\/rosariumlottum.com\/wp-content\/uploads\/2021\/09\/rosairum.png\",\"contentUrl\":\"https:\/\/rosariumlottum.com\/wp-content\/uploads\/2021\/09\/rosairum.png\",\"width\":378,\"height\":115,\"caption\":\"Rosarium Lottum\"},\"image\":{\"@id\":\"https:\/\/rosariumlottum.com\/de\/#\/schema\/logo\/image\/\"}}]}<\/script>\n<!-- \/ Yoast SEO plugin. -->","yoast_head_json":{"title":"Ingrid Bergman, Stammrose 90-100 cm | Rosarium Lottum","robots":{"index":"index","follow":"follow","max-snippet":"max-snippet:-1","max-image-preview":"max-image-preview:large","max-video-preview":"max-video-preview:-1"},"canonical":"https:\/\/rosariumlottum.com\/de\/produkt\/ingrid-bergman-stammrose-90-100-cm-2\/","og_locale":"de_DE","og_type":"article","og_title":"Ingrid Bergman, Stammrose 90-100 cm | Rosarium Lottum","og_description":"Wurzelnackte Rose","og_url":"https:\/\/rosariumlottum.com\/de\/produkt\/ingrid-bergman-stammrose-90-100-cm-2\/","og_site_name":"Rosarium Lottum","article_modified_time":"2022-02-20T14:19:10+00:00","og_image":[{"width":24,"height":80,"url":"https:\/\/rosariumlottum.com\/wp-content\/uploads\/2021\/12\/kale-wortel-stamroos.jpg","type":"image\/jpeg"}],"twitter_card":"summary_large_image","schema":{"@context":"https:\/\/schema.org","@graph":[{"@type":["WebPage","ItemPage"],"@id":"https:\/\/rosariumlottum.com\/de\/produkt\/ingrid-bergman-stammrose-90-100-cm-2\/","url":"https:\/\/rosariumlottum.com\/de\/produkt\/ingrid-bergman-stammrose-90-100-cm-2\/","name":"Ingrid Bergman, Stammrose 90-100 cm | Rosarium Lottum","isPartOf":{"@id":"https:\/\/rosariumlottum.com\/de\/#website"},"primaryImageOfPage":{"@id":"https:\/\/rosariumlottum.com\/de\/produkt\/ingrid-bergman-stammrose-90-100-cm-2\/#primaryimage"},"image":{"@id":"https:\/\/rosariumlottum.com\/de\/produkt\/ingrid-bergman-stammrose-90-100-cm-2\/#primaryimage"},"thumbnailUrl":"https:\/\/rosariumlottum.com\/wp-content\/uploads\/2021\/12\/kale-wortel-stamroos.jpg","datePublished":"2022-01-27T08:38:45+00:00","dateModified":"2022-02-20T14:19:10+00:00","breadcrumb":{"@id":"https:\/\/rosariumlottum.com\/de\/produkt\/ingrid-bergman-stammrose-90-100-cm-2\/#breadcrumb"},"inLanguage":"de","potentialAction":[{"@type":"ReadAction","target":["https:\/\/rosariumlottum.com\/de\/produkt\/ingrid-bergman-stammrose-90-100-cm-2\/"]}]},{"@type":"ImageObject","inLanguage":"de","@id":"https:\/\/rosariumlottum.com\/de\/produkt\/ingrid-bergman-stammrose-90-100-cm-2\/#primaryimage","url":"https:\/\/rosariumlottum.com\/wp-content\/uploads\/2021\/12\/kale-wortel-stamroos.jpg","contentUrl":"https:\/\/rosariumlottum.com\/wp-content\/uploads\/2021\/12\/kale-wortel-stamroos.jpg","width":24,"height":80,"caption":"Kale wortel stamroos"},{"@type":"BreadcrumbList","@id":"https:\/\/rosariumlottum.com\/de\/produkt\/ingrid-bergman-stammrose-90-100-cm-2\/#breadcrumb","itemListElement":[{"@type":"ListItem","position":1,"name":"Home","item":"https:\/\/rosariumlottum.com\/de\/"},{"@type":"ListItem","position":2,"name":"Webshop","item":"https:\/\/rosariumlottum.com\/de\/webshop\/"},{"@type":"ListItem","position":3,"name":"Ingrid Bergman, Stammrose 90-100 cm"}]},{"@type":"WebSite","@id":"https:\/\/rosariumlottum.com\/de\/#website","url":"https:\/\/rosariumlottum.com\/de\/","name":"Rosarium Lottum","description":"Rosarium Luxury Roses","publisher":{"@id":"https:\/\/rosariumlottum.com\/de\/#organization"},"potentialAction":[{"@type":"SearchAction","target":{"@type":"EntryPoint","urlTemplate":"https:\/\/rosariumlottum.com\/de\/?s={search_term_string}"},"query-input":{"@type":"PropertyValueSpecification","valueRequired":true,"valueName":"search_term_string"}}],"inLanguage":"de"},{"@type":"Organization","@id":"https:\/\/rosariumlottum.com\/de\/#organization","name":"Rosarium Lottum","url":"https:\/\/rosariumlottum.com\/de\/","logo":{"@type":"ImageObject","inLanguage":"de","@id":"https:\/\/rosariumlottum.com\/de\/#\/schema\/logo\/image\/","url":"https:\/\/rosariumlottum.com\/wp-content\/uploads\/2021\/09\/rosairum.png","contentUrl":"https:\/\/rosariumlottum.com\/wp-content\/uploads\/2021\/09\/rosairum.png","width":378,"height":115,"caption":"Rosarium Lottum"},"image":{"@id":"https:\/\/rosariumlottum.com\/de\/#\/schema\/logo\/image\/"}}]}},"_links":{"self":[{"href":"https:\/\/rosariumlottum.com\/de\/wp-json\/wp\/v2\/product\/16999","targetHints":{"allow":["GET"]}}],"collection":[{"href":"https:\/\/rosariumlottum.com\/de\/wp-json\/wp\/v2\/product"}],"about":[{"href":"https:\/\/rosariumlottum.com\/de\/wp-json\/wp\/v2\/types\/product"}],"replies":[{"embeddable":true,"href":"https:\/\/rosariumlottum.com\/de\/wp-json\/wp\/v2\/comments?post=16999"}],"wp:featuredmedia":[{"embeddable":true,"href":"https:\/\/rosariumlottum.com\/de\/wp-json\/wp\/v2\/media\/23348"}],"wp:attachment":[{"href":"https:\/\/rosariumlottum.com\/de\/wp-json\/wp\/v2\/media?parent=16999"}],"wp:term":[{"taxonomy":"product_brand","embeddable":true,"href":"https:\/\/rosariumlottum.com\/de\/wp-json\/wp\/v2\/product_brand?post=16999"},{"taxonomy":"product_cat","embeddable":true,"href":"https:\/\/rosariumlottum.com\/de\/wp-json\/wp\/v2\/product_cat?post=16999"},{"taxonomy":"product_tag","embeddable":true,"href":"https:\/\/rosariumlottum.com\/de\/wp-json\/wp\/v2\/product_tag?post=16999"}],"curies":[{"name":"wp","href":"https:\/\/api.w.org\/{rel}","templated":true}]}}