{"id":16312,"date":"2021-12-06T11:20:00","date_gmt":"2022-01-27T08:18:41","guid":{"rendered":"http:\/\/rosarium.eijdemsinternet.nl\/product\/friesiastamroos-90-100-cm\/"},"modified":"2022-01-31T10:08:05","modified_gmt":"2022-01-31T10:08:05","slug":"friesia-stammrose-90-100-cm","status":"publish","type":"product","link":"https:\/\/rosariumlottum.com\/de\/produkt\/friesia-stammrose-90-100-cm\/","title":{"rendered":"Friesia, Stammrose 90-100 cm"},"content":{"rendered":"<p>Mittelgro\u00dfe gef\u00fcllte Bl\u00fcten in Dolden in einer sch\u00f6nen zitronengelben Farbe  und die Bl\u00fcten duften stark nach Zitrus<br \/>\nDunkelgr\u00fcn gl\u00e4nzende Bl\u00e4tter, aufrecht buschige Wuchsform.<br \/>\nFr\u00fch und sehr gut bl\u00fchende Floribundarose, die auch wunderbar duftet!<\/p>\n","protected":false},"excerpt":{"rendered":"<p>Mittelgro\u00dfe gef\u00fcllte Bl\u00fcten in Dolden in einer sch\u00f6nen zitronengelben Farbe und die Bl\u00fcten duften stark nach Zitrus Dunkelgr\u00fcn gl\u00e4nzende Bl\u00e4tter, [&hellip;]<\/p>\n","protected":false},"featured_media":4093,"comment_status":"open","ping_status":"closed","template":"","meta":{"_acf_changed":false},"product_brand":[],"product_cat":[658],"product_tag":[807,726,794],"class_list":{"0":"post-16312","1":"product","2":"type-product","3":"status-publish","4":"has-post-thumbnail","6":"product_cat-stammrosen","7":"product_tag-friesia-de","8":"product_tag-rosarium-lottum-de","9":"product_tag-stamrozen-de","11":"first","12":"instock","13":"taxable","14":"shipping-taxable","15":"product-type-grouped"},"acf":[],"yoast_head":"<!-- This site is optimized with the Yoast SEO plugin v27.4 - https:\/\/yoast.com\/product\/yoast-seo-wordpress\/ -->\n<title>Friesia, Stammrose 90-100 cm | Rosarium Lottum<\/title>\n<meta name=\"robots\" content=\"index, follow, max-snippet:-1, max-image-preview:large, max-video-preview:-1\" \/>\n<link rel=\"canonical\" href=\"https:\/\/rosariumlottum.com\/de\/produkt\/friesia-stammrose-90-100-cm\/\" \/>\n<meta property=\"og:locale\" content=\"de_DE\" \/>\n<meta property=\"og:type\" content=\"article\" \/>\n<meta property=\"og:title\" content=\"Friesia, Stammrose 90-100 cm | Rosarium Lottum\" \/>\n<meta property=\"og:description\" content=\"Mittelgro\u00dfe gef\u00fcllte Bl\u00fcten in Dolden in einer sch\u00f6nen zitronengelben Farbe und die Bl\u00fcten duften stark nach Zitrus Dunkelgr\u00fcn gl\u00e4nzende Bl\u00e4tter, [&hellip;]\" \/>\n<meta property=\"og:url\" content=\"https:\/\/rosariumlottum.com\/de\/produkt\/friesia-stammrose-90-100-cm\/\" \/>\n<meta property=\"og:site_name\" content=\"Rosarium Lottum\" \/>\n<meta property=\"article:modified_time\" content=\"2022-01-31T10:08:05+00:00\" \/>\n<meta property=\"og:image\" content=\"https:\/\/rosariumlottum.com\/wp-content\/uploads\/2021\/10\/friesia_-stamroos-80-100-cm_627_1.jpg\" \/>\n\t<meta property=\"og:image:width\" content=\"576\" \/>\n\t<meta property=\"og:image:height\" content=\"768\" \/>\n\t<meta property=\"og:image:type\" content=\"image\/jpeg\" \/>\n<meta name=\"twitter:card\" content=\"summary_large_image\" \/>\n<script type=\"application\/ld+json\" class=\"yoast-schema-graph\">{\"@context\":\"https:\\\/\\\/schema.org\",\"@graph\":[{\"@type\":[\"WebPage\",\"ItemPage\"],\"@id\":\"https:\\\/\\\/rosariumlottum.com\\\/de\\\/produkt\\\/friesia-stammrose-90-100-cm\\\/\",\"url\":\"https:\\\/\\\/rosariumlottum.com\\\/de\\\/produkt\\\/friesia-stammrose-90-100-cm\\\/\",\"name\":\"Friesia, Stammrose 90-100 cm | Rosarium Lottum\",\"isPartOf\":{\"@id\":\"https:\\\/\\\/rosariumlottum.com\\\/de\\\/#website\"},\"primaryImageOfPage\":{\"@id\":\"https:\\\/\\\/rosariumlottum.com\\\/de\\\/produkt\\\/friesia-stammrose-90-100-cm\\\/#primaryimage\"},\"image\":{\"@id\":\"https:\\\/\\\/rosariumlottum.com\\\/de\\\/produkt\\\/friesia-stammrose-90-100-cm\\\/#primaryimage\"},\"thumbnailUrl\":\"https:\\\/\\\/rosariumlottum.com\\\/wp-content\\\/uploads\\\/2021\\\/10\\\/friesia_-stamroos-80-100-cm_627_1.jpg\",\"datePublished\":\"2022-01-27T08:18:41+00:00\",\"dateModified\":\"2022-01-31T10:08:05+00:00\",\"breadcrumb\":{\"@id\":\"https:\\\/\\\/rosariumlottum.com\\\/de\\\/produkt\\\/friesia-stammrose-90-100-cm\\\/#breadcrumb\"},\"inLanguage\":\"de\",\"potentialAction\":[{\"@type\":\"ReadAction\",\"target\":[\"https:\\\/\\\/rosariumlottum.com\\\/de\\\/produkt\\\/friesia-stammrose-90-100-cm\\\/\"]}]},{\"@type\":\"ImageObject\",\"inLanguage\":\"de\",\"@id\":\"https:\\\/\\\/rosariumlottum.com\\\/de\\\/produkt\\\/friesia-stammrose-90-100-cm\\\/#primaryimage\",\"url\":\"https:\\\/\\\/rosariumlottum.com\\\/wp-content\\\/uploads\\\/2021\\\/10\\\/friesia_-stamroos-80-100-cm_627_1.jpg\",\"contentUrl\":\"https:\\\/\\\/rosariumlottum.com\\\/wp-content\\\/uploads\\\/2021\\\/10\\\/friesia_-stamroos-80-100-cm_627_1.jpg\",\"width\":576,\"height\":768},{\"@type\":\"BreadcrumbList\",\"@id\":\"https:\\\/\\\/rosariumlottum.com\\\/de\\\/produkt\\\/friesia-stammrose-90-100-cm\\\/#breadcrumb\",\"itemListElement\":[{\"@type\":\"ListItem\",\"position\":1,\"name\":\"Home\",\"item\":\"https:\\\/\\\/rosariumlottum.com\\\/de\\\/\"},{\"@type\":\"ListItem\",\"position\":2,\"name\":\"Webshop\",\"item\":\"https:\\\/\\\/rosariumlottum.com\\\/de\\\/webshop\\\/\"},{\"@type\":\"ListItem\",\"position\":3,\"name\":\"Friesia, Stammrose 90-100 cm\"}]},{\"@type\":\"WebSite\",\"@id\":\"https:\\\/\\\/rosariumlottum.com\\\/de\\\/#website\",\"url\":\"https:\\\/\\\/rosariumlottum.com\\\/de\\\/\",\"name\":\"Rosarium Lottum\",\"description\":\"Rosarium Luxury Roses\",\"publisher\":{\"@id\":\"https:\\\/\\\/rosariumlottum.com\\\/de\\\/#organization\"},\"potentialAction\":[{\"@type\":\"SearchAction\",\"target\":{\"@type\":\"EntryPoint\",\"urlTemplate\":\"https:\\\/\\\/rosariumlottum.com\\\/de\\\/?s={search_term_string}\"},\"query-input\":{\"@type\":\"PropertyValueSpecification\",\"valueRequired\":true,\"valueName\":\"search_term_string\"}}],\"inLanguage\":\"de\"},{\"@type\":\"Organization\",\"@id\":\"https:\\\/\\\/rosariumlottum.com\\\/de\\\/#organization\",\"name\":\"Rosarium Lottum\",\"url\":\"https:\\\/\\\/rosariumlottum.com\\\/de\\\/\",\"logo\":{\"@type\":\"ImageObject\",\"inLanguage\":\"de\",\"@id\":\"https:\\\/\\\/rosariumlottum.com\\\/de\\\/#\\\/schema\\\/logo\\\/image\\\/\",\"url\":\"https:\\\/\\\/rosariumlottum.com\\\/wp-content\\\/uploads\\\/2021\\\/09\\\/rosairum.png\",\"contentUrl\":\"https:\\\/\\\/rosariumlottum.com\\\/wp-content\\\/uploads\\\/2021\\\/09\\\/rosairum.png\",\"width\":378,\"height\":115,\"caption\":\"Rosarium Lottum\"},\"image\":{\"@id\":\"https:\\\/\\\/rosariumlottum.com\\\/de\\\/#\\\/schema\\\/logo\\\/image\\\/\"}}]}<\/script>\n<!-- \/ Yoast SEO plugin. -->","yoast_head_json":{"title":"Friesia, Stammrose 90-100 cm | Rosarium Lottum","robots":{"index":"index","follow":"follow","max-snippet":"max-snippet:-1","max-image-preview":"max-image-preview:large","max-video-preview":"max-video-preview:-1"},"canonical":"https:\/\/rosariumlottum.com\/de\/produkt\/friesia-stammrose-90-100-cm\/","og_locale":"de_DE","og_type":"article","og_title":"Friesia, Stammrose 90-100 cm | Rosarium Lottum","og_description":"Mittelgro\u00dfe gef\u00fcllte Bl\u00fcten in Dolden in einer sch\u00f6nen zitronengelben Farbe und die Bl\u00fcten duften stark nach Zitrus Dunkelgr\u00fcn gl\u00e4nzende Bl\u00e4tter, [&hellip;]","og_url":"https:\/\/rosariumlottum.com\/de\/produkt\/friesia-stammrose-90-100-cm\/","og_site_name":"Rosarium Lottum","article_modified_time":"2022-01-31T10:08:05+00:00","og_image":[{"width":576,"height":768,"url":"https:\/\/rosariumlottum.com\/wp-content\/uploads\/2021\/10\/friesia_-stamroos-80-100-cm_627_1.jpg","type":"image\/jpeg"}],"twitter_card":"summary_large_image","schema":{"@context":"https:\/\/schema.org","@graph":[{"@type":["WebPage","ItemPage"],"@id":"https:\/\/rosariumlottum.com\/de\/produkt\/friesia-stammrose-90-100-cm\/","url":"https:\/\/rosariumlottum.com\/de\/produkt\/friesia-stammrose-90-100-cm\/","name":"Friesia, Stammrose 90-100 cm | Rosarium Lottum","isPartOf":{"@id":"https:\/\/rosariumlottum.com\/de\/#website"},"primaryImageOfPage":{"@id":"https:\/\/rosariumlottum.com\/de\/produkt\/friesia-stammrose-90-100-cm\/#primaryimage"},"image":{"@id":"https:\/\/rosariumlottum.com\/de\/produkt\/friesia-stammrose-90-100-cm\/#primaryimage"},"thumbnailUrl":"https:\/\/rosariumlottum.com\/wp-content\/uploads\/2021\/10\/friesia_-stamroos-80-100-cm_627_1.jpg","datePublished":"2022-01-27T08:18:41+00:00","dateModified":"2022-01-31T10:08:05+00:00","breadcrumb":{"@id":"https:\/\/rosariumlottum.com\/de\/produkt\/friesia-stammrose-90-100-cm\/#breadcrumb"},"inLanguage":"de","potentialAction":[{"@type":"ReadAction","target":["https:\/\/rosariumlottum.com\/de\/produkt\/friesia-stammrose-90-100-cm\/"]}]},{"@type":"ImageObject","inLanguage":"de","@id":"https:\/\/rosariumlottum.com\/de\/produkt\/friesia-stammrose-90-100-cm\/#primaryimage","url":"https:\/\/rosariumlottum.com\/wp-content\/uploads\/2021\/10\/friesia_-stamroos-80-100-cm_627_1.jpg","contentUrl":"https:\/\/rosariumlottum.com\/wp-content\/uploads\/2021\/10\/friesia_-stamroos-80-100-cm_627_1.jpg","width":576,"height":768},{"@type":"BreadcrumbList","@id":"https:\/\/rosariumlottum.com\/de\/produkt\/friesia-stammrose-90-100-cm\/#breadcrumb","itemListElement":[{"@type":"ListItem","position":1,"name":"Home","item":"https:\/\/rosariumlottum.com\/de\/"},{"@type":"ListItem","position":2,"name":"Webshop","item":"https:\/\/rosariumlottum.com\/de\/webshop\/"},{"@type":"ListItem","position":3,"name":"Friesia, Stammrose 90-100 cm"}]},{"@type":"WebSite","@id":"https:\/\/rosariumlottum.com\/de\/#website","url":"https:\/\/rosariumlottum.com\/de\/","name":"Rosarium Lottum","description":"Rosarium Luxury Roses","publisher":{"@id":"https:\/\/rosariumlottum.com\/de\/#organization"},"potentialAction":[{"@type":"SearchAction","target":{"@type":"EntryPoint","urlTemplate":"https:\/\/rosariumlottum.com\/de\/?s={search_term_string}"},"query-input":{"@type":"PropertyValueSpecification","valueRequired":true,"valueName":"search_term_string"}}],"inLanguage":"de"},{"@type":"Organization","@id":"https:\/\/rosariumlottum.com\/de\/#organization","name":"Rosarium Lottum","url":"https:\/\/rosariumlottum.com\/de\/","logo":{"@type":"ImageObject","inLanguage":"de","@id":"https:\/\/rosariumlottum.com\/de\/#\/schema\/logo\/image\/","url":"https:\/\/rosariumlottum.com\/wp-content\/uploads\/2021\/09\/rosairum.png","contentUrl":"https:\/\/rosariumlottum.com\/wp-content\/uploads\/2021\/09\/rosairum.png","width":378,"height":115,"caption":"Rosarium Lottum"},"image":{"@id":"https:\/\/rosariumlottum.com\/de\/#\/schema\/logo\/image\/"}}]}},"_links":{"self":[{"href":"https:\/\/rosariumlottum.com\/de\/wp-json\/wp\/v2\/product\/16312","targetHints":{"allow":["GET"]}}],"collection":[{"href":"https:\/\/rosariumlottum.com\/de\/wp-json\/wp\/v2\/product"}],"about":[{"href":"https:\/\/rosariumlottum.com\/de\/wp-json\/wp\/v2\/types\/product"}],"replies":[{"embeddable":true,"href":"https:\/\/rosariumlottum.com\/de\/wp-json\/wp\/v2\/comments?post=16312"}],"wp:featuredmedia":[{"embeddable":true,"href":"https:\/\/rosariumlottum.com\/de\/wp-json\/wp\/v2\/media\/4093"}],"wp:attachment":[{"href":"https:\/\/rosariumlottum.com\/de\/wp-json\/wp\/v2\/media?parent=16312"}],"wp:term":[{"taxonomy":"product_brand","embeddable":true,"href":"https:\/\/rosariumlottum.com\/de\/wp-json\/wp\/v2\/product_brand?post=16312"},{"taxonomy":"product_cat","embeddable":true,"href":"https:\/\/rosariumlottum.com\/de\/wp-json\/wp\/v2\/product_cat?post=16312"},{"taxonomy":"product_tag","embeddable":true,"href":"https:\/\/rosariumlottum.com\/de\/wp-json\/wp\/v2\/product_tag?post=16312"}],"curies":[{"name":"wp","href":"https:\/\/api.w.org\/{rel}","templated":true}]}}